{"id":1069,"date":"2021-12-14T23:17:58","date_gmt":"2021-12-14T23:17:58","guid":{"rendered":"https:\/\/moodle.localhost\/wp\/?page_id=1069"},"modified":"2024-05-16T17:25:34","modified_gmt":"2024-05-16T17:25:34","slug":"order-training","status":"publish","type":"page","link":"https:\/\/metcomtech.com\/es\/order\/order-training\/","title":{"rendered":"Solicite la formaci\u00f3n"},"content":{"rendered":"<div class=\"wp-block-columns alignwide are-vertically-aligned-top is-layout-flex wp-container-core-columns-is-layout-28f84493 wp-block-columns-is-layout-flex\">\n<div class=\"wp-block-column is-layout-flow wp-block-column-is-layout-flow\" style=\"flex-basis:61%\">\n<p>A trav\u00e9s de la capacitaci\u00f3n, Metcom ofrece un sistema completo para lograr una mejora medible del rendimiento del circuito de molienda.<\/p>\n\n\n\n<p>El <strong>sistema de gesti\u00f3n de procesos de molienda de Metcom<\/strong> utiliza herramientas de an\u00e1lisis pr\u00e1cticas como CSE, <strong>an\u00e1lisis de rendimiento funcional.<\/strong>, eficiencia del \u00edndice de trabajo y evaluaci\u00f3n de molienda (S) AG junto con todos los pasos necesarios para adquirir la informaci\u00f3n existente y requerida en la planta.<\/p>\n\n\n\n<p>Esta formaci\u00f3n capacita a los metal\u00fargicos con las habilidades para implementar cambios de par\u00e1metros y equipos espec\u00edficos en la operaci\u00f3n para obtener ganancias cuantificables de eficiencia y rendimiento.<\/p>\n\n\n\n<div style=\"height:37px\" aria-hidden=\"true\" class=\"wp-block-spacer\"><\/div>\n\n\n\n<div class=\"wp-block-columns is-layout-flex wp-container-core-columns-is-layout-28f84493 wp-block-columns-is-layout-flex\">\n<div class=\"wp-block-column is-layout-flow wp-block-column-is-layout-flow\">\n<div class=\"wp-block-buttons is-content-justification-left is-layout-flex wp-container-core-buttons-is-layout-fc4fd283 wp-block-buttons-is-layout-flex\">\n<div class=\"wp-block-button\"><a class=\"wp-block-button__link has-text-align-center wp-element-button\" href=\"https:\/\/metcomtech.com\/es\/order\/\">Solicitar formaci\u00f3n en l\u00ednea<\/a><\/div>\n<\/div>\n<\/div>\n\n\n\n<div class=\"wp-block-column is-layout-flow wp-block-column-is-layout-flow\">\n<div class=\"wp-block-buttons is-content-justification-left is-layout-flex wp-container-core-buttons-is-layout-fc4fd283 wp-block-buttons-is-layout-flex\">\n<div class=\"wp-block-button\"><a class=\"wp-block-button__link wp-element-button\" href=\"https:\/\/metcomtech.com\/es\/request-training-quotation\/\">Solicitar cotizaci\u00f3n de formaci\u00f3n<\/a><\/div>\n<\/div>\n<\/div>\n\n\n\n<div class=\"wp-block-column has-global-padding is-layout-constrained wp-container-core-column-is-layout-fa1e05c5 wp-block-column-is-layout-constrained\"><\/div>\n<\/div>\n<\/div>\n\n\n\n<div class=\"wp-block-column is-layout-flow wp-block-column-is-layout-flow\" style=\"flex-basis:39%\">\n<figure class=\"wp-block-image alignright has-custom-border\"><img loading=\"lazy\" decoding=\"async\" width=\"999\" height=\"719\" src=\"https:\/\/metcomtech.com\/wp-content\/uploads\/2021\/12\/2Engineers.jpg\" alt=\"\" class=\"has-border-color wp-image-1092\" style=\"border-color:#34a123;border-width:3px;border-radius:64px\" srcset=\"https:\/\/metcomtech.com\/wp-content\/uploads\/2021\/12\/2Engineers.jpg 999w, https:\/\/metcomtech.com\/wp-content\/uploads\/2021\/12\/2Engineers-300x216.jpg 300w, https:\/\/metcomtech.com\/wp-content\/uploads\/2021\/12\/2Engineers-200x144.jpg 200w\" sizes=\"auto, (max-width: 999px) 100vw, 999px\" \/><\/figure>\n<\/div>\n<\/div>\n\n\n\n<p><strong>\u00bfPreguntas sobre la formaci\u00f3n Metcom?<\/strong><br>Env\u00edenos un mensaje con sus preguntas y alguien del equipo de Metcom le responder\u00e1 en breve.<\/p>\n\n\n\n<div class=\"wp-block-buttons is-layout-flex wp-block-buttons-is-layout-flex\">\n<div class=\"wp-block-button\"><a class=\"wp-block-button__link wp-element-button\" href=\"https:\/\/metcomtech.com\/es\/contact\/\">Cont\u00e1ctenos<\/a><\/div>\n<\/div>\n\n\n\n<div style=\"height:15px\" aria-hidden=\"true\" class=\"wp-block-spacer\"><\/div>","protected":false},"excerpt":{"rendered":"<p>Through training, Metcom delivers a complete system for achieving measurable grinding circuit performance improvement. The Metcom Grinding Process Management System uses practical analysis tools such as CSE, Functional Performance Analysis, Work Index Efficiency, and evaluation of (S)AG grinding along with all the necessary steps to acquire the existing and required information at the plant. This [&hellip;]<\/p>\n","protected":false},"author":1,"featured_media":0,"parent":936,"menu_order":0,"comment_status":"closed","ping_status":"closed","template":"wp-custom-template-a1-main-template","meta":{"footnotes":""},"class_list":["post-1069","page","type-page","status-publish","hentry"],"_links":{"self":[{"href":"https:\/\/metcomtech.com\/es\/wp-json\/wp\/v2\/pages\/1069","targetHints":{"allow":["GET"]}}],"collection":[{"href":"https:\/\/metcomtech.com\/es\/wp-json\/wp\/v2\/pages"}],"about":[{"href":"https:\/\/metcomtech.com\/es\/wp-json\/wp\/v2\/types\/page"}],"author":[{"embeddable":true,"href":"https:\/\/metcomtech.com\/es\/wp-json\/wp\/v2\/users\/1"}],"replies":[{"embeddable":true,"href":"https:\/\/metcomtech.com\/es\/wp-json\/wp\/v2\/comments?post=1069"}],"version-history":[{"count":29,"href":"https:\/\/metcomtech.com\/es\/wp-json\/wp\/v2\/pages\/1069\/revisions"}],"predecessor-version":[{"id":3064,"href":"https:\/\/metcomtech.com\/es\/wp-json\/wp\/v2\/pages\/1069\/revisions\/3064"}],"up":[{"embeddable":true,"href":"https:\/\/metcomtech.com\/es\/wp-json\/wp\/v2\/pages\/936"}],"wp:attachment":[{"href":"https:\/\/metcomtech.com\/es\/wp-json\/wp\/v2\/media?parent=1069"}],"curies":[{"name":"gracias","href":"https:\/\/api.w.org\/{rel}","templated":true}]}}