{"id":1132,"date":"2021-12-20T13:32:11","date_gmt":"2021-12-20T13:32:11","guid":{"rendered":"http:\/\/localhost\/moodle\/wp\/?page_id=1132"},"modified":"2024-05-15T04:05:00","modified_gmt":"2024-05-15T04:05:00","slug":"cse","status":"publish","type":"page","link":"https:\/\/metcomtech.com\/es\/cse\/","title":{"rendered":"CSE"},"content":{"rendered":"<p>La eficiencia del sistema de clasificaci\u00f3n (CSE) es una poderosa herramienta emergente que se puede utilizar para aumentar la eficiencia del circuito de molienda. Un indicador clave de rendimiento, se puede definir como el porcentaje de la energ\u00eda del molino de bolas que se utiliza para moler part\u00edculas objetivo de gran tama\u00f1o.<\/p>\n\n\n\n<p>Metcom ahora ofrece un programa de capacitaci\u00f3n CSE. Est\u00e1 dise\u00f1ado para ayudarlo a implementar esta valiosa m\u00e9trica en las operaciones de molienda de su planta. La formaci\u00f3n se realiza a su propio ritmo y se imparte en l\u00ednea. El tiempo medio de formaci\u00f3n de este paquete es de 20 horas. Esto incluye pruebas de certificaci\u00f3n y los participantes reciben 2.0 Unidades de Educaci\u00f3n Continua (CEU) del Instituto de Ingenier\u00eda de Canad\u00e1.<\/p>\n\n\n\n<p>El paquete de formaci\u00f3n incluye registro y acceso a nuestro sistema de capacitaci\u00f3n en l\u00ednea, M\u00f3dulo 5-Rendimiento funcional de molienda de bolas, M\u00f3dulo 7-Rendimiento de hidrocicl\u00f3n, M\u00f3dulo 8-Ajustes de hidrocicl\u00f3n, M\u00f3dulo 9-Bombeo de pulpa y M\u00f3dulo 18-Evaluaci\u00f3n de clasificaci\u00f3n de circuito.<\/p>\n\n\n\n<p>Este v\u00eddeo se titula: <strong>Mejoras en el rendimiento de la planta utilizando la eficiencia del sistema de clasificaci\u00f3n (CSE)   - Ingl\u00e9s:  Plant Performance Improvements Using Classification System Efficiency (CSE)<\/strong>Fue presentado en la Conferencia SME 2012 en Seattle, WA por Robert E. McIvor de Metcom.<\/p>\n\n\n\n<figure class=\"wp-block-embed is-type-video is-provider-youtube wp-block-embed-youtube wp-embed-aspect-4-3 wp-has-aspect-ratio\"><div class=\"wp-block-embed__wrapper\">\n<iframe loading=\"lazy\" title=\"Mejoras en el rendimiento de la planta mediante la eficiencia del sistema de clasificaci\u00f3n (CSE)\" width=\"500\" height=\"375\" src=\"https:\/\/www.youtube.com\/embed\/NmAoVMCZ5d8?feature=oembed\" frameborder=\"0\" allow=\"accelerometer; autoplay; clipboard-write; encrypted-media; gyroscope; picture-in-picture; web-share\" referrerpolicy=\"strict-origin-when-cross-origin\" allowfullscreen><\/iframe>\n<\/div><\/figure>\n\n\n\n<p>CSE tambi\u00e9n apareci\u00f3 en la edici\u00f3n de septiembre de 2014 de la revista Mining Engineering.<br><\/p>\n\n\n\n<p><strong><a href=\"https:\/\/metcomtech.com\/moodle\/wp\/wp-content\/uploads\/2021\/12\/CSE-MiningEngineeringMag.pdf\" data-type=\"URL\" data-id=\"https:\/\/metcomtech.com\/moodle\/wp\/wp-content\/uploads\/2021\/12\/CSE-MiningEngineeringMag.pdf\" target=\"_blank\" rel=\"noreferrer noopener\">Haga clic aqu\u00ed para leer el documento t\u00e9cnico - Ingl\u00e9s<\/a><\/strong><\/p>","protected":false},"excerpt":{"rendered":"<p>Classification System Efficiency (CSE) is a powerful, emerging tool that can be used to increase grinding circuit efficiency. A key performance indicator, it can be defined as the percentage of the ball mill energy being used to grind target, oversize particles. Metcom is now offering a CSE Training Program. It is designed to help you [&hellip;]<\/p>\n","protected":false},"author":1,"featured_media":0,"parent":0,"menu_order":0,"comment_status":"closed","ping_status":"closed","template":"wp-custom-template-a1-main-template","meta":{"footnotes":""},"class_list":["post-1132","page","type-page","status-publish","hentry"],"_links":{"self":[{"href":"https:\/\/metcomtech.com\/es\/wp-json\/wp\/v2\/pages\/1132","targetHints":{"allow":["GET"]}}],"collection":[{"href":"https:\/\/metcomtech.com\/es\/wp-json\/wp\/v2\/pages"}],"about":[{"href":"https:\/\/metcomtech.com\/es\/wp-json\/wp\/v2\/types\/page"}],"author":[{"embeddable":true,"href":"https:\/\/metcomtech.com\/es\/wp-json\/wp\/v2\/users\/1"}],"replies":[{"embeddable":true,"href":"https:\/\/metcomtech.com\/es\/wp-json\/wp\/v2\/comments?post=1132"}],"version-history":[{"count":6,"href":"https:\/\/metcomtech.com\/es\/wp-json\/wp\/v2\/pages\/1132\/revisions"}],"predecessor-version":[{"id":1437,"href":"https:\/\/metcomtech.com\/es\/wp-json\/wp\/v2\/pages\/1132\/revisions\/1437"}],"wp:attachment":[{"href":"https:\/\/metcomtech.com\/es\/wp-json\/wp\/v2\/media?parent=1132"}],"curies":[{"name":"gracias","href":"https:\/\/api.w.org\/{rel}","templated":true}]}}