{"id":1138,"date":"2021-12-20T13:49:09","date_gmt":"2021-12-20T13:49:09","guid":{"rendered":"http:\/\/localhost\/moodle\/wp\/?p=1138"},"modified":"2024-05-15T04:15:43","modified_gmt":"2024-05-15T04:15:43","slug":"grinding-circuit-support","status":"publish","type":"page","link":"https:\/\/metcomtech.com\/es\/grinding-circuit-support\/","title":{"rendered":"Proyectos de mejora del proceso de molienda"},"content":{"rendered":"<p>Metcom utiliza un proceso estructurado y sistem\u00e1tico para evaluar y mejorar el rendimiento del circuito de molienda industrial. Este proceso es un esfuerzo conjunto, ejecutado por el equipo del proyecto compuesto por especialistas de Metcom y personal metal\u00fargico de la planta.<\/p>\n\n\n\n<p>El sistema de Metcom se centra en tres \u00e1reas superpuestas:<\/p>\n\n\n<ol>\n<li><strong>dise\u00f1o de procesos,<\/strong><\/li>\n<li><strong>control de procesos y<\/strong><\/li>\n<li><strong>mediciones e informaci\u00f3n.<\/strong><\/li>\n<\/ol>\n\n\n<p>Un proyecto de mejora del proceso de molienda se lleva a cabo en las siguientes fases:<\/p>\n\n\n\n<ol class=\"wp-block-list\"><li><strong>Visita inicial al sitio<\/strong><\/li><li><strong>Encuesta de circuito<\/strong><\/li><li><strong>Benchmarking e Identificaci\u00f3n de Oportunidades de Mejora<\/strong><\/li><li><strong>Implementaci\u00f3n de cambios recomendados<\/strong><\/li><li><strong>Verificaci\u00f3n de mejoras<\/strong><\/li><\/ol>\n\n\n\n<p>La Visita Inicial al Sitio es el punto de partida del proyecto y su prop\u00f3sito es triple: preparar el equipo, preparar la planta y recopilar informaci\u00f3n. Metcom ha desarrollado una lista de verificaci\u00f3n detallada que impulsa las actividades de la visita inicial al sitio, que generalmente demora de tres a cinco d\u00edas en el sitio.<br><br>Ejemplos de actividades de preparaci\u00f3n de equipos incluyen:<\/p>\n\n\n\n<ul class=\"wp-block-list\"><li>Presentaciones en seminarios y debates sobre los m\u00e9todos Metcom.<\/li><li>Visita e inspecci\u00f3n del sitio.<\/li><li>Planificaci\u00f3n de encuestas<\/li><li>Identificaci\u00f3n de necesidades de formaci\u00f3n<\/li><li>Ejemplos de preparaciones de plantas incluyen:<\/li><li>Revisi\u00f3n de instrumentaci\u00f3n y calibraciones de planta.<\/li><li>Revisi\u00f3n de puntos de muestra e identificaci\u00f3n de modificaciones necesarias.<\/li><li>Dise\u00f1o y fabricaci\u00f3n de cortadores de muestras.<\/li><li>Desarrollo de procedimientos de laboratorio.<\/li><li>Ejemplos de informaci\u00f3n a recopilar:<\/li><li>Diagramas de flujo<\/li><li>Fichas t\u00e9cnicas detalladas del equipo<\/li><li>Costos de energ\u00eda el\u00e9ctrica y medios.<\/li><li>Rendimiento y datos hist\u00f3ricos del circuito.<\/li><\/ul>\n\n\n\n<p>Al final de la visita inicial al sitio, el equipo habr\u00e1 generado un plan de proyecto con elementos de acci\u00f3n que deben completarse antes de la ejecuci\u00f3n del paso 2, el estudio del circuito. Como beneficio adicional, la visita inicial al sitio a menudo identifica \u201cganancias r\u00e1pidas\u201d que pueden explotarse de inmediato.<\/p>","protected":false},"excerpt":{"rendered":"<p>Metcom uses a structured, systematic process to evaluate and improve industrial grinding circuit performance. This process is a joint effort, executed by the project team which consists of Metcom specialists and plant metallurgical staff. Metcom\u2019s system focuses on three overlapping areas: process design, process control, and measurements &amp; information. A grinding process improvement project is [&hellip;]<\/p>\n","protected":false},"author":1,"featured_media":0,"parent":0,"menu_order":0,"comment_status":"closed","ping_status":"closed","template":"wp-custom-template-a1-main-template","meta":{"footnotes":""},"class_list":["post-1138","page","type-page","status-publish","hentry"],"_links":{"self":[{"href":"https:\/\/metcomtech.com\/es\/wp-json\/wp\/v2\/pages\/1138","targetHints":{"allow":["GET"]}}],"collection":[{"href":"https:\/\/metcomtech.com\/es\/wp-json\/wp\/v2\/pages"}],"about":[{"href":"https:\/\/metcomtech.com\/es\/wp-json\/wp\/v2\/types\/page"}],"author":[{"embeddable":true,"href":"https:\/\/metcomtech.com\/es\/wp-json\/wp\/v2\/users\/1"}],"replies":[{"embeddable":true,"href":"https:\/\/metcomtech.com\/es\/wp-json\/wp\/v2\/comments?post=1138"}],"version-history":[{"count":4,"href":"https:\/\/metcomtech.com\/es\/wp-json\/wp\/v2\/pages\/1138\/revisions"}],"predecessor-version":[{"id":1142,"href":"https:\/\/metcomtech.com\/es\/wp-json\/wp\/v2\/pages\/1138\/revisions\/1142"}],"wp:attachment":[{"href":"https:\/\/metcomtech.com\/es\/wp-json\/wp\/v2\/media?parent=1138"}],"curies":[{"name":"gracias","href":"https:\/\/api.w.org\/{rel}","templated":true}]}}