{"id":1168,"date":"2021-12-20T20:32:17","date_gmt":"2021-12-20T20:32:17","guid":{"rendered":"http:\/\/localhost\/moodle\/wp\/?page_id=1168"},"modified":"2025-10-14T13:21:05","modified_gmt":"2025-10-14T13:21:05","slug":"metcom-training-partners","status":"publish","type":"page","link":"https:\/\/metcomtech.com\/es\/metcom-training-partners\/","title":{"rendered":"Socios de formaci\u00f3n de Metcom"},"content":{"rendered":"<p>M\u00e1s de 1500 metal\u00fargicos y t\u00e9cnicos de todo el mundo han mejorado su comprensi\u00f3n de los sistemas de molienda de minerales a trav\u00e9s de Metcom Training.<\/p>\n\n\n\n<p>A continuaci\u00f3n se muestra una lista de algunas de las empresas mineras y proveedores de equipos que se han beneficiado de nuestra formaci\u00f3n. Con esta herramienta, las operaciones pueden implementar el <strong>Sistema Metcom<\/strong> y lograr mejoras significativas en el rendimiento.<\/p>\n\n\n\n<div class=\"wp-block-columns is-layout-flex wp-container-core-columns-is-layout-28f84493 wp-block-columns-is-layout-flex\">\n<div class=\"wp-block-column is-layout-flow wp-block-column-is-layout-flow\" style=\"flex-basis:100%\">\n<p>Los socios de capacitaci\u00f3n de Metcom son elegibles para descuentos para &quot;suscriptores principales&quot; y &quot;multiusuarios&quot;, as\u00ed como para otras herramientas de soporte de capacitaci\u00f3n. <a href=\"https:\/\/metcomtech.com\/es\/contact\/\" data-type=\"page\" data-id=\"19\">Cont\u00e1ctenos<\/a> hoy para saber c\u00f3mo su empresa puede convertirse en socio de Metcom Training.<\/p>\n\n\n\n<p><\/p>\n<\/div>\n<\/div>\n\n\n\n<div class=\"wp-block-columns are-vertically-aligned-center has-white-background-color has-background is-layout-flex wp-container-core-columns-is-layout-28f84493 wp-block-columns-is-layout-flex\">\n<div class=\"wp-block-column is-vertically-aligned-center is-layout-flow wp-block-column-is-layout-flow\">\n<figure class=\"wp-block-image aligncenter size-full is-resized\"><img loading=\"lazy\" decoding=\"async\" width=\"186\" height=\"57\" src=\"https:\/\/metcomtech.com\/moodle\/wp\/wp-content\/uploads\/2021\/12\/Kinross_logo.png\" alt=\"Kinross\" class=\"wp-image-1180\" style=\"width:140px;height:43px\" srcset=\"https:\/\/metcomtech.com\/wp-content\/uploads\/2021\/12\/Kinross_logo.png 186w, https:\/\/metcomtech.com\/wp-content\/uploads\/2021\/12\/Kinross_logo-18x6.png 18w\" sizes=\"auto, (max-width: 186px) 100vw, 186px\" \/><\/figure>\n<\/div>\n\n\n\n<div class=\"wp-block-column is-vertically-aligned-center is-layout-flow wp-block-column-is-layout-flow\">\n<figure class=\"wp-block-image aligncenter size-full is-resized\"><img loading=\"lazy\" decoding=\"async\" width=\"409\" height=\"198\" src=\"https:\/\/metcomtech.com\/wp-content\/uploads\/2025\/10\/AE.logo_.jpg\" alt=\"\" class=\"wp-image-3597\" style=\"aspect-ratio:1.2605042016806722;width:142px;height:auto\" srcset=\"https:\/\/metcomtech.com\/wp-content\/uploads\/2025\/10\/AE.logo_.jpg 409w, https:\/\/metcomtech.com\/wp-content\/uploads\/2025\/10\/AE.logo_-300x145.jpg 300w, https:\/\/metcomtech.com\/wp-content\/uploads\/2025\/10\/AE.logo_-18x9.jpg 18w, https:\/\/metcomtech.com\/wp-content\/uploads\/2025\/10\/AE.logo_-200x97.jpg 200w\" sizes=\"auto, (max-width: 409px) 100vw, 409px\" \/><\/figure>\n<\/div>\n\n\n\n<div class=\"wp-block-column is-vertically-aligned-center is-layout-flow wp-block-column-is-layout-flow\">\n<figure class=\"wp-block-image size-full is-resized\"><img loading=\"lazy\" decoding=\"async\" width=\"150\" height=\"150\" src=\"https:\/\/metcomtech.com\/moodle\/wp\/wp-content\/uploads\/2021\/12\/RioTinto.jpg\" alt=\"\" class=\"wp-image-492\" style=\"width:150px;height:150px\" srcset=\"https:\/\/metcomtech.com\/wp-content\/uploads\/2021\/12\/RioTinto.jpg 150w, https:\/\/metcomtech.com\/wp-content\/uploads\/2021\/12\/RioTinto-100x100.jpg 100w\" sizes=\"auto, (max-width: 150px) 100vw, 150px\" \/><\/figure>\n<\/div>\n\n\n\n<div class=\"wp-block-column is-vertically-aligned-center is-layout-flow wp-block-column-is-layout-flow\">\n<figure class=\"wp-block-image size-full\"><img loading=\"lazy\" decoding=\"async\" width=\"150\" height=\"150\" src=\"https:\/\/metcomtech.com\/moodle\/wp\/wp-content\/uploads\/2021\/12\/Newmont.jpg\" alt=\"\" class=\"wp-image-479\" srcset=\"https:\/\/metcomtech.com\/wp-content\/uploads\/2021\/12\/Newmont.jpg 150w, https:\/\/metcomtech.com\/wp-content\/uploads\/2021\/12\/Newmont-100x100.jpg 100w\" sizes=\"auto, (max-width: 150px) 100vw, 150px\" \/><\/figure>\n<\/div>\n\n\n\n<div class=\"wp-block-column is-vertically-aligned-center is-layout-flow wp-block-column-is-layout-flow\">\n<figure class=\"wp-block-image size-full is-resized\"><img loading=\"lazy\" decoding=\"async\" width=\"235\" height=\"197\" src=\"https:\/\/metcomtech.com\/moodle\/wp\/wp-content\/uploads\/2021\/12\/fmi.png\" alt=\"\" class=\"wp-image-464\" style=\"width:150px;height:148px\" srcset=\"https:\/\/metcomtech.com\/wp-content\/uploads\/2021\/12\/fmi.png 235w, https:\/\/metcomtech.com\/wp-content\/uploads\/2021\/12\/fmi-200x168.png 200w, https:\/\/metcomtech.com\/wp-content\/uploads\/2021\/12\/fmi-193x162.png 193w\" sizes=\"auto, (max-width: 235px) 100vw, 235px\" \/><\/figure>\n<\/div>\n\n\n\n<div class=\"wp-block-column is-layout-flow wp-block-column-is-layout-flow\">\n<figure class=\"wp-block-image size-full\"><img loading=\"lazy\" decoding=\"async\" width=\"150\" height=\"150\" src=\"https:\/\/metcomtech.com\/moodle\/wp\/wp-content\/uploads\/2021\/12\/TK.jpg\" alt=\"\" class=\"wp-image-490\" srcset=\"https:\/\/metcomtech.com\/wp-content\/uploads\/2021\/12\/TK.jpg 150w, https:\/\/metcomtech.com\/wp-content\/uploads\/2021\/12\/TK-100x100.jpg 100w\" sizes=\"auto, (max-width: 150px) 100vw, 150px\" \/><\/figure>\n<\/div>\n<\/div>\n\n\n\n<div class=\"wp-block-columns are-vertically-aligned-center has-white-background-color has-background is-layout-flex wp-container-core-columns-is-layout-28f84493 wp-block-columns-is-layout-flex\">\n<div class=\"wp-block-column is-vertically-aligned-center is-layout-flow wp-block-column-is-layout-flow\">\n<figure class=\"wp-block-image size-full\"><img loading=\"lazy\" decoding=\"async\" width=\"150\" height=\"150\" src=\"https:\/\/metcomtech.com\/moodle\/wp\/wp-content\/uploads\/2021\/12\/Weir.jpg\" alt=\"\" class=\"wp-image-496\" srcset=\"https:\/\/metcomtech.com\/wp-content\/uploads\/2021\/12\/Weir.jpg 150w, https:\/\/metcomtech.com\/wp-content\/uploads\/2021\/12\/Weir-100x100.jpg 100w\" sizes=\"auto, (max-width: 150px) 100vw, 150px\" \/><\/figure>\n<\/div>\n\n\n\n<div class=\"wp-block-column is-vertically-aligned-center is-layout-flow wp-block-column-is-layout-flow\">\n<figure class=\"wp-block-image size-full\"><img loading=\"lazy\" decoding=\"async\" width=\"150\" height=\"150\" src=\"https:\/\/metcomtech.com\/moodle\/wp\/wp-content\/uploads\/2021\/12\/IamGold.jpg\" alt=\"\" class=\"wp-image-485\" srcset=\"https:\/\/metcomtech.com\/wp-content\/uploads\/2021\/12\/IamGold.jpg 150w, https:\/\/metcomtech.com\/wp-content\/uploads\/2021\/12\/IamGold-100x100.jpg 100w\" sizes=\"auto, (max-width: 150px) 100vw, 150px\" \/><\/figure>\n<\/div>\n\n\n\n<div class=\"wp-block-column is-vertically-aligned-center is-layout-flow wp-block-column-is-layout-flow\">\n<figure class=\"wp-block-image size-full\"><img loading=\"lazy\" decoding=\"async\" width=\"150\" height=\"150\" src=\"https:\/\/metcomtech.com\/moodle\/wp\/wp-content\/uploads\/2021\/12\/Vale.jpg\" alt=\"\" class=\"wp-image-498\" srcset=\"https:\/\/metcomtech.com\/wp-content\/uploads\/2021\/12\/Vale.jpg 150w, https:\/\/metcomtech.com\/wp-content\/uploads\/2021\/12\/Vale-100x100.jpg 100w\" sizes=\"auto, (max-width: 150px) 100vw, 150px\" \/><\/figure>\n<\/div>\n\n\n\n<div class=\"wp-block-column is-vertically-aligned-center is-layout-flow wp-block-column-is-layout-flow\">\n<figure class=\"wp-block-image size-full\"><img loading=\"lazy\" decoding=\"async\" width=\"150\" height=\"150\" src=\"https:\/\/metcomtech.com\/moodle\/wp\/wp-content\/uploads\/2021\/12\/B2Gold.jpg\" alt=\"\" class=\"wp-image-483\" srcset=\"https:\/\/metcomtech.com\/wp-content\/uploads\/2021\/12\/B2Gold.jpg 150w, https:\/\/metcomtech.com\/wp-content\/uploads\/2021\/12\/B2Gold-100x100.jpg 100w\" sizes=\"auto, (max-width: 150px) 100vw, 150px\" \/><\/figure>\n<\/div>\n\n\n\n<div class=\"wp-block-column is-vertically-aligned-center is-layout-flow wp-block-column-is-layout-flow\">\n<figure class=\"wp-block-image size-full\"><img loading=\"lazy\" decoding=\"async\" width=\"150\" height=\"150\" src=\"https:\/\/metcomtech.com\/moodle\/wp\/wp-content\/uploads\/2021\/12\/Cliffs.jpg\" alt=\"\" class=\"wp-image-476\" srcset=\"https:\/\/metcomtech.com\/wp-content\/uploads\/2021\/12\/Cliffs.jpg 150w, https:\/\/metcomtech.com\/wp-content\/uploads\/2021\/12\/Cliffs-100x100.jpg 100w\" sizes=\"auto, (max-width: 150px) 100vw, 150px\" \/><\/figure>\n<\/div>\n\n\n\n<div class=\"wp-block-column is-layout-flow wp-block-column-is-layout-flow\">\n<figure class=\"wp-block-image size-full\"><img loading=\"lazy\" decoding=\"async\" width=\"150\" height=\"150\" src=\"https:\/\/metcomtech.com\/moodle\/wp\/wp-content\/uploads\/2021\/12\/ME.jpg\" alt=\"\" class=\"wp-image-475\" srcset=\"https:\/\/metcomtech.com\/wp-content\/uploads\/2021\/12\/ME.jpg 150w, https:\/\/metcomtech.com\/wp-content\/uploads\/2021\/12\/ME-100x100.jpg 100w\" sizes=\"auto, (max-width: 150px) 100vw, 150px\" \/><\/figure>\n<\/div>\n<\/div>\n\n\n\n<div class=\"wp-block-columns has-white-background-color has-background is-layout-flex wp-container-core-columns-is-layout-28f84493 wp-block-columns-is-layout-flex\">\n<div class=\"wp-block-column is-vertically-aligned-center is-layout-flow wp-block-column-is-layout-flow\">\n<figure class=\"wp-block-image size-full\"><img loading=\"lazy\" decoding=\"async\" width=\"150\" height=\"150\" src=\"https:\/\/metcomtech.com\/moodle\/wp\/wp-content\/uploads\/2021\/12\/Goldcorp.jpg\" alt=\"\" class=\"wp-image-488\" srcset=\"https:\/\/metcomtech.com\/wp-content\/uploads\/2021\/12\/Goldcorp.jpg 150w, https:\/\/metcomtech.com\/wp-content\/uploads\/2021\/12\/Goldcorp-100x100.jpg 100w\" sizes=\"auto, (max-width: 150px) 100vw, 150px\" \/><\/figure>\n<\/div>\n\n\n\n<div class=\"wp-block-column is-vertically-aligned-center is-layout-flow wp-block-column-is-layout-flow\">\n<figure class=\"wp-block-image size-full\"><img loading=\"lazy\" decoding=\"async\" width=\"150\" height=\"150\" src=\"https:\/\/metcomtech.com\/moodle\/wp\/wp-content\/uploads\/2021\/12\/OT.jpg\" alt=\"\" class=\"wp-image-481\" srcset=\"https:\/\/metcomtech.com\/wp-content\/uploads\/2021\/12\/OT.jpg 150w, https:\/\/metcomtech.com\/wp-content\/uploads\/2021\/12\/OT-100x100.jpg 100w\" sizes=\"auto, (max-width: 150px) 100vw, 150px\" \/><\/figure>\n<\/div>\n\n\n\n<div class=\"wp-block-column is-vertically-aligned-center is-layout-flow wp-block-column-is-layout-flow\">\n<figure class=\"wp-block-image size-full is-resized\"><img loading=\"lazy\" decoding=\"async\" width=\"225\" height=\"225\" src=\"https:\/\/metcomtech.com\/moodle\/wp\/wp-content\/uploads\/2021\/12\/AM.jpg\" alt=\"\" class=\"wp-image-452\" style=\"width:113px;height:113px\" srcset=\"https:\/\/metcomtech.com\/wp-content\/uploads\/2021\/12\/AM.jpg 225w, https:\/\/metcomtech.com\/wp-content\/uploads\/2021\/12\/AM-100x100.jpg 100w, https:\/\/metcomtech.com\/wp-content\/uploads\/2021\/12\/AM-200x200.jpg 200w, https:\/\/metcomtech.com\/wp-content\/uploads\/2021\/12\/AM-150x150.jpg 150w, https:\/\/metcomtech.com\/wp-content\/uploads\/2021\/12\/AM-162x162.jpg 162w\" sizes=\"auto, (max-width: 225px) 100vw, 225px\" \/><\/figure>\n<\/div>\n\n\n\n<div class=\"wp-block-column is-vertically-aligned-center is-layout-flow wp-block-column-is-layout-flow\">\n<figure class=\"wp-block-image size-full\"><img loading=\"lazy\" decoding=\"async\" width=\"150\" height=\"150\" src=\"https:\/\/metcomtech.com\/moodle\/wp\/wp-content\/uploads\/2021\/12\/Penoles.jpg\" alt=\"\" class=\"wp-image-500\" srcset=\"https:\/\/metcomtech.com\/wp-content\/uploads\/2021\/12\/Penoles.jpg 150w, https:\/\/metcomtech.com\/wp-content\/uploads\/2021\/12\/Penoles-100x100.jpg 100w\" sizes=\"auto, (max-width: 150px) 100vw, 150px\" \/><\/figure>\n<\/div>\n\n\n\n<div class=\"wp-block-column is-vertically-aligned-center is-layout-flow wp-block-column-is-layout-flow\">\n<figure class=\"wp-block-image size-full\"><img loading=\"lazy\" decoding=\"async\" width=\"99\" height=\"82\" src=\"https:\/\/metcomtech.com\/moodle\/wp\/wp-content\/uploads\/2021\/12\/xstrata_logo1.gif\" alt=\"\" class=\"wp-image-1189\" srcset=\"https:\/\/metcomtech.com\/wp-content\/uploads\/2021\/12\/xstrata_logo1.gif 99w, https:\/\/metcomtech.com\/wp-content\/uploads\/2021\/12\/xstrata_logo1-14x12.gif 14w\" sizes=\"auto, (max-width: 99px) 100vw, 99px\" \/><\/figure>\n<\/div>\n\n\n\n<div class=\"wp-block-column is-vertically-aligned-center is-layout-flow wp-block-column-is-layout-flow\">\n<figure class=\"wp-block-image aligncenter size-full is-resized\"><img loading=\"lazy\" decoding=\"async\" width=\"300\" height=\"146\" src=\"https:\/\/metcomtech.com\/wp-content\/uploads\/2024\/04\/Barrick_Gold-logo.png\" alt=\"Barrick\" class=\"wp-image-2447\" style=\"width:152px;height:auto\" srcset=\"https:\/\/metcomtech.com\/wp-content\/uploads\/2024\/04\/Barrick_Gold-logo.png 300w, https:\/\/metcomtech.com\/wp-content\/uploads\/2024\/04\/Barrick_Gold-logo-200x97.png 200w\" sizes=\"auto, (max-width: 300px) 100vw, 300px\" \/><\/figure>\n<\/div>\n<\/div>\n\n\n\n<div class=\"wp-block-columns has-white-background-color has-background is-layout-flex wp-container-core-columns-is-layout-28f84493 wp-block-columns-is-layout-flex\">\n<div class=\"wp-block-column is-vertically-aligned-center is-layout-flow wp-block-column-is-layout-flow\">\n<figure class=\"wp-block-image size-full\"><img loading=\"lazy\" decoding=\"async\" width=\"150\" height=\"150\" src=\"https:\/\/metcomtech.com\/moodle\/wp\/wp-content\/uploads\/2021\/12\/KSB.jpg\" alt=\"\" class=\"wp-image-1198\" srcset=\"https:\/\/metcomtech.com\/wp-content\/uploads\/2021\/12\/KSB.jpg 150w, https:\/\/metcomtech.com\/wp-content\/uploads\/2021\/12\/KSB-100x100.jpg 100w, https:\/\/metcomtech.com\/wp-content\/uploads\/2021\/12\/KSB-12x12.jpg 12w\" sizes=\"auto, (max-width: 150px) 100vw, 150px\" \/><\/figure>\n<\/div>\n\n\n\n<div class=\"wp-block-column is-vertically-aligned-center is-layout-flow wp-block-column-is-layout-flow\">\n<figure class=\"wp-block-image size-full\"><img loading=\"lazy\" decoding=\"async\" width=\"211\" height=\"76\" src=\"https:\/\/metcomtech.com\/moodle\/wp\/wp-content\/uploads\/2021\/12\/Logo211x76.png\" alt=\"\" class=\"wp-image-1199\" srcset=\"https:\/\/metcomtech.com\/wp-content\/uploads\/2021\/12\/Logo211x76.png 211w, https:\/\/metcomtech.com\/wp-content\/uploads\/2021\/12\/Logo211x76-200x72.png 200w, https:\/\/metcomtech.com\/wp-content\/uploads\/2021\/12\/Logo211x76-18x6.png 18w\" sizes=\"auto, (max-width: 211px) 100vw, 211px\" \/><\/figure>\n<\/div>\n\n\n\n<div class=\"wp-block-column is-vertically-aligned-center is-layout-flow wp-block-column-is-layout-flow\">\n<figure class=\"wp-block-image size-full is-resized\"><img loading=\"lazy\" decoding=\"async\" width=\"330\" height=\"224\" src=\"https:\/\/metcomtech.com\/wp-content\/uploads\/2024\/04\/Goldfields.jpg\" alt=\"\" class=\"wp-image-2451\" style=\"width:166px;height:auto\" srcset=\"https:\/\/metcomtech.com\/wp-content\/uploads\/2024\/04\/Goldfields.jpg 330w, https:\/\/metcomtech.com\/wp-content\/uploads\/2024\/04\/Goldfields-300x204.jpg 300w, https:\/\/metcomtech.com\/wp-content\/uploads\/2024\/04\/Goldfields-200x136.jpg 200w\" sizes=\"auto, (max-width: 330px) 100vw, 330px\" \/><\/figure>\n<\/div>\n\n\n\n<div class=\"wp-block-column is-vertically-aligned-center is-layout-flow wp-block-column-is-layout-flow\">\n<figure class=\"wp-block-image size-full is-resized\"><img loading=\"lazy\" decoding=\"async\" width=\"442\" height=\"111\" src=\"https:\/\/metcomtech.com\/wp-content\/uploads\/2024\/04\/Orezonelogo.png\" alt=\"\" class=\"wp-image-2453\" style=\"width:191px;height:auto\" srcset=\"https:\/\/metcomtech.com\/wp-content\/uploads\/2024\/04\/Orezonelogo.png 442w, https:\/\/metcomtech.com\/wp-content\/uploads\/2024\/04\/Orezonelogo-300x75.png 300w, https:\/\/metcomtech.com\/wp-content\/uploads\/2024\/04\/Orezonelogo-200x50.png 200w\" sizes=\"auto, (max-width: 442px) 100vw, 442px\" \/><\/figure>\n<\/div>\n\n\n\n<div class=\"wp-block-column is-vertically-aligned-center is-layout-flow wp-block-column-is-layout-flow\">\n<figure class=\"wp-block-image size-full\"><img loading=\"lazy\" decoding=\"async\" width=\"260\" height=\"78\" src=\"https:\/\/metcomtech.com\/wp-content\/uploads\/2024\/04\/perseus-mining-logo.png\" alt=\"\" class=\"wp-image-2454\" srcset=\"https:\/\/metcomtech.com\/wp-content\/uploads\/2024\/04\/perseus-mining-logo.png 260w, https:\/\/metcomtech.com\/wp-content\/uploads\/2024\/04\/perseus-mining-logo-200x60.png 200w\" sizes=\"auto, (max-width: 260px) 100vw, 260px\" \/><\/figure>\n<\/div>\n\n\n\n<div class=\"wp-block-column is-vertically-aligned-center is-layout-flow wp-block-column-is-layout-flow\">\n<figure class=\"wp-block-image aligncenter size-full\"><img loading=\"lazy\" decoding=\"async\" width=\"266\" height=\"57\" src=\"https:\/\/metcomtech.com\/wp-content\/uploads\/2024\/04\/GibraltarMines.gif\" alt=\"\" class=\"wp-image-2450\" srcset=\"https:\/\/metcomtech.com\/wp-content\/uploads\/2024\/04\/GibraltarMines.gif 266w, https:\/\/metcomtech.com\/wp-content\/uploads\/2024\/04\/GibraltarMines-200x43.gif 200w\" sizes=\"auto, (max-width: 266px) 100vw, 266px\" \/><\/figure>\n<\/div>\n<\/div>\n\n\n\n<p><\/p>","protected":false},"excerpt":{"rendered":"<p>Over 1,500 metallurgists and technicians from around the world have improved their understanding of mineral grinding systems through Metcom Training. Below is a listing of some of the mining companies and equipment suppliers that have benefitted from our training. With this valuable tool, operations are able to implement the Metcom System and achieve measurable performance [&hellip;]<\/p>\n","protected":false},"author":1,"featured_media":0,"parent":0,"menu_order":0,"comment_status":"closed","ping_status":"closed","template":"wp-custom-template-a1-main-template","meta":{"footnotes":""},"class_list":["post-1168","page","type-page","status-publish","hentry"],"_links":{"self":[{"href":"https:\/\/metcomtech.com\/es\/wp-json\/wp\/v2\/pages\/1168","targetHints":{"allow":["GET"]}}],"collection":[{"href":"https:\/\/metcomtech.com\/es\/wp-json\/wp\/v2\/pages"}],"about":[{"href":"https:\/\/metcomtech.com\/es\/wp-json\/wp\/v2\/types\/page"}],"author":[{"embeddable":true,"href":"https:\/\/metcomtech.com\/es\/wp-json\/wp\/v2\/users\/1"}],"replies":[{"embeddable":true,"href":"https:\/\/metcomtech.com\/es\/wp-json\/wp\/v2\/comments?post=1168"}],"version-history":[{"count":27,"href":"https:\/\/metcomtech.com\/es\/wp-json\/wp\/v2\/pages\/1168\/revisions"}],"predecessor-version":[{"id":3599,"href":"https:\/\/metcomtech.com\/es\/wp-json\/wp\/v2\/pages\/1168\/revisions\/3599"}],"wp:attachment":[{"href":"https:\/\/metcomtech.com\/es\/wp-json\/wp\/v2\/media?parent=1168"}],"curies":[{"name":"gracias","href":"https:\/\/api.w.org\/{rel}","templated":true}]}}