{"id":1494,"date":"2022-01-20T16:05:20","date_gmt":"2022-01-20T16:05:20","guid":{"rendered":"http:\/\/localhost\/?page_id=1494"},"modified":"2024-05-15T04:15:44","modified_gmt":"2024-05-15T04:15:44","slug":"fp-class","status":"publish","type":"page","link":"https:\/\/metcomtech.com\/es\/fp-class\/","title":{"rendered":"Clase de formaci\u00f3n Metcom"},"content":{"rendered":"<p class=\"has-medium-font-size\"><strong>La ecuaci\u00f3n de rendimiento funcional:<\/strong><br>Su desarrollo e implementaci\u00f3n de planta<\/p>\n\n\n\n<figure class=\"wp-block-embed is-type-rich is-provider-embed-handler wp-block-embed-embed-handler wp-embed-aspect-16-9 wp-has-aspect-ratio\"><div class=\"wp-block-embed__wrapper\">\n<iframe loading=\"lazy\" title=\"La ecuaci\u00f3n de rendimiento funcional:Su desarrollo e implementaci\u00f3n de planta\" width=\"500\" height=\"281\" src=\"https:\/\/www.youtube.com\/embed\/727DRjdi_A8?feature=oembed\" frameborder=\"0\" allow=\"accelerometer; autoplay; clipboard-write; encrypted-media; gyroscope; picture-in-picture; web-share\" referrerpolicy=\"strict-origin-when-cross-origin\" allowfullscreen><\/iframe>\n<\/div><figcaption><em>Ingl\u00e9s<\/em><\/figcaption><\/figure>\n\n\n\n<p>   <\/p>\n\n\n\n<figure class=\"wp-block-embed is-type-rich is-provider-embed-handler wp-block-embed-embed-handler wp-embed-aspect-16-9 wp-has-aspect-ratio\"><div class=\"wp-block-embed__wrapper\">\n<iframe loading=\"lazy\" title=\"La ecuaci\u00f3n de rendimiento funcional: Su desarrollo e implementaci\u00f3n de planta.\" width=\"500\" height=\"281\" src=\"https:\/\/www.youtube.com\/embed\/LxGJRA920Bw?feature=oembed\" frameborder=\"0\" allow=\"accelerometer; autoplay; clipboard-write; encrypted-media; gyroscope; picture-in-picture; web-share\" referrerpolicy=\"strict-origin-when-cross-origin\" allowfullscreen><\/iframe>\n<\/div><figcaption><em>Espa\u00f1ol<\/em><\/figcaption><\/figure>\n\n\n\n<p>   <\/p>\n\n\n\n<div class=\"wp-block-buttons is-layout-flex wp-block-buttons-is-layout-flex\">\n<div class=\"wp-block-button\"><a class=\"wp-block-button__link has-white-color has-luminous-vivid-orange-background-color has-text-color has-background\" href=\"https:\/\/metcomtech.com\/es\/order-training\/\">Solicite la formaci\u00f3n Metcom<\/a><\/div>\n<\/div>\n\n\n\n<p><\/p>","protected":false},"excerpt":{"rendered":"<p>La ecuaci\u00f3n del desempe\u00f1o funcional: su desarrollo e implementaci\u00f3n en planta<\/p>","protected":false},"author":1,"featured_media":0,"parent":0,"menu_order":0,"comment_status":"closed","ping_status":"closed","template":"wp-custom-template-a1-main-template","meta":{"footnotes":""},"class_list":["post-1494","page","type-page","status-publish","hentry"],"_links":{"self":[{"href":"https:\/\/metcomtech.com\/es\/wp-json\/wp\/v2\/pages\/1494","targetHints":{"allow":["GET"]}}],"collection":[{"href":"https:\/\/metcomtech.com\/es\/wp-json\/wp\/v2\/pages"}],"about":[{"href":"https:\/\/metcomtech.com\/es\/wp-json\/wp\/v2\/types\/page"}],"author":[{"embeddable":true,"href":"https:\/\/metcomtech.com\/es\/wp-json\/wp\/v2\/users\/1"}],"replies":[{"embeddable":true,"href":"https:\/\/metcomtech.com\/es\/wp-json\/wp\/v2\/comments?post=1494"}],"version-history":[{"count":6,"href":"https:\/\/metcomtech.com\/es\/wp-json\/wp\/v2\/pages\/1494\/revisions"}],"predecessor-version":[{"id":1505,"href":"https:\/\/metcomtech.com\/es\/wp-json\/wp\/v2\/pages\/1494\/revisions\/1505"}],"wp:attachment":[{"href":"https:\/\/metcomtech.com\/es\/wp-json\/wp\/v2\/media?parent=1494"}],"curies":[{"name":"gracias","href":"https:\/\/api.w.org\/{rel}","templated":true}]}}