{"id":19,"date":"2021-11-30T22:26:41","date_gmt":"2021-11-30T22:26:41","guid":{"rendered":"https:\/\/moodle.localhost\/wp\/?page_id=19"},"modified":"2024-05-15T19:11:38","modified_gmt":"2024-05-15T19:11:38","slug":"contact","status":"publish","type":"page","link":"https:\/\/metcomtech.com\/es\/contact\/","title":{"rendered":"Contacto"},"content":{"rendered":"<div class=\"wp-block-group alignwide is-content-justification-left is-nowrap is-layout-flex wp-container-core-group-is-layout-a1ed96d5 wp-block-group-is-layout-flex\">\n<div style=\"height:100px;width:150px\" aria-hidden=\"true\" class=\"wp-block-spacer wp-container-content-88a6062c\"><\/div>\n\n\n\n<p><strong>Metcom tecnolog\u00edas, inc.<\/strong><br>501 Avenida Sur Pokegama, Suite 6<br>Grand Rapids, Minnesota 55744<br>EE.UU <br><br>Tel\u00e9fono: 218-212-4350<br>Fax: 989-669-6000<br><a href=\"mailto:info@metcomtech.com\">info@metcomtech.com<\/a><\/p>\n\n\n\n<div style=\"height:100px;width:56px\" aria-hidden=\"true\" class=\"wp-block-spacer wp-container-content-93ed7744\"><\/div>\n\n\n\n<figure class=\"wp-block-image size-medium has-custom-border is-style-rounded is-style-rounded--1\"><img loading=\"lazy\" decoding=\"async\" width=\"300\" height=\"161\" src=\"https:\/\/metcomtech.com\/wp-content\/uploads\/2024\/05\/MetcomOfficeGrandRapids-300x161.jpg\" alt=\"\" class=\"has-border-color wp-image-2955\" style=\"border-color:#186609\" srcset=\"https:\/\/metcomtech.com\/wp-content\/uploads\/2024\/05\/MetcomOfficeGrandRapids-300x161.jpg 300w, https:\/\/metcomtech.com\/wp-content\/uploads\/2024\/05\/MetcomOfficeGrandRapids-200x107.jpg 200w, https:\/\/metcomtech.com\/wp-content\/uploads\/2024\/05\/MetcomOfficeGrandRapids-18x10.jpg 18w, https:\/\/metcomtech.com\/wp-content\/uploads\/2024\/05\/MetcomOfficeGrandRapids.jpg 600w\" sizes=\"auto, (max-width: 300px) 100vw, 300px\" \/><\/figure>\n<\/div>\n\n\n\n<div class=\"wp-block-group alignwide is-content-justification-left is-nowrap is-layout-flex wp-container-core-group-is-layout-a1ed96d5 wp-block-group-is-layout-flex\">\n<div style=\"height:100px;width:150px\" aria-hidden=\"true\" class=\"wp-block-spacer wp-container-content-88a6062c\"><\/div>\n\n\n\n<div class=\"wp-block-contact-form-7-contact-form-selector\">\n<div class=\"wpcf7 no-js\" id=\"wpcf7-f519-o1\" lang=\"en-US\" dir=\"ltr\" data-wpcf7-id=\"519\">\n<div class=\"screen-reader-response\"><p role=\"status\" aria-live=\"polite\" aria-atomic=\"true\"><\/p> <ul><\/ul><\/div>\n<form action=\"\/es\/wp-json\/wp\/v2\/pages\/19#wpcf7-f519-o1\" method=\"post\" class=\"wpcf7-form init\" aria-label=\"Formulario de contacto\" novalidate=\"novalidate\" data-status=\"init\" data-trp-original-action=\"\/es\/wp-json\/wp\/v2\/pages\/19#wpcf7-f519-o1\">\n<fieldset class=\"hidden-fields-container\"><input type=\"hidden\" name=\"_wpcf7\" value=\"519\" \/><input type=\"hidden\" name=\"_wpcf7_version\" value=\"6.1.5\" \/><input type=\"hidden\" name=\"_wpcf7_locale\" value=\"en_US\" \/><input type=\"hidden\" name=\"_wpcf7_unit_tag\" value=\"wpcf7-f519-o1\" \/><input type=\"hidden\" name=\"_wpcf7_container_post\" value=\"0\" \/><input type=\"hidden\" name=\"_wpcf7_posted_data_hash\" value=\"\" \/><input type=\"hidden\" name=\"_wpcf7_recaptcha_response\" value=\"\" \/>\n<\/fieldset>\n<p><label> Nombre<br \/>\n<span class=\"wpcf7-form-control-wrap\" data-name=\"your-name\"><input size=\"40\" maxlength=\"400\" class=\"wpcf7-form-control wpcf7-text wpcf7-validates-as-required\" aria-required=\"true\" aria-invalid=\"false\" value=\"\" type=\"text\" name=\"your-name\" \/><\/span> <\/label>\n<\/p>\n<p><label> Email<br \/>\n<span class=\"wpcf7-form-control-wrap\" data-name=\"email-640\"><input size=\"40\" maxlength=\"400\" class=\"wpcf7-form-control wpcf7-email wpcf7-validates-as-required wpcf7-text wpcf7-validates-as-email\" autocomplete=\"email\" aria-required=\"true\" aria-invalid=\"false\" value=\"\" type=\"email\" name=\"email-640\" \/><\/span><\/label>\n<\/p>\n<p><label> Sujeto<br \/>\n<span class=\"wpcf7-form-control-wrap\" data-name=\"your-subject\"><input size=\"40\" maxlength=\"400\" class=\"wpcf7-form-control wpcf7-text wpcf7-validates-as-required\" aria-required=\"true\" aria-invalid=\"false\" value=\"\" type=\"text\" name=\"your-subject\" \/><\/span> <\/label>\n<\/p>\n<p><label> Me gustar\u00eda tener m\u00e1s informaci\u00f3n sobre:<br \/>\n<span class=\"wpcf7-form-control-wrap\" data-name=\"Topic1\"><select class=\"wpcf7-form-control wpcf7-select\" id=\"InquiryTopic\" aria-invalid=\"false\" name=\"Topic1\"><option value=\"\">-Por favor, elija una opci\u00f3n-<\/option><option value=\"Training\">Formaci\u00f3n<\/option><option value=\"Consulting Services\">Servicios de consultor\u00eda<\/option><option value=\"Ball Mill Media Size Testing\">Pruebas de tama\u00f1o de medios de molino de bolas<\/option><option value=\"Streamline Software\">Optimizar el software<\/option><option value=\"Other\">Otro<\/option><\/select><\/span> <\/label>\n<\/p>\n<p><label> Tu mensaje<br \/>\n<span class=\"wpcf7-form-control-wrap\" data-name=\"your-message\"><textarea cols=\"40\" rows=\"10\" maxlength=\"2000\" class=\"wpcf7-form-control wpcf7-textarea wpcf7-validates-as-required\" aria-required=\"true\" aria-invalid=\"false\" name=\"your-message\"><\/textarea><\/span> <\/label>\n<\/p>\n<p><input class=\"wpcf7-form-control wpcf7-submit has-spinner\" type=\"submit\" value=\"Entregar\" \/>\n<\/p><div class=\"wpcf7-response-output\" aria-hidden=\"true\"><\/div>\n<input type=\"hidden\" name=\"trp-form-language\" value=\"es\"\/><\/form>\n<\/div>\n<\/div>\n<\/div>","protected":false},"excerpt":{"rendered":"<p>Metcom Technologies, Inc. 501 South Pokegama Ave., Suite 6 Grand Rapids, MN 55744 EE. UU. Tel\u00e9fono: 218-212-4350 Fax: 989-669-6000 info@metcomtech.com<\/p>","protected":false},"author":1,"featured_media":0,"parent":0,"menu_order":0,"comment_status":"closed","ping_status":"closed","template":"wp-custom-template-a1-main-template","meta":{"footnotes":""},"class_list":["post-19","page","type-page","status-publish","hentry"],"_links":{"self":[{"href":"https:\/\/metcomtech.com\/es\/wp-json\/wp\/v2\/pages\/19","targetHints":{"allow":["GET"]}}],"collection":[{"href":"https:\/\/metcomtech.com\/es\/wp-json\/wp\/v2\/pages"}],"about":[{"href":"https:\/\/metcomtech.com\/es\/wp-json\/wp\/v2\/types\/page"}],"author":[{"embeddable":true,"href":"https:\/\/metcomtech.com\/es\/wp-json\/wp\/v2\/users\/1"}],"replies":[{"embeddable":true,"href":"https:\/\/metcomtech.com\/es\/wp-json\/wp\/v2\/comments?post=19"}],"version-history":[{"count":10,"href":"https:\/\/metcomtech.com\/es\/wp-json\/wp\/v2\/pages\/19\/revisions"}],"predecessor-version":[{"id":3563,"href":"https:\/\/metcomtech.com\/es\/wp-json\/wp\/v2\/pages\/19\/revisions\/3563"}],"wp:attachment":[{"href":"https:\/\/metcomtech.com\/es\/wp-json\/wp\/v2\/media?parent=19"}],"curies":[{"name":"gracias","href":"https:\/\/api.w.org\/{rel}","templated":true}]}}