{"id":2,"date":"2021-11-30T22:18:02","date_gmt":"2021-11-30T22:18:02","guid":{"rendered":"http:\/\/moodle.localhost\/wp\/?page_id=2"},"modified":"2024-07-17T15:40:17","modified_gmt":"2024-07-17T15:40:17","slug":"sign-in","status":"publish","type":"page","link":"https:\/\/metcomtech.com\/es\/sign-in\/","title":{"rendered":"Inicie sesi\u00f3n en Metcom Training"},"content":{"rendered":"<p><\/p>\n\n\n\n<div class=\"wp-block-buttons is-layout-flex wp-block-buttons-is-layout-flex\">\n<div class=\"wp-block-button\"><a class=\"wp-block-button__link wp-element-button\" href=\"https:\/\/www.metcomtraining.com\/TRAINING\/\">Iniciar sesi\u00f3n en la formaci\u00f3n<\/a><\/div>\n<\/div>\n\n\n\n<p>Si tiene alg\u00fan problema para acceder a su capacitaci\u00f3n, comun\u00edquese con: <strong><a href=\"mailto:support@metcomtech.com\">support@metcomtech.com<\/a><\/strong><\/p>","protected":false},"excerpt":{"rendered":"<p>Si tiene alg\u00fan problema para acceder a su capacitaci\u00f3n, comun\u00edquese con: support@metcomtech.com<\/p>","protected":false},"author":1,"featured_media":0,"parent":0,"menu_order":0,"comment_status":"closed","ping_status":"closed","template":"wp-custom-template-a1-main-template","meta":{"footnotes":""},"class_list":["post-2","page","type-page","status-publish","hentry"],"_links":{"self":[{"href":"https:\/\/metcomtech.com\/es\/wp-json\/wp\/v2\/pages\/2","targetHints":{"allow":["GET"]}}],"collection":[{"href":"https:\/\/metcomtech.com\/es\/wp-json\/wp\/v2\/pages"}],"about":[{"href":"https:\/\/metcomtech.com\/es\/wp-json\/wp\/v2\/types\/page"}],"author":[{"embeddable":true,"href":"https:\/\/metcomtech.com\/es\/wp-json\/wp\/v2\/users\/1"}],"replies":[{"embeddable":true,"href":"https:\/\/metcomtech.com\/es\/wp-json\/wp\/v2\/comments?post=2"}],"version-history":[{"count":17,"href":"https:\/\/metcomtech.com\/es\/wp-json\/wp\/v2\/pages\/2\/revisions"}],"predecessor-version":[{"id":3161,"href":"https:\/\/metcomtech.com\/es\/wp-json\/wp\/v2\/pages\/2\/revisions\/3161"}],"wp:attachment":[{"href":"https:\/\/metcomtech.com\/es\/wp-json\/wp\/v2\/media?parent=2"}],"curies":[{"name":"gracias","href":"https:\/\/api.w.org\/{rel}","templated":true}]}}