{"id":2268,"date":"2024-04-11T16:19:49","date_gmt":"2024-04-11T16:19:49","guid":{"rendered":"http:\/\/localhost\/?page_id=2268"},"modified":"2024-05-15T04:16:25","modified_gmt":"2024-05-15T04:16:25","slug":"sample-excerpt-from-module-5-functional-performance-of-ball-milling","status":"publish","type":"page","link":"https:\/\/metcomtech.com\/es\/sample-excerpt-from-module-5-functional-performance-of-ball-milling\/","title":{"rendered":"Muestra: Extracto del M\u00f3dulo 5 \u2013 DESEMPE\u00d1O FUNCIONAL DEL MOLIENDA DE BOLAS"},"content":{"rendered":"<p>Consulte a continuaci\u00f3n un extracto del M\u00f3dulo 5: Rendimiento funcional del molino de bolas <em>(formato pdf)<\/em><\/p>\n\n\n\n<div data-wp-interactive=\"core\/file\" class=\"wp-block-file\"><object data-wp-bind--hidden=\"!state.hasPdfPreview\" hidden class=\"wp-block-file__embed\" data=\"https:\/\/metcomtech.com\/wp-content\/uploads\/2024\/04\/Mod5Sample.pdf\" type=\"application\/pdf\" style=\"width:100%;height:800px\" aria-label=\"PDF incrustado\"><\/object><\/div>","protected":false},"excerpt":{"rendered":"<p>Vea a continuaci\u00f3n un extracto del M\u00f3dulo 5: Rendimiento funcional de la molienda de bolas (formato pdf)<\/p>","protected":false},"author":1,"featured_media":0,"parent":0,"menu_order":0,"comment_status":"closed","ping_status":"closed","template":"wp-custom-template-a1-main-template","meta":{"footnotes":""},"class_list":["post-2268","page","type-page","status-publish","hentry"],"_links":{"self":[{"href":"https:\/\/metcomtech.com\/es\/wp-json\/wp\/v2\/pages\/2268","targetHints":{"allow":["GET"]}}],"collection":[{"href":"https:\/\/metcomtech.com\/es\/wp-json\/wp\/v2\/pages"}],"about":[{"href":"https:\/\/metcomtech.com\/es\/wp-json\/wp\/v2\/types\/page"}],"author":[{"embeddable":true,"href":"https:\/\/metcomtech.com\/es\/wp-json\/wp\/v2\/users\/1"}],"replies":[{"embeddable":true,"href":"https:\/\/metcomtech.com\/es\/wp-json\/wp\/v2\/comments?post=2268"}],"version-history":[{"count":5,"href":"https:\/\/metcomtech.com\/es\/wp-json\/wp\/v2\/pages\/2268\/revisions"}],"predecessor-version":[{"id":2278,"href":"https:\/\/metcomtech.com\/es\/wp-json\/wp\/v2\/pages\/2268\/revisions\/2278"}],"wp:attachment":[{"href":"https:\/\/metcomtech.com\/es\/wp-json\/wp\/v2\/media?parent=2268"}],"curies":[{"name":"gracias","href":"https:\/\/api.w.org\/{rel}","templated":true}]}}