{"id":3073,"date":"2024-06-03T19:30:57","date_gmt":"2024-06-03T19:30:57","guid":{"rendered":"https:\/\/metcomtech.com\/?page_id=3073"},"modified":"2024-06-03T20:27:49","modified_gmt":"2024-06-03T20:27:49","slug":"my-training","status":"publish","type":"page","link":"https:\/\/metcomtech.com\/es\/my-training\/","title":{"rendered":"Mi entrenamiento"},"content":{"rendered":"<p>Inicie sesi\u00f3n en su cuenta de entrenamiento<\/p>\n\n\n\n<p>Haga clic en un m\u00f3dulo<\/p>","protected":false},"excerpt":{"rendered":"<p>Inicie sesi\u00f3n en su cuenta de capacitaci\u00f3n Haga clic en un m\u00f3dulo<\/p>","protected":false},"author":1,"featured_media":0,"parent":0,"menu_order":0,"comment_status":"closed","ping_status":"closed","template":"wp-custom-template-a1-main-template","meta":{"footnotes":""},"class_list":["post-3073","page","type-page","status-publish","hentry"],"_links":{"self":[{"href":"https:\/\/metcomtech.com\/es\/wp-json\/wp\/v2\/pages\/3073","targetHints":{"allow":["GET"]}}],"collection":[{"href":"https:\/\/metcomtech.com\/es\/wp-json\/wp\/v2\/pages"}],"about":[{"href":"https:\/\/metcomtech.com\/es\/wp-json\/wp\/v2\/types\/page"}],"author":[{"embeddable":true,"href":"https:\/\/metcomtech.com\/es\/wp-json\/wp\/v2\/users\/1"}],"replies":[{"embeddable":true,"href":"https:\/\/metcomtech.com\/es\/wp-json\/wp\/v2\/comments?post=3073"}],"version-history":[{"count":4,"href":"https:\/\/metcomtech.com\/es\/wp-json\/wp\/v2\/pages\/3073\/revisions"}],"predecessor-version":[{"id":3081,"href":"https:\/\/metcomtech.com\/es\/wp-json\/wp\/v2\/pages\/3073\/revisions\/3081"}],"wp:attachment":[{"href":"https:\/\/metcomtech.com\/es\/wp-json\/wp\/v2\/media?parent=3073"}],"curies":[{"name":"gracias","href":"https:\/\/api.w.org\/{rel}","templated":true}]}}