{"id":322,"date":"2021-12-02T20:58:23","date_gmt":"2021-12-02T20:58:23","guid":{"rendered":"https:\/\/moodle.localhost\/wp\/?page_id=322"},"modified":"2026-03-13T16:24:05","modified_gmt":"2026-03-13T16:24:05","slug":"grindingbulletin1","status":"publish","type":"page","link":"https:\/\/metcomtech.com\/es\/grindingbulletin1\/","title":{"rendered":"Bolet\u00edn No.1"},"content":{"rendered":"<h2 class=\"wp-block-heading has-medium-font-size\">Determine su \"Raz\u00f3n de Carga Circulante\" con Rapidez y Precisi\u00f3n<\/h2>\n\n\n\n<p class=\"has-small-font-size\">Un circuito t\u00edpico de molienda de bolas en lazo cerrado se ilustra en la Figura 1.  Es bien conocido que la raz\u00f3n de carga circulante es un par\u00e1metro extremadamente importante del dise\u00f1o y\/o de la operaci\u00f3n de un tal tipo de circuito, como se muestra en la Figura 2.<\/p>\n\n\n\n<figure class=\"wp-block-image aligncenter size-full has-custom-border\"><img loading=\"lazy\" decoding=\"async\" width=\"630\" height=\"360\" src=\"https:\/\/metcomtech.com\/moodle\/wp\/wp-content\/uploads\/2022\/01\/GB-1-fig-1-esp.jpg\" alt=\"BM Circuit\" class=\"wp-image-323\" style=\"border-radius:16px\" srcset=\"\" sizes=\"auto, (max-width: 630px) 100vw, 630px\" data-srcset=\"\" \/><figcaption class=\"wp-element-caption\">Figura 1. Configuraci\u00f3n usual de un circuito de molienda de bolas<\/figcaption><\/figure>\n\n\n\n<figure class=\"wp-block-image aligncenter size-full has-custom-border\"><img loading=\"lazy\" decoding=\"async\" width=\"648\" height=\"450\" src=\"https:\/\/metcomtech.com\/wp-content\/uploads\/2021\/12\/77f0f6c8-d99f-4753-8b73-0a786db83642.jpg\" alt=\"\" class=\"wp-image-324\" style=\"border-radius:49px\" srcset=\"https:\/\/metcomtech.com\/wp-content\/uploads\/2021\/12\/77f0f6c8-d99f-4753-8b73-0a786db83642.jpg 648w, https:\/\/metcomtech.com\/wp-content\/uploads\/2021\/12\/77f0f6c8-d99f-4753-8b73-0a786db83642-300x208.jpg 300w, https:\/\/metcomtech.com\/wp-content\/uploads\/2021\/12\/77f0f6c8-d99f-4753-8b73-0a786db83642-200x139.jpg 200w\" sizes=\"auto, (max-width: 648px) 100vw, 648px\" \/><figcaption class=\"wp-element-caption\">Figura 2. Productividad del circuito de molienda de bolas en funci\u00f3n de la Raz\u00f3n de Carga Circulante (Seg\u00fan E.W. Davis)<\/figcaption><\/figure>\n\n\n\n<p class=\"has-small-font-size\">\u00bfCual es la raz\u00f3n de carga circulante en su circuito de molienda de bolas?  Hay una manera r\u00e1pida y f\u00e1cil de calcularla a partir de un conjunto de datos de distribuci\u00f3n de tama\u00f1os del circuito est\u00e1ndar ilustrado en la Figura 1.<\/p>\n\n\n\n<p class=\"has-small-font-size\">Primero definamos claramente la \"raz\u00f3n de carga circulante\" como el cociente entre la cantidad de solidos que pasa por el molino de bolas y la cantidad de solidos que pasa por el circuito.  A partir de la respuesta a las dos preguntas siguientes se puede deducir una expresi\u00f3n de \"balance de masa\":<\/p>\n\n\n\n<div class=\"wp-block-columns is-layout-flex wp-container-core-columns-is-layout-28f84493 wp-block-columns-is-layout-flex\">\n<div class=\"wp-block-column is-layout-flow wp-block-column-is-layout-flow\" style=\"flex-basis:100%\">\n<p class=\"has-small-font-size\"><strong>A. <\/strong>\u00bfCu\u00e1nto producto nuevo es generado por el circuito?<\/p>\n\n\n\n<p class=\"has-small-font-size\"><strong>B.<\/strong> \u00bfCu\u00e1nto producto nuevo es generado en cada pasada por el molino de bolas?<\/p>\n<\/div>\n<\/div>\n\n\n\n<p class=\"has-small-font-size\">A partir de ello, la raz\u00f3n de carga circulante es igual a \"A\" dividido por \"B\", es decir el n\u00famero de pasadas por el molino necesarias para generar la cantidad total de producto nuevo del circuito.<\/p>\n\n\n\n<p><em>Ejemplo: <\/em> <\/p>\n\n\n\n<p class=\"has-small-font-size\">El producto de un circuito de molino de bolas (rebalse del cicl\u00f3n) contiene 80% inferior a 75 um (malla 200). La alimentaci\u00f3n del circuito (a partir de la raz\u00f3n de fragmentaci\u00f3n de la etapa anterior) contiene 20% inferior a 75 um.  Por lo tanto, el circuito esta produciendo 60% de nuevo material inferior a 75 um (es decir \"A\", de arriba, es igual a 60).<\/p>\n\n\n\n<p class=\"has-small-font-size\">Al mismo tiempo se determin\u00f3 que la alimentaci\u00f3n del molino de bolas (arenas del cicl\u00f3n) contiene 25% inferior a 75 um, y la descarga del molino contiene 45% inferior a 75 um.  Por lo tanto, durante cada pasada por el molino 20% de nuevo material inferior a 75 um es generado (\"B\", de arriba, es igual a 20).  La raz\u00f3n de carga circulante es entonces  60 dividido por 20, es decir 3.0, o 300%<\/p>\n\n\n\n<p class=\"has-small-font-size\">Ensaye este procedimiento de c\u00e1lculo con cualquier buen  conjunto de datos proveniente de un circuito est\u00e1ndar molienda, tal como el mostrado m\u00e1s arriba.  Funciona con cualquier tama\u00f1o de tamiz que Ud. escoja para hacer los c\u00e1lculos.  Lo que a veces se toma como una pregunta confusa, se contesta f\u00e1cilmente a partir de un conjunto de datos de distribuci\u00f3n de tama\u00f1o, r\u00e1pidamente y con precisi\u00f3n.<\/p>\n\n\n\n<div class=\"wp-block-buttons is-horizontal is-content-justification-center is-layout-flex wp-container-core-buttons-is-layout-03627597 wp-block-buttons-is-layout-flex\">\n<div class=\"wp-block-button\"><a class=\"wp-block-button__link wp-element-button\" href=\"https:\/\/metcomtech.com\/es\/#GrindingBulletin\">Ver m\u00e1s boletines de molienda<\/a><\/div>\n<\/div>\n\n\n\n<p><\/p>","protected":false},"excerpt":{"rendered":"<p>Quickly and Accurately Determine Your &#8220;Circulating Load Ratio&#8221; The typical closed ball milling circuit is shown in Figure 1. The circulating load ratio is known to be an extremely important design\/operating parameter, as shown in Figure 2. What is the circulating load ratio in your ball milling circuit? There is a rapid and easy way [&hellip;]<\/p>\n","protected":false},"author":1,"featured_media":0,"parent":0,"menu_order":0,"comment_status":"open","ping_status":"closed","template":"wp-custom-template-a1-main-template","meta":{"footnotes":""},"class_list":["post-322","page","type-page","status-publish","hentry"],"_links":{"self":[{"href":"https:\/\/metcomtech.com\/es\/wp-json\/wp\/v2\/pages\/322","targetHints":{"allow":["GET"]}}],"collection":[{"href":"https:\/\/metcomtech.com\/es\/wp-json\/wp\/v2\/pages"}],"about":[{"href":"https:\/\/metcomtech.com\/es\/wp-json\/wp\/v2\/types\/page"}],"author":[{"embeddable":true,"href":"https:\/\/metcomtech.com\/es\/wp-json\/wp\/v2\/users\/1"}],"replies":[{"embeddable":true,"href":"https:\/\/metcomtech.com\/es\/wp-json\/wp\/v2\/comments?post=322"}],"version-history":[{"count":12,"href":"https:\/\/metcomtech.com\/es\/wp-json\/wp\/v2\/pages\/322\/revisions"}],"predecessor-version":[{"id":2491,"href":"https:\/\/metcomtech.com\/es\/wp-json\/wp\/v2\/pages\/322\/revisions\/2491"}],"wp:attachment":[{"href":"https:\/\/metcomtech.com\/es\/wp-json\/wp\/v2\/media?parent=322"}],"curies":[{"name":"gracias","href":"https:\/\/api.w.org\/{rel}","templated":true}]}}