{"id":3239,"date":"2025-01-07T15:50:28","date_gmt":"2025-01-07T15:50:28","guid":{"rendered":"https:\/\/metcomtech.com\/?page_id=3239"},"modified":"2025-10-08T21:47:19","modified_gmt":"2025-10-08T21:47:19","slug":"mineral-grinding-master-classes","status":"publish","type":"page","link":"https:\/\/metcomtech.com\/es\/mineral-grinding-master-classes\/","title":{"rendered":"Clases magistrales de molienda de minerales"},"content":{"rendered":"<p class=\"has-text-align-left\"><strong>27 de octubre<\/strong><sup>El<\/sup><strong> \u2013 29<\/strong><sup>El<\/sup><strong> 2025<\/strong><br><strong>Lago Williams, Columbia Brit\u00e1nica, Canad\u00e1<\/strong><\/p>\n\n\n\n<div class=\"wp-block-media-text is-stacked-on-mobile\" style=\"grid-template-columns:33% auto\"><figure class=\"wp-block-media-text__media\"><img loading=\"lazy\" decoding=\"async\" width=\"612\" height=\"479\" src=\"https:\/\/metcomtech.com\/wp-content\/uploads\/2025\/09\/WS-banner1.jpg\" alt=\"\" class=\"wp-image-3581 size-full\" srcset=\"https:\/\/metcomtech.com\/wp-content\/uploads\/2025\/09\/WS-banner1.jpg 612w, https:\/\/metcomtech.com\/wp-content\/uploads\/2025\/09\/WS-banner1-300x235.jpg 300w, https:\/\/metcomtech.com\/wp-content\/uploads\/2025\/09\/WS-banner1-15x12.jpg 15w, https:\/\/metcomtech.com\/wp-content\/uploads\/2025\/09\/WS-banner1-200x157.jpg 200w\" sizes=\"auto, (max-width: 612px) 100vw, 612px\" \/><\/figure><div class=\"wp-block-media-text__content\">\n<p>Metcom Technologies se complace en anunciar una serie integral de clases magistrales de dos partes, que se llevar\u00e1n a cabo durante tres d\u00edas del 27 de octubre al 31 de octubre.<sup>El<\/sup> aunque 29<sup>El<\/sup> 2025 en <strong>Lago Williams, Columbia Brit\u00e1nica<\/strong>Este taller interactivo est\u00e1 dise\u00f1ado para metal\u00fargicos de planta, t\u00e9cnicos de laboratorio y otros profesionales de la industria que desean adquirir herramientas pr\u00e1cticas para optimizar los circuitos de molienda.<\/p>\n\n\n\n<p>Dirigidas por los expertos de Metcom Kyle Bartholomew y Omar Arafat, estas sesiones brindar\u00e1n a los asistentes informaci\u00f3n y herramientas valiosas para medir y mejorar la eficiencia del sistema de clasificaci\u00f3n de su circuito de molienda.<strong>CSE<\/strong>). Los participantes tambi\u00e9n aprender\u00e1n enfoques sistem\u00e1ticos para realizar campa\u00f1as de muestreo de encuestas efectivas, as\u00ed como estrategias de an\u00e1lisis de laboratorio y recopilaci\u00f3n de datos.<\/p>\n\n\n\n<p>Al finalizar este curso, los participantes contar\u00e1n con las habilidades necesarias para identificar e implementar mejoras, lo que en \u00faltima instancia mejorar\u00e1 el rendimiento de sus operaciones de rectificado. Lo invitamos a participar en uno o ambos de estos dos cursos, pero tenga en cuenta que <strong>El espacio es limitado<\/strong>.<\/p>\n<\/div><\/div>\n\n\n\n<div class=\"wp-block-group is-nowrap is-layout-flex wp-container-core-group-is-layout-6c531013 wp-block-group-is-layout-flex\">\n<p><br><\/p>\n\n\n\n<div style=\"height:100px;width:469px\" aria-hidden=\"true\" class=\"wp-block-spacer wp-container-content-711871ec\"><\/div>\n\n\n\n<div class=\"wp-block-buttons is-layout-flex wp-block-buttons-is-layout-flex\">\n<div class=\"wp-block-button\"><a class=\"wp-block-button__link wp-element-button\" href=\"https:\/\/metcomtech.com\/es\/workshop-information-request\/\">Solicitar una cotizaci\u00f3n formal<\/a><\/div>\n<\/div>\n\n\n\n<p><br><br><\/p>\n\n\n\n<div class=\"wp-block-buttons is-layout-flex wp-block-buttons-is-layout-flex\">\n<div class=\"wp-block-button\"><a class=\"wp-block-button__link wp-element-button\" href=\"#register-info\">Registrarse en l\u00ednea<\/a><\/div>\n<\/div>\n<\/div>\n\n\n\n<hr class=\"wp-block-separator alignwide has-alpha-channel-opacity\"\/>\n\n\n\n<p><strong>Taller #1<\/strong><em> (2 d\u00edas de clase)<\/em><br>27 de octubre<sup>El<\/sup> \u2013 28<sup>El<\/sup>, 2025<br>8:00 a. m. a 4:00 p. m.<\/p>\n\n\n\n<figure class=\"wp-block-image aligncenter size-full\"><img loading=\"lazy\" decoding=\"async\" width=\"691\" height=\"310\" src=\"https:\/\/metcomtech.com\/wp-content\/uploads\/2025\/09\/CSE-WS1.jpg\" alt=\"\" class=\"wp-image-3573\" srcset=\"https:\/\/metcomtech.com\/wp-content\/uploads\/2025\/09\/CSE-WS1.jpg 691w, https:\/\/metcomtech.com\/wp-content\/uploads\/2025\/09\/CSE-WS1-300x135.jpg 300w, https:\/\/metcomtech.com\/wp-content\/uploads\/2025\/09\/CSE-WS1-18x8.jpg 18w, https:\/\/metcomtech.com\/wp-content\/uploads\/2025\/09\/CSE-WS1-200x90.jpg 200w\" sizes=\"auto, (max-width: 691px) 100vw, 691px\" \/><\/figure>\n\n\n\n<p><strong><mark style=\"background-color:rgba(0, 0, 0, 0)\" class=\"has-inline-color has-accent-3-color\">CSE: C\u00e1lculos de bombas y ciclones para maximizar la eficiencia del circuito de molienda<\/mark><\/strong><\/p>\n\n\n\n<p>Este curso de CSE (Eficiencia del sistema de clasificaci\u00f3n) cubre los c\u00e1lculos de dise\u00f1o de aplicaciones de procesos para bombas de lodos e hidrociclones con el fin de lograr sus m\u00e1ximos beneficios en t\u00e9rminos de eficiencia y productividad del circuito de molienda. Como se describe en <a href=\"https:\/\/me.smenet.org\/abstract.cfm?preview=1&amp;articleID=7886&amp;page=18\" data-type=\"link\" data-id=\"https:\/\/me.smenet.org\/abstract.cfm?preview=1&amp;articleID=7886&amp;page=18\" target=\"_blank\" rel=\"noreferrer noopener\">Miner\u00eda <\/a><a href=\"https:\/\/metcomtech.com\/wp-content\/uploads\/2021\/12\/CSE-MiningEngineeringMag.pdf\" data-type=\"link\" data-id=\"https:\/\/me.smenet.org\/abstract.cfm?preview=1&amp;articleID=7886&amp;page=18\" target=\"_blank\" rel=\"noreferrer noopener\">Ingenier\u00eda <\/a><a href=\"https:\/\/me.smenet.org\/abstract.cfm?preview=1&amp;articleID=7886&amp;page=18\" data-type=\"link\" data-id=\"https:\/\/me.smenet.org\/abstract.cfm?preview=1&amp;articleID=7886&amp;page=18\" target=\"_blank\" rel=\"noreferrer noopener\">Revista<\/a>Los beneficios cuantificables en t\u00e9rminos de mayor tonelaje, una molienda m\u00e1s fina para mejorar la recuperaci\u00f3n y una reducci\u00f3n de energ\u00eda y costos son a menudo muy sustanciales.<\/p>\n\n\n\n<p>Los participantes recibir\u00e1n material did\u00e1ctico en clase, ejercicios, presentaciones de diapositivas y acceso en l\u00ednea a la siguiente capacitaci\u00f3n de Metcom:<\/p>\n\n\n\n<ul class=\"wp-block-list\">\n<li> M\u00f3dulo 5 - Rendimiento Funcional de Molienda de Bola<\/li>\n\n\n\n<li> M\u00f3dulo 7-  Rendimiento del Hidrociclon<\/li>\n\n\n\n<li> M\u00f3dulo 8 - Ajustes del Hidrociclon<\/li>\n\n\n\n<li> M\u00f3dulo 9 - Bombeo de Pulpa<\/li>\n\n\n\n<li> M\u00f3dulo 18 - Evaluaci\u00f3n del Circuito de Clasificaci\u00f3n<\/li>\n<\/ul>\n\n\n\n<p>Despu\u00e9s de revisar estos temas, presentaremos el informe de Metcom. <strong>Streamline<\/strong><sup>tm<\/sup> Aplicaci\u00f3n de modelado de circuitos de molino de bolas y trabajo con varios ejercicios del mundo real utilizando el software. A los participantes se les otorgar\u00e1 una versi\u00f3n de prueba del software para realizar varios ejercicios presentados en clase. El software Streamline<sup>tm<\/sup> El programa utiliza el mismo criterio de optimizaci\u00f3n CSE presentado en el M\u00f3dulo 18 Evaluaci\u00f3n de la clasificaci\u00f3n de circuitos.<\/p>\n\n\n\n<ul class=\"wp-block-list\">\n<li>Los participantes deber\u00e1n traer su computadora port\u00e1til y una calculadora de mano.<\/li>\n\n\n\n<li>Total de horas de formaci\u00f3n presencial: <strong>16.0<\/strong><\/li>\n\n\n\n<li>Asistencia m\u00e1xima en clase: <strong>20 participantes<\/strong><\/li>\n<\/ul>\n\n\n\n<p><mark style=\"background-color:rgba(0, 0, 0, 0)\" class=\"has-inline-color has-accent-3-color\"><strong>Tarifa del taller: $1,442 USD <\/strong>\/persona<\/mark><\/p>\n\n\n\n<div class=\"wp-block-buttons is-layout-flex wp-block-buttons-is-layout-flex\">\n<div class=\"wp-block-button\"><a class=\"wp-block-button__link wp-element-button\" href=\"#register-info\">Registro<\/a><\/div>\n<\/div>\n\n\n\n<hr class=\"wp-block-separator alignwide has-alpha-channel-opacity\"\/>\n\n\n\n<p><strong>Taller #2<\/strong><em> (1 d\u00eda de clase + 5,5 horas de preparaci\u00f3n en l\u00ednea)<\/em><br>29 de octubre<sup>El<\/sup>, 2025<br>8:00 a. m. a 4:00 p. m.<\/p>\n\n\n\n<figure class=\"wp-block-image aligncenter size-full is-resized\"><img loading=\"lazy\" decoding=\"async\" width=\"690\" height=\"292\" src=\"https:\/\/metcomtech.com\/wp-content\/uploads\/2025\/09\/Survey-WS2.jpg\" alt=\"\" class=\"wp-image-3575\" style=\"width:677px;height:auto\" srcset=\"https:\/\/metcomtech.com\/wp-content\/uploads\/2025\/09\/Survey-WS2.jpg 690w, https:\/\/metcomtech.com\/wp-content\/uploads\/2025\/09\/Survey-WS2-300x127.jpg 300w, https:\/\/metcomtech.com\/wp-content\/uploads\/2025\/09\/Survey-WS2-18x8.jpg 18w, https:\/\/metcomtech.com\/wp-content\/uploads\/2025\/09\/Survey-WS2-200x85.jpg 200w\" sizes=\"auto, (max-width: 690px) 100vw, 690px\" \/><\/figure>\n\n\n\n<p><strong><mark style=\"background-color:rgba(0, 0, 0, 0)\" class=\"has-inline-color has-accent-3-color\">Inspecci\u00f3n de planta, an\u00e1lisis de laboratorio y pruebas de molturabilidad<\/mark><\/strong><\/p>\n\n\n\n<p>Este taller sobre muestreo, an\u00e1lisis de laboratorio y pruebas de molturabilidad es ideal para t\u00e9cnicos de laboratorio. Los m\u00f3dulos de capacitaci\u00f3n en l\u00ednea para estos temas suelen tardar unas 13,5 horas en completarse. Para impartir esta capacitaci\u00f3n en el plazo de un d\u00eda, asignaremos ciertos temas del m\u00f3dulo como &quot;trabajo de preparaci\u00f3n&quot; que se completar\u00e1n antes del taller y el resto se cubrir\u00e1 en clase en vivo.<\/p>\n\n\n\n<p>Dos semanas antes del taller, cada asistente registrado recibir\u00e1 una cuenta de capacitaci\u00f3n en l\u00ednea de Metcom para acceder a todos los materiales tratados en el taller. Tambi\u00e9n se proporcionar\u00e1 una gu\u00eda que destaca los materiales espec\u00edficos que deben revisarse antes del taller.<\/p>\n\n\n\n<p>Los ingenieros de planta tambi\u00e9n se beneficiar\u00edan de aprender a llevar a cabo campa\u00f1as de recolecci\u00f3n de muestras y pruebas de molido. Esto encaja perfectamente con el taller de CSE, donde los asistentes aprenden a medir y mejorar la eficiencia del molido. Este taller adicional cubre los detalles sobre c\u00f3mo obtener los datos necesarios.<\/p>\n\n\n\n<div class=\"wp-block-columns is-layout-flex wp-container-core-columns-is-layout-28f84493 wp-block-columns-is-layout-flex\">\n<div class=\"wp-block-column is-layout-flow wp-block-column-is-layout-flow\" style=\"flex-basis:100%\">\n<table class=\"alignleft\" style=\"width: 700px;\">\n<tbody>\n<tr style=\"height: 95.5px;\">\n<td style=\"width: 68.9704%; height: 95.5px;\"><strong>M\u00f3dulos de formaci\u00f3n incluidos<\/strong> <br \/><em>Registro para cuenta de capacitaci\u00f3n en l\u00ednea de Metcom incluido<\/em><\/td>\n<td style=\"width: 15.0917%; height: 95.5px; text-align: center;\"><strong>En l\u00ednea<\/strong><br \/><strong>Horas de preparaci\u00f3n.<\/strong><\/td>\n<td style=\"width: 15.0917%; height: 95.5px; text-align: center;\"><strong>En clase<\/strong><br \/><strong>Horas.<\/strong><\/td>\n<\/tr>\n<tr style=\"height: 143px;\">\n<td style=\"width: 68.9704%; height: 143px;\"><strong>M\u00f3dulo 10 \u2013 Datos existentes y requeridos: P<\/strong>Proporciona un resumen de la informaci\u00f3n existente y necesaria que necesita sobre el circuito de molienda de su planta para lograr mejoras en el rendimiento de molienda. En particular, aprender\u00e1 a recopilar datos existentes relevantes sobre circuitos de molienda e identificar los datos necesarios a partir de estudios de circuitos de molienda.<\/td>\n<td style=\"width: 15.0917%; height: 143px; text-align: center;\">\u00a01.0<\/td>\n<td style=\"width: 15.0917%; height: 143px; text-align: center;\">\u00a00.25 <br>(revisar)<\/td>\n<\/tr>\n<tr style=\"height: 73px;\">\n<td style=\"width: 68.9704%; height: 73px;\">\u00a0<strong>M\u00f3dulo 11 \u2013 Gu\u00eda de muestreo de plantas y estudios de circuitos:\u00a0<\/strong> Aprenda a dise\u00f1ar y ejecutar estudios de circuitos de molienda en su planta para cumplir con los requisitos del sistema Metcom.<\/td>\n<td style=\"width: 15.0917%; height: 73px; text-align: center;\">\u00a0\u2013<\/td>\n<td style=\"width: 15.0917%; height: 73px; text-align: center;\">\u00a02.0<\/td>\n<\/tr>\n<tr style=\"height: 70px;\">\n<td style=\"width: 68.9704%; height: 70px;\">\u00a0<strong>M\u00f3dulo 12 \u2013 Manejo y an\u00e1lisis de muestras:<\/strong>\u00a0Aprenda a manipular y analizar muestras de minerales y lodos.<\/td>\n<td style=\"width: 15.0917%; height: 70px; text-align: center;\">\u00a03.5<\/td>\n<td style=\"width: 15.0917%; height: 70px; text-align: center;\">\u00a00.50 <br>(revisar)<\/td>\n<\/tr>\n<tr style=\"height: 76px;\">\n<td style=\"width: 68.9704%; height: 76px;\">\u00a0<strong>M\u00f3dulo 13 \u2013 Introducci\u00f3n a las pruebas de molturabilidad:\u00a0<\/strong> Le presentamos las pruebas de molturabilidad y le ense\u00f1amos a seleccionar la prueba adecuada para sus necesidades.<\/td>\n<td style=\"width: 15.0917%; height: 76px; text-align: center;\">\u00a01.0<\/td>\n<td style=\"width: 15.0917%; height: 76px; text-align: center;\">\u00a00.25 <br>(revisar)<\/td>\n<\/tr>\n<tr style=\"height: 76px;\">\n<td style=\"width: 68.9704%; height: 23px;\">\u00a0<strong>M\u00f3dulo 14 \u2013 Pruebas de molturabilidad de aglomerantes:<\/strong>\u00a0Aprenda a realizar pruebas de molienda en molinos de bolas y de barras Bond.<\/td>\n<td style=\"width: 15.0917%; height: 23px; text-align: center;\">\u00a0\u2013<\/td>\n<td style=\"width: 15.0917%; height: 23px; text-align: center;\">\u00a02.5<\/td>\n<\/tr>\n<tr style=\"height: 76px;\">\n<td style=\"width: 68.9704%; height: 23px;\">\u00a0<strong>M\u00f3dulo 15 \u2013 Pruebas de molturabilidad por lotes:<\/strong>\u00a0Aprenda a dise\u00f1ar y realizar pruebas de molienda por lotes en sitio.<\/td>\n<td style=\"width: 15.0917%; height: 23px; text-align: center;\">\u00a0\u2013<\/td>\n<td style=\"width: 15.0917%; height: 23px; text-align: center;\">\u00a03.5<\/td>\n<\/tr>\n<tr style=\"height: 76px;\">\n<td style=\"width: 68.9704%; height: 39px; text-align: right;\"><strong>\u00a0Horas totales:<\/strong><\/td>\n<td style=\"width: 15.0917%; height: 39px; text-align: center;\"><strong>\u00a05.5<\/strong><\/td>\n<td style=\"width: 15.0917%; height: 39px; text-align: center;\"><strong>\u00a09.0<\/strong><\/td>\n<\/tr>\n<\/tbody>\n<\/table>\n<\/div>\n<\/div>\n\n\n\n<ul class=\"wp-block-list\">\n<li>Los participantes deber\u00e1n traer su computadora port\u00e1til y una calculadora de mano.<\/li>\n\n\n\n<li>Total de horas de formaci\u00f3n presencial: <strong>9.0<\/strong><\/li>\n\n\n\n<li>Total de \u201choras de preparaci\u00f3n\u201d de formaci\u00f3n online: <strong>5.5<\/strong><\/li>\n\n\n\n<li>Asistencia m\u00e1xima en clase: <strong>20 participantes<\/strong><\/li>\n<\/ul>\n\n\n\n<p><mark style=\"background-color:rgba(0, 0, 0, 0)\" class=\"has-inline-color has-accent-3-color\"><strong>Tarifa del taller: $1,178 USD <\/strong>\/persona<\/mark><\/p>\n\n\n\n<div class=\"wp-block-buttons is-layout-flex wp-block-buttons-is-layout-flex\">\n<div class=\"wp-block-button\"><a class=\"wp-block-button__link wp-element-button\" href=\"#register-info\">Registro<\/a><\/div>\n<\/div>\n\n\n\n<hr class=\"wp-block-separator has-alpha-channel-opacity is-style-wide\"\/>\n\n\n\n<p><strong><u><mark style=\"background-color:rgba(0, 0, 0, 0)\" class=\"has-inline-color has-accent-3-color\">Detalles<\/mark><\/u><\/strong><\/p>\n\n\n\n<div class=\"wp-block-group is-nowrap is-layout-flex wp-container-core-group-is-layout-6c531013 wp-block-group-is-layout-flex\">\n<p><strong><mark style=\"background-color:rgba(0, 0, 0, 0)\" class=\"has-inline-color has-accent-3-color\">Lugar de formaci\u00f3n: &nbsp;<\/mark><\/strong><br><strong>Ramada de Wyndham<br><\/strong>1118 Crescent vista del lago,<br>&nbsp;Lago Williams, Columbia Brit\u00e1nica, Canad\u00e1<br><strong>&nbsp;<\/strong><a href=\"https:\/\/www.google.com\/search?q=ramada+by+wyndham+williams+lake&amp;oq=Ramada+by+Wyndham+Williams+Lake&amp;gs_lcrp=EgZjaHJvbWUqDAgAECMYJxiABBiKBTIMCAAQIxgnGIAEGIoFMhYIARAuGK8BGMcBGIAEGJgFGJkFGJ4FMgcIAhAAGIAEMggIAxAAGBYYHjIICAQQABgWGB4yCAgFEAAYFhgeMggIBhAAGBYYHjIKCAcQABiABBiiBDIKCAgQABiABBiiBDIKCAkQABiABBiiBNIBCDc1MWowajE1qAIAsAIA&amp;sourceid=chrome&amp;ie=UTF-8#\">(250) 392-3321<\/a>          <\/p>\n\n\n\n<div style=\"height:100px;width:132px\" aria-hidden=\"true\" class=\"wp-block-spacer wp-container-content-eaa21fac\"><\/div>\n\n\n\n<iframe src=\"https:\/\/www.google.com\/maps\/embed?pb=!1m18!1m12!1m3!1d2449.3874772724594!2d-122.12719272297412!3d52.12727276523119!2m3!1f0!2f0!3f0!3m2!1i1024!2i768!4f13.1!3m3!1m2!1s0x5380a3732a8ec1bb%3A0x68273760e908fec9!2sRamada%20by%20Wyndham%20Williams%20Lake!5e0!3m2!1sen!2sca!4v1736280860750!5m2!1sen!2sca\" width=\"400\" height=\"300\" style=\"border:0;\" allowfullscreen=\"\" loading=\"lazy\" referrerpolicy=\"no-referrer-when-downgrade\"><\/iframe>\n<\/div>\n\n\n\n<p>Se estima que el tiempo previsto de sesi\u00f3n de entrenamiento ser\u00e1 de ocho a nueve horas por d\u00eda.<\/p>\n\n\n\n<p>Esta capacitaci\u00f3n est\u00e1 dise\u00f1ada para ser interactiva. Despu\u00e9s de cada presentaci\u00f3n, se asignar\u00e1 tiempo para preguntas y respuestas, as\u00ed como para relacionar experiencias reales de quienes trabajan en la planta con los temas presentados. Se fomentar\u00e1 la participaci\u00f3n activa de todos los asistentes. Para facilitar esta interacci\u00f3n, el aforo est\u00e1 limitado a 20 personas por sesi\u00f3n.<\/p>\n\n\n\n<p>Se proporcionar\u00e1 almuerzo, refrigerios y caf\u00e9. <\/p>\n\n\n\n<p>Adem\u00e1s de la capacitaci\u00f3n en vivo, cada participante registrado recibir\u00e1 una cuenta personal en l\u00ednea de capacitaci\u00f3n de Metcom con registro y acceso durante 12 meses a los m\u00f3dulos asociados con los temas tratados en el taller. Los asistentes pueden usar este recurso en l\u00ednea para revisar los temas que se impartieron en el taller y agregar m\u00f3dulos de capacitaci\u00f3n adicionales a sus planes de estudio sin tener que pagar la tarifa de inscripci\u00f3n $215.<\/p>\n\n\n\n<p><strong><u><mark style=\"background-color:rgba(0, 0, 0, 0)\" class=\"has-inline-color has-accent-3-color\">Acreditaci\u00f3n de formaci\u00f3n<\/mark><\/u><\/strong><\/p>\n\n\n\n<p>Cada participante de la capacitaci\u00f3n del taller recibir\u00e1 CEU del <strong>Instituto de Ingenier\u00eda de Canad\u00e1<\/strong> Seg\u00fan el tiempo de clase y la instrucci\u00f3n asignada. Cada participante del taller tambi\u00e9n recibir\u00e1 cr\u00e9ditos por los m\u00f3dulos de capacitaci\u00f3n asociados de Metcom. Estos cr\u00e9ditos se pueden aplicar para completar el programa de capacitaci\u00f3n completo del Sistema de gesti\u00f3n de procesos de molienda de Metcom y la inducci\u00f3n al sistema. <a href=\"https:\/\/metcomtech.com\/es\/metcom-honor-roll\/\" data-type=\"page\" data-id=\"1580\"><strong><mark style=\"background-color:rgba(0, 0, 0, 0);color:#34ac0a\" class=\"has-inline-color\">Cuadro de honor de Metcom<\/mark><\/strong><\/a>.<\/p>\n\n\n\n<p id=\"register-info\"><mark style=\"background-color:rgba(0, 0, 0, 0)\" class=\"has-inline-color has-accent-3-color\"><strong><strong><u><mark style=\"background-color:rgba(0, 0, 0, 0)\" class=\"has-inline-color has-accent-3-color\">Opciones de registro<\/mark><\/u><\/strong><\/strong><\/mark><\/p>\n\n\n\n<div class=\"wp-block-media-text is-stacked-on-mobile\" style=\"grid-template-columns:36% auto\"><figure class=\"wp-block-media-text__media\"><img loading=\"lazy\" decoding=\"async\" width=\"691\" height=\"310\" src=\"https:\/\/metcomtech.com\/wp-content\/uploads\/2025\/09\/CSE-WS1.jpg\" alt=\"\" class=\"wp-image-3573 size-full\" srcset=\"https:\/\/metcomtech.com\/wp-content\/uploads\/2025\/09\/CSE-WS1.jpg 691w, https:\/\/metcomtech.com\/wp-content\/uploads\/2025\/09\/CSE-WS1-300x135.jpg 300w, https:\/\/metcomtech.com\/wp-content\/uploads\/2025\/09\/CSE-WS1-18x8.jpg 18w, https:\/\/metcomtech.com\/wp-content\/uploads\/2025\/09\/CSE-WS1-200x90.jpg 200w\" sizes=\"auto, (max-width: 691px) 100vw, 691px\" \/><\/figure><div class=\"wp-block-media-text__content\">\n<p><mark style=\"background-color:rgba(0, 0, 0, 0)\" class=\"has-inline-color has-accent-3-color\"><strong>Taller de CSE<\/strong><\/mark> <br><strong>$1,442 d\u00f3lares<\/strong><br>27 de octubre<sup>El<\/sup> \u2013 28<sup>El<\/sup>, 2025<br><em>(2 d\u00edas)<\/em><\/p>\n\n\n\n<div class=\"wp-block-buttons is-layout-flex wp-block-buttons-is-layout-flex\">\n<div class=\"wp-block-button\"><a class=\"wp-block-button__link wp-element-button\" href=\"https:\/\/metcomtech.com\/es\/producto\/3336\/\">REG\u00cdSTRATE EN L\u00cdNEA<\/a><\/div>\n<\/div>\n<\/div><\/div>\n\n\n\n<div class=\"wp-block-media-text is-stacked-on-mobile\" style=\"grid-template-columns:36% auto\"><figure class=\"wp-block-media-text__media\"><img loading=\"lazy\" decoding=\"async\" width=\"690\" height=\"292\" src=\"https:\/\/metcomtech.com\/wp-content\/uploads\/2025\/09\/Survey-WS2.jpg\" alt=\"\" class=\"wp-image-3575 size-full\" srcset=\"https:\/\/metcomtech.com\/wp-content\/uploads\/2025\/09\/Survey-WS2.jpg 690w, https:\/\/metcomtech.com\/wp-content\/uploads\/2025\/09\/Survey-WS2-300x127.jpg 300w, https:\/\/metcomtech.com\/wp-content\/uploads\/2025\/09\/Survey-WS2-18x8.jpg 18w, https:\/\/metcomtech.com\/wp-content\/uploads\/2025\/09\/Survey-WS2-200x85.jpg 200w\" sizes=\"auto, (max-width: 690px) 100vw, 690px\" \/><\/figure><div class=\"wp-block-media-text__content\">\n<p><strong><mark style=\"background-color:rgba(0, 0, 0, 0)\" class=\"has-inline-color has-accent-3-color\">Taller de muestreo, an\u00e1lisis de laboratorio y molturabilidad  <\/mark><br>$1,178 d\u00f3lares<\/strong><br>29 de octubre<sup>El<\/sup>, 2025<br><em>(1 d\u00eda)<\/em><\/p>\n\n\n\n<div class=\"wp-block-buttons is-layout-flex wp-block-buttons-is-layout-flex\">\n<div class=\"wp-block-button\"><a class=\"wp-block-button__link wp-element-button\" href=\"https:\/\/metcomtech.com\/es\/producto\/3353\/\">REG\u00cdSTRATE EN L\u00cdNEA<\/a><\/div>\n<\/div>\n<\/div><\/div>\n\n\n\n<div class=\"wp-block-media-text is-stacked-on-mobile\" style=\"grid-template-columns:36% auto\"><figure class=\"wp-block-media-text__media\"><img loading=\"lazy\" decoding=\"async\" width=\"693\" height=\"428\" src=\"https:\/\/metcomtech.com\/wp-content\/uploads\/2025\/09\/CSESurvey-WS3.jpg\" alt=\"\" class=\"wp-image-3577 size-full\" srcset=\"https:\/\/metcomtech.com\/wp-content\/uploads\/2025\/09\/CSESurvey-WS3.jpg 693w, https:\/\/metcomtech.com\/wp-content\/uploads\/2025\/09\/CSESurvey-WS3-300x185.jpg 300w, https:\/\/metcomtech.com\/wp-content\/uploads\/2025\/09\/CSESurvey-WS3-18x12.jpg 18w, https:\/\/metcomtech.com\/wp-content\/uploads\/2025\/09\/CSESurvey-WS3-200x124.jpg 200w\" sizes=\"auto, (max-width: 693px) 100vw, 693px\" \/><\/figure><div class=\"wp-block-media-text__content\">\n<p><strong><mark style=\"background-color:rgba(0, 0, 0, 0)\" class=\"has-inline-color has-accent-3-color\">Ambos talleres<\/mark><\/strong> <br><strong>$2,405 d\u00f3lares<\/strong><br>27 de octubre<sup>El<\/sup> \u2013 29<sup>El<\/sup>, 2025<br><em>(3 d\u00edas)<\/em><\/p>\n\n\n\n<div class=\"wp-block-buttons is-layout-flex wp-block-buttons-is-layout-flex\">\n<div class=\"wp-block-button\"><a class=\"wp-block-button__link wp-element-button\" href=\"https:\/\/metcomtech.com\/es\/producto\/3356\/\">REG\u00cdSTRATE EN L\u00cdNEA<\/a><\/div>\n<\/div>\n<\/div><\/div>\n\n\n\n<div class=\"wp-block-group is-nowrap is-layout-flex wp-container-core-group-is-layout-6c531013 wp-block-group-is-layout-flex\">\n<p><br><\/p>\n\n\n\n<p><strong>Orden de compra de la empresa:<\/strong><br>Si paga mediante una orden de compra de la empresa <br>y se necesita cita.<\/p>\n\n\n\n<p><br><\/p>\n\n\n\n<div class=\"wp-block-buttons is-layout-flex wp-block-buttons-is-layout-flex\">\n<div class=\"wp-block-button\"><a class=\"wp-block-button__link wp-element-button\" href=\"https:\/\/metcomtech.com\/es\/workshop-information-request\/\">Solicitar una cotizaci\u00f3n formal<\/a><\/div>\n<\/div>\n<\/div>\n\n\n\n<hr class=\"wp-block-separator has-alpha-channel-opacity is-style-wide\"\/>\n\n\n\n<p><\/p>","protected":false},"excerpt":{"rendered":"<p>October 27th &#8211; 29th 2025Williams Lake, BC, Canada Metcom Technologies is excited to announce a comprehensive two-part master class series, taking place over three days October 27th though 29th 2025 in Williams Lake, BC. This interactive workshop is tailored for plant metallurgists, lab technicians, and other industry professionals who are eager to gain practical, hands-on [&hellip;]<\/p>\n","protected":false},"author":1,"featured_media":3241,"parent":0,"menu_order":0,"comment_status":"closed","ping_status":"closed","template":"wp-custom-template-a1-main-template","meta":{"footnotes":""},"class_list":["post-3239","page","type-page","status-publish","has-post-thumbnail","hentry"],"_links":{"self":[{"href":"https:\/\/metcomtech.com\/es\/wp-json\/wp\/v2\/pages\/3239","targetHints":{"allow":["GET"]}}],"collection":[{"href":"https:\/\/metcomtech.com\/es\/wp-json\/wp\/v2\/pages"}],"about":[{"href":"https:\/\/metcomtech.com\/es\/wp-json\/wp\/v2\/types\/page"}],"author":[{"embeddable":true,"href":"https:\/\/metcomtech.com\/es\/wp-json\/wp\/v2\/users\/1"}],"replies":[{"embeddable":true,"href":"https:\/\/metcomtech.com\/es\/wp-json\/wp\/v2\/comments?post=3239"}],"version-history":[{"count":68,"href":"https:\/\/metcomtech.com\/es\/wp-json\/wp\/v2\/pages\/3239\/revisions"}],"predecessor-version":[{"id":3590,"href":"https:\/\/metcomtech.com\/es\/wp-json\/wp\/v2\/pages\/3239\/revisions\/3590"}],"wp:featuredmedia":[{"embeddable":true,"href":"https:\/\/metcomtech.com\/es\/wp-json\/wp\/v2\/media\/3241"}],"wp:attachment":[{"href":"https:\/\/metcomtech.com\/es\/wp-json\/wp\/v2\/media?parent=3239"}],"curies":[{"name":"gracias","href":"https:\/\/api.w.org\/{rel}","templated":true}]}}