{"id":3411,"date":"2025-01-27T19:15:00","date_gmt":"2025-01-27T19:15:00","guid":{"rendered":"https:\/\/metcomtech.com\/?page_id=3411"},"modified":"2025-01-27T19:34:15","modified_gmt":"2025-01-27T19:34:15","slug":"streamline-videos-2","status":"publish","type":"page","link":"https:\/\/metcomtech.com\/es\/streamline-videos-2\/","title":{"rendered":"Optimizar v\u00eddeos"},"content":{"rendered":"<p>Esta colecci\u00f3n de videos de instrucciones le ayudar\u00e1 a utilizar <strong>Streamline<\/strong> Software de modelado de circuitos de molinos de bolas<\/p>\n\n\n\n<figure class=\"wp-block-video\"><video height=\"1080\" style=\"aspect-ratio: 1920 \/ 1080;\" width=\"1920\" controls src=\"https:\/\/metcomtech.com\/wp-content\/uploads\/2025\/01\/intro-and-model-overview.mp4\"><\/video><\/figure>","protected":false},"excerpt":{"rendered":"<p>This collection of instructions videos to assist you in using Streamline Ball Mill Circuit Modeling software<\/p>","protected":false},"author":1,"featured_media":0,"parent":0,"menu_order":0,"comment_status":"closed","ping_status":"closed","template":"wp-custom-template-a1-main-template","meta":{"footnotes":""},"class_list":["post-3411","page","type-page","status-publish","hentry"],"_links":{"self":[{"href":"https:\/\/metcomtech.com\/es\/wp-json\/wp\/v2\/pages\/3411","targetHints":{"allow":["GET"]}}],"collection":[{"href":"https:\/\/metcomtech.com\/es\/wp-json\/wp\/v2\/pages"}],"about":[{"href":"https:\/\/metcomtech.com\/es\/wp-json\/wp\/v2\/types\/page"}],"author":[{"embeddable":true,"href":"https:\/\/metcomtech.com\/es\/wp-json\/wp\/v2\/users\/1"}],"replies":[{"embeddable":true,"href":"https:\/\/metcomtech.com\/es\/wp-json\/wp\/v2\/comments?post=3411"}],"version-history":[{"count":1,"href":"https:\/\/metcomtech.com\/es\/wp-json\/wp\/v2\/pages\/3411\/revisions"}],"predecessor-version":[{"id":3416,"href":"https:\/\/metcomtech.com\/es\/wp-json\/wp\/v2\/pages\/3411\/revisions\/3416"}],"wp:attachment":[{"href":"https:\/\/metcomtech.com\/es\/wp-json\/wp\/v2\/media?parent=3411"}],"curies":[{"name":"gracias","href":"https:\/\/api.w.org\/{rel}","templated":true}]}}