{"id":386,"date":"2021-12-03T15:35:52","date_gmt":"2021-12-03T15:35:52","guid":{"rendered":"https:\/\/moodle.localhost\/wp\/?page_id=386"},"modified":"2024-05-15T04:15:44","modified_gmt":"2024-05-15T04:15:44","slug":"published-wins","status":"publish","type":"page","link":"https:\/\/metcomtech.com\/es\/published-wins\/","title":{"rendered":"Victorias publicadas de Metcom"},"content":{"rendered":"<p>La siguiente es una lista de historias de \u00e9xito publicadas de plantas que utilizan varios elementos del Sistema de gesti\u00f3n de procesos de molienda de Metcom para lograr mejoras de eficiencia en sus operaciones de molienda. <a href=\"https:\/\/moodle.localhost\/wp\/contact\/\" data-type=\"page\" data-id=\"19\">contacto Metcom<\/a> para obtener m\u00e1s informaci\u00f3n sobre estos y otros ejemplos de c\u00f3mo Metcom trabaja con las operaciones para ofrecer un rendimiento de molienda de minerales de clase mundial.<\/p>\n\n\n\n<p><\/p>\n\n\n\n<div class=\"wp-block-group is-layout-flow wp-block-group-is-layout-flow\">\n<ul class=\"wp-block-list\"><li><strong>Selbaie Mines, concentradora de cobre<\/strong><br>Se demostr\u00f3 una mejora del 20 % en la eficiencia del circuito de molienda a trav\u00e9s de una mejor selecci\u00f3n\/dimensionamiento de los medios de molienda.<br><br><\/li><li>\u201c<strong>Uso del an\u00e1lisis de rendimiento funcional para la prueba y selecci\u00f3n de medios de molienda de plantas<\/strong>.\"  Actas del Simposio Internacional Cobre '91, Ottawa, Canad\u00e1. P\u00c1GINAS. 145-155.<br><br><\/li><li><strong>Quebec Cartier Mines, planta de pellets de mineral de hierro<\/strong><br>Se demostr\u00f3 una mejora del 9% en la eficiencia del circuito de molienda a trav\u00e9s de una mejor selecci\u00f3n\/dimensionamiento de los medios.<br>&quot;Determinaciones comparativas de eficiencia del molino de bolas en circuito abierto en la Compagnie Miniere Quebec Cartier&quot;. Bolet\u00edn CIM, julio-agosto de 1994, p\u00e1gs. 69-70.<br><br><\/li><li><strong>Selbaie, Kidd Creek, Gibraltar y Dome, operaciones de molienda<\/strong><br>En estas operaciones se midi\u00f3 una mejora promedio de la eficiencia del molino de barras del 6% mediante el ajuste de la tasa de adici\u00f3n de agua de alimentaci\u00f3n del molino de barras.<br><br><\/li><li><strong>\"Mejoras de rendimiento en operaciones de fresado de barras industriales\". Bolet\u00edn CIM, marzo de 1995, pp. 90-91.<\/strong><br><br><\/li><li><strong>Kidd Creek Mines, concentrador de metales base<\/strong><br>El tiempo de funcionamiento del circuito de molienda y la rentabilidad general del circuito aumentaron despu\u00e9s de realizar un estudio de compensaci\u00f3n de carga circulante.<br><br><\/li><li><strong>Mejoras en el rendimiento de la planta utilizando la eficiencia del sistema de clasificaci\u00f3n (CSE)   - Ingl\u00e9s:  Plant Performance Improvements Using Classification System Efficiency (CSE)<\/strong>\u201d Ingenier\u00eda de Minas, septiembre de 2014, PP. 72-76.<br><br><\/li><li><strong>Mina Gibraltar, concentradora de cobre<\/strong><br>El tonelaje general de la planta se increment\u00f3 en un 5 % luego de los ajustes de la bomba y el cicl\u00f3n.<br>&quot;Mejoras en el rendimiento de la planta utilizando la &#039;eficiencia del sistema de clasificaci\u00f3n&#039; del circuito de molienda&quot;. Ingenier\u00eda de Minas, septiembre de 2014, PP. 72-76.<br><br><\/li><li><strong>Strathcona, concentrador de n\u00edquel<\/strong><br>Se logr\u00f3 una mejora del 7 % en la eficiencia del circuito de molienda mediante el reemplazo de los ciclones por ciclones modernos de \"alta eficiencia\".<br>\u201cDise\u00f1o\/optimizaci\u00f3n de bombas y ciclones para maximizar la eficiencia del circuito de molienda\u201d. Actas de la Reuni\u00f3n Anual de Procesadores de Minerales Canadienses, 2011, PP. 521-535.<br><br><\/li><li><strong>Tulawaka, molino de oro<\/strong><br>La adici\u00f3n de un espesador despu\u00e9s del circuito del molino de bolas permiti\u00f3 un mayor uso de agua en los ciclones. Esto dio como resultado una molienda m\u00e1s fina del 6-11 % y una recuperaci\u00f3n de oro un 2 % mayor sin energ\u00eda de molienda adicional.<br>&quot;Mejoras en el rendimiento de la planta utilizando la &#039;eficiencia del sistema de clasificaci\u00f3n&#039; del circuito de molienda&quot;. Ingenier\u00eda de Minas, septiembre de 2014, PP. 72-76.<br><br><\/li><li><strong>Tilden, concentradora de mineral de hierro<\/strong><br>La optimizaci\u00f3n del porcentaje de s\u00f3lidos del molino de guijarros result\u00f3 en una mejora del 5% en la eficiencia de molienda del molino.<br>&quot;Enfoque sist\u00e9mico para mejoras de molienda en la concentradora Tilden&quot;. Ingenier\u00eda de Minas, febrero de 2000, PP. 41-47.<br><br><\/li><li><strong>Tilden, concentradora de mineral de hierro<\/strong><br>La optimizaci\u00f3n del tama\u00f1o de los guijarros en la molienda secundaria result\u00f3 en un aumento del 12 % en la eficiencia del circuito de molienda.<br>&quot;Efecto del tama\u00f1o m\u00e1s peque\u00f1o del medio en la eficiencia de molienda del circuito del molino de guijarros&quot;. Actas de la reuni\u00f3n anual de ASISC 2014, Universidad T\u00e9cnica de Michigan, Houghton, EE. UU.<br><br><\/li><li><strong>Una importante operaci\u00f3n de oro<\/strong><br>Los ajustes del circuito de molienda de bolas SAG resultaron en un aumento del 25 % en la eficiencia del circuito de molienda.<br>&quot;M\u00e9tricas de eficiencia para identificar y solucionar problemas de rendimiento de molienda en plantas&quot;. Conferencia de 2015 sobre molienda (semi) aut\u00f3gena, Vancouver, Canad\u00e1.<br><br><\/li><li><strong>Barrick Goldstrike, planta de tostado de oro<\/strong><br>Las mejoras en el tama\u00f1o de los medios en un molino de bolas seco de dos compartimientos contribuyeron a un aumento del 25 % en el tonelaje.<br>&quot;Mejoras en el circuito de molienda en la planta tostadora de Barrick Goldstrike&quot;. Actas de la reuni\u00f3n anual de procesadores de minerales canadienses, 2003, PP. 71-83.<br><br><\/li><li><strong>Mina Brunswick, concentradora de metales base<\/strong><br>Las mejoras en el tama\u00f1o y la selecci\u00f3n de los medios de molienda llevaron a un aumento del 30 % en la productividad del circuito.<br>&quot;Pruebas de Millpebs en el concentrador de Brunswick&quot;. Actas de la reuni\u00f3n anual de procesadores de minerales canadienses, 2006, PP. 263-280.<\/li><\/ul>\n<\/div>","protected":false},"excerpt":{"rendered":"<p>The following is a listing of published success stories of plants using various elements of Metcom&#8217;s Grinding Process Management System to realize efficiency improvements in their grinding operations. Please contact Metcom for more information on these and other examples of how Metcom works with operations to deliver world class mineral grinding performance. Selbaie Mines, copper [&hellip;]<\/p>\n","protected":false},"author":1,"featured_media":0,"parent":0,"menu_order":0,"comment_status":"closed","ping_status":"closed","template":"wp-custom-template-a1-main-template","meta":{"footnotes":""},"class_list":["post-386","page","type-page","status-publish","hentry"],"_links":{"self":[{"href":"https:\/\/metcomtech.com\/es\/wp-json\/wp\/v2\/pages\/386","targetHints":{"allow":["GET"]}}],"collection":[{"href":"https:\/\/metcomtech.com\/es\/wp-json\/wp\/v2\/pages"}],"about":[{"href":"https:\/\/metcomtech.com\/es\/wp-json\/wp\/v2\/types\/page"}],"author":[{"embeddable":true,"href":"https:\/\/metcomtech.com\/es\/wp-json\/wp\/v2\/users\/1"}],"replies":[{"embeddable":true,"href":"https:\/\/metcomtech.com\/es\/wp-json\/wp\/v2\/comments?post=386"}],"version-history":[{"count":6,"href":"https:\/\/metcomtech.com\/es\/wp-json\/wp\/v2\/pages\/386\/revisions"}],"predecessor-version":[{"id":396,"href":"https:\/\/metcomtech.com\/es\/wp-json\/wp\/v2\/pages\/386\/revisions\/396"}],"wp:attachment":[{"href":"https:\/\/metcomtech.com\/es\/wp-json\/wp\/v2\/media?parent=386"}],"curies":[{"name":"gracias","href":"https:\/\/api.w.org\/{rel}","templated":true}]}}