{"id":419,"date":"2021-12-03T16:52:57","date_gmt":"2021-12-03T16:52:57","guid":{"rendered":"https:\/\/moodle.localhost\/wp\/?page_id=419"},"modified":"2024-05-15T19:05:33","modified_gmt":"2024-05-15T19:05:33","slug":"metcom-grinding-bulletin","status":"publish","type":"page","link":"https:\/\/metcomtech.com\/es\/metcom-home\/metcom-grinding-bulletin\/","title":{"rendered":"Metcom Bolet\u00edn de Molienda"},"content":{"rendered":"<p>Los boletines de molienda de Metcom brindan consejos \u00fatiles e informaci\u00f3n \u00fatil para los metal\u00fargicos que pueden aplicar en el trabajo de inmediato.<\/p>\n\n\n\n<p>Suscr\u00edbase a nuestra lista de correo electr\u00f3nico para recibir notificaciones cuando se emitan nuevos boletines y otras noticias de Metcom. <\/p>\n\n\n\n<div class=\"wp-block-buttons is-horizontal is-content-justification-center is-layout-flex wp-container-core-buttons-is-layout-03627597 wp-block-buttons-is-layout-flex\">\n<div class=\"wp-block-button\"><a class=\"wp-block-button__link wp-element-button\" href=\"https:\/\/visitor.r20.constantcontact.com\/manage\/optin\/ea?v=001l4vdcbuN-kh_QFliQfFWdw\">\u00danete a nuestra lista de correos<\/a><\/div>\n<\/div>\n\n\n\n<hr class=\"wp-block-separator has-css-opacity\"\/>\n\n\n\n<div class=\"wp-block-columns is-layout-flex wp-container-core-columns-is-layout-28f84493 wp-block-columns-is-layout-flex\">\n<div class=\"wp-block-column is-layout-flow wp-block-column-is-layout-flow\" style=\"flex-basis:5px\"><\/div>\n\n\n\n<div class=\"wp-block-column has-accent-4-background-color has-background is-layout-flow wp-block-column-is-layout-flow\" style=\"flex-basis:75%\">\n<p class=\"has-contrast-color has-contrast-2-background-color has-text-color has-background\"><a href=\"https:\/\/metcomtech.com\/es\/moodle\/wp\/grindingbulletin1\/\" data-type=\"page\" data-id=\"322\"><mark style=\"background-color:rgba(0, 0, 0, 0)\" class=\"has-inline-color has-base-color\"><strong>#1 Determine su \"raz\u00f3n de carga circulante\" con rapidez y precisi\u00f3n<\/strong><\/mark><\/a><\/p>\n\n\n\n<p class=\"has-white-color has-contrast-2-background-color has-text-color has-background\"><a href=\"https:\/\/metcomtech.com\/es\/moodle\/wp\/grindingbulletin2\/\" data-type=\"page\" data-id=\"539\"><mark style=\"background-color:rgba(0, 0, 0, 0)\" class=\"has-inline-color has-base-color\"><strong>#2 Determine rapidamente la fineza de su molienda<\/strong><\/mark><\/a><\/p>\n\n\n\n<p class=\"has-white-color has-contrast-2-background-color has-text-color has-background\"><a href=\"https:\/\/metcomtech.com\/es\/moodle\/wp\/grinding-bulletin-3\/\" data-type=\"page\" data-id=\"561\"><mark style=\"background-color:rgba(0, 0, 0, 0)\" class=\"has-inline-color has-base-color\"><strong>#3 \u00bfPor qu\u00e9 vemos un aumento en la potencia de nuestro molino de bolas cuando se corta la energ\u00eda?<\/strong><\/mark><\/a><\/p>\n\n\n\n<p class=\"has-white-color has-contrast-2-background-color has-text-color has-background\"><a href=\"https:\/\/metcomtech.com\/es\/moodle\/wp\/grinding-bulletin-4\/\" data-type=\"page\" data-id=\"579\"><mark style=\"background-color:rgba(0, 0, 0, 0)\" class=\"has-inline-color has-base-color\"><strong># 4 \u00bfPor qu\u00e9 necesitamos una carga recirculante tan alta en nuestro molino de bolas?<\/strong><\/mark><\/a><\/p>\n\n\n\n<p class=\"has-white-color has-contrast-2-background-color has-text-color has-background\"><a href=\"https:\/\/metcomtech.com\/es\/moodle\/wp\/grindng-bulletin-5\/\" data-type=\"page\" data-id=\"574\"><strong><mark style=\"background-color:rgba(0, 0, 0, 0)\" class=\"has-inline-color has-base-color\">#5 \u00bfQu\u00e9 es exactamente el 'Indice de trabajo' (Work Index) y c\u00f3mo podemos hacer uso de \u00e9l?<\/mark><\/strong><\/a><\/p>\n\n\n\n<p class=\"has-white-color has-contrast-2-background-color has-text-color has-background\"><a href=\"https:\/\/metcomtech.com\/es\/moodle\/wp\/grinding-bulletin-6\/\" data-type=\"page\" data-id=\"589\"><strong><mark style=\"background-color:rgba(0, 0, 0, 0)\" class=\"has-inline-color has-base-color\">#6 Calcule la 'Eficiencia del Indice de Trabajo' de su circuito de molienda<\/mark><\/strong><\/a><\/p>\n\n\n\n<p class=\"has-white-color has-contrast-2-background-color has-text-color has-background\"><a href=\"https:\/\/metcomtech.com\/es\/moodle\/wp\/grinding-bulletin-7\/\" data-type=\"page\" data-id=\"594\"><strong><mark style=\"background-color:rgba(0, 0, 0, 0)\" class=\"has-inline-color has-base-color\">#7 \u00bfC\u00f3mo se pueden reducir los costos con poco o nada de capital?<\/mark><\/strong><\/a><\/p>\n\n\n\n<p class=\"has-white-color has-contrast-2-background-color has-text-color has-background\"><a href=\"https:\/\/metcomtech.com\/es\/moodle\/wp\/grinding-bulletin-8\/\" data-type=\"page\" data-id=\"600\"><strong><mark style=\"background-color:rgba(0, 0, 0, 0)\" class=\"has-inline-color has-base-color\">#8 \u00bfC\u00f3mo se puede usar el uso de agua del cicl\u00f3n para aumentar la eficiencia del circuito del molino de bolas?<\/mark><\/strong><\/a><\/p>\n<\/div>\n\n\n\n<div class=\"wp-block-column is-layout-flow wp-block-column-is-layout-flow\" style=\"flex-basis:16.67%\"><\/div>\n<\/div>\n\n\n\n<p><\/p>","protected":false},"excerpt":{"rendered":"<p>The Metcom Grinding Bulletins provide helpful tips and useful information for metallurgists that they can apply on the job right away. Subscribe to our email list to receive notifications when new bulletins are issued and other Metcom news. #1 Quickly and accurately determine your&nbsp;&#8220;Circulating Load Ratio&#8221; #2 Quickly determine your fineness of grind #3 Why [&hellip;]<\/p>\n","protected":false},"author":1,"featured_media":0,"parent":57,"menu_order":1,"comment_status":"closed","ping_status":"closed","template":"wp-custom-template-a1-main-template","meta":{"footnotes":""},"class_list":["post-419","page","type-page","status-publish","hentry"],"_links":{"self":[{"href":"https:\/\/metcomtech.com\/es\/wp-json\/wp\/v2\/pages\/419","targetHints":{"allow":["GET"]}}],"collection":[{"href":"https:\/\/metcomtech.com\/es\/wp-json\/wp\/v2\/pages"}],"about":[{"href":"https:\/\/metcomtech.com\/es\/wp-json\/wp\/v2\/types\/page"}],"author":[{"embeddable":true,"href":"https:\/\/metcomtech.com\/es\/wp-json\/wp\/v2\/users\/1"}],"replies":[{"embeddable":true,"href":"https:\/\/metcomtech.com\/es\/wp-json\/wp\/v2\/comments?post=419"}],"version-history":[{"count":35,"href":"https:\/\/metcomtech.com\/es\/wp-json\/wp\/v2\/pages\/419\/revisions"}],"predecessor-version":[{"id":2971,"href":"https:\/\/metcomtech.com\/es\/wp-json\/wp\/v2\/pages\/419\/revisions\/2971"}],"up":[{"embeddable":true,"href":"https:\/\/metcomtech.com\/es\/wp-json\/wp\/v2\/pages\/57"}],"wp:attachment":[{"href":"https:\/\/metcomtech.com\/es\/wp-json\/wp\/v2\/media?parent=419"}],"curies":[{"name":"gracias","href":"https:\/\/api.w.org\/{rel}","templated":true}]}}