{"id":430,"date":"2021-12-03T17:19:47","date_gmt":"2021-12-03T17:19:47","guid":{"rendered":"https:\/\/moodle.localhost\/wp\/?page_id=430"},"modified":"2024-05-15T04:15:44","modified_gmt":"2024-05-15T04:15:44","slug":"privacy-policy-2","status":"publish","type":"page","link":"https:\/\/metcomtech.com\/es\/privacy-policy-2\/","title":{"rendered":"pol\u00edtica de privacidad"},"content":{"rendered":"<h2 class=\"wp-block-heading\">Introducci\u00f3n <\/h2>\n\n\n\n<p>Metcom Technologies, Inc. se compromete a proteger su privacidad. Procesaremos sus datos personales \u00fanicamente de acuerdo con la legislaci\u00f3n de privacidad y protecci\u00f3n de datos pertinente y las buenas pr\u00e1cticas de procesamiento de datos.<\/p>\n\n\n\n<p>Metcom Technologies, Inc. (\u201cMetcom\u201d o \u201cnosotros\u201d) es el controlador de los datos personales relacionados con los clientes de Metcom, visitantes del sitio web, distribuidores, proveedores, contratistas, solicitantes de empleo, accionistas, personas con informaci\u00f3n privilegiada e inventores.<\/p>\n\n\n\n<p>En este Aviso de Privacidad, le informamos sobre el procesamiento de datos personales de Metcom en general y le brindamos instrucciones sobre c\u00f3mo ejercer sus derechos con respecto al procesamiento de sus datos personales. Los suplementos espec\u00edficos del interesado proporcionan informaci\u00f3n m\u00e1s espec\u00edfica sobre qu\u00e9 tipo de datos personales procesamos y cu\u00e1les son los fines para procesar datos personales sobre usted en situaciones espec\u00edficas.<\/p>\n\n\n\n<p><\/p>\n\n\n\n<h2 class=\"wp-block-heading\">Contacto<\/h2>\n\n\n\n<p>La direcci\u00f3n de nuestro sitio web es: https:\/\/metcomtech.com<br><br>La direcci\u00f3n de nuestra oficina central es:<\/p>\n\n\n\n<p><strong>Metcom tecnolog\u00edas, inc.<\/strong><br><strong>501 Avenida Sur Pokegama, Suite 6<br>Grand Rapids, Minnesota 55744<\/strong><br><strong>EE.UU<\/strong><\/p>\n\n\n\n<p>Tel\u00e9fono:<strong>&nbsp;218-212-4350<\/strong><\/p>\n\n\n\n<h2 class=\"wp-block-heading\">Clientes y distribuidores<\/h2>\n\n\n\n<p><br><strong>CATEGOR\u00cdAS Y FUENTES DE DATOS PERSONALES<br><\/strong>Principalmente recopilamos datos personales directamente de usted si es un representante de nuestro cliente, cliente potencial, distribuidor o cliente de nuestro distribuidor. Puede proporcionarnos datos personales, por ejemplo, contact\u00e1ndonos, brind\u00e1ndonos comentarios, registr\u00e1ndose como usuario de nuestras herramientas y servicios digitales, comprando nuestros productos o servicios, suscribi\u00e9ndose a nuestros boletines u otro material, comentando el contenido de nuestro sitio web o descargando material. de nosotros. En algunos casos, obtenemos sus datos personales de su empleador o de fuentes p\u00fablicas como redes sociales o de nuestro distribuidor, si usted es un representante del cliente de nuestro distribuidor.<\/p>\n\n\n\n<p>Si usted es un representante de Metcom, un cliente, cliente potencial o distribuidor, procesamos las siguientes categor\u00edas de datos personales sobre usted:<\/p>\n\n\n\n<p>Su identificaci\u00f3n y datos de contacto, como su nombre, empresa, cargo, funci\u00f3n laboral, direcci\u00f3n de correo electr\u00f3nico, n\u00famero de tel\u00e9fono, fotograf\u00eda e informaci\u00f3n de pasaporte (cuando sea necesario, por ejemplo, para participar en un evento);<\/p>\n\n\n\n<p>Informaci\u00f3n sobre la relaci\u00f3n con el cliente, como informaci\u00f3n sobre sus compras anteriores de productos y servicios de Metcom, informaci\u00f3n de facturaci\u00f3n, preferencias de comunicaci\u00f3n, informaci\u00f3n de participaci\u00f3n en eventos, sus intereses en productos, informaci\u00f3n sobre el uso de los productos y servicios de Metcom, cualquier comentario que nos haya brindado. y otra informaci\u00f3n relevante proporcionada por usted;<\/p>\n\n\n\n<p>La informaci\u00f3n de su cuenta, como nombre de usuario, contrase\u00f1a e informaci\u00f3n de preferencias personales en la cuenta de inicio de sesi\u00f3n de Metcom o en el Centro de preferencias; y<\/p>\n\n\n\n<p>Informaci\u00f3n t\u00e9cnica, como direcci\u00f3n IP, informaci\u00f3n del equipo terminal e informaci\u00f3n de ubicaci\u00f3n del dispositivo (si ha dado su consentimiento para proporcionar informaci\u00f3n de ubicaci\u00f3n para una aplicaci\u00f3n espec\u00edfica).<\/p>\n\n\n\n<p><strong>Fines del procesamiento<\/strong><\/p>\n\n\n\n<p>En Metcom tratamos los datos personales de representantes de nuestros clientes, clientes potenciales y distribuidores para las siguientes finalidades:<\/p>\n\n\n\n<ul class=\"wp-block-list\"><li>Comercializar y vender nuestros productos y servicios;<\/li><li>Para entregar nuestros productos o servicios;<\/li><li>Gestionar la facturaci\u00f3n y los pagos;<\/li><li>Proporcionar atenci\u00f3n al cliente para productos y servicios vendidos;<\/li><li>Desarrollar nuestros productos y servicios basados en encuestas y comentarios de los clientes;<\/li><li>Para proporcionar comunicaci\u00f3n al cliente, como notificaciones sobre nuevas funciones, actualizaciones, garant\u00eda u otra informaci\u00f3n relevante sobre el producto o servicio vendido;<\/li><li>Gestionar las relaciones con los clientes;<\/li><li>Organizar y gestionar eventos como capacitaciones para distribuidores;<\/li><li>Para proporcionar y gestionar nuestros servicios digitales, como Streamline y Metcom Training;<\/li><li>Para medir la efectividad de nuestro marketing y brindarle contenido m\u00e1s relevante;<\/li><li>Para cumplir con nuestras otras obligaciones legales.<\/li><\/ul>\n\n\n\n<h2 class=\"wp-block-heading\"><br>Base legal<\/h2>\n\n\n\n<p>Procesamos sus datos personales solo si tenemos una base legal v\u00e1lida para hacerlo. Encuentre informaci\u00f3n sobre la base legal para nuestros fines de procesamiento a continuaci\u00f3n:<\/p>\n\n\n\n<h2 class=\"wp-block-heading\">Inter\u00e9s leg\u00edtimo<\/h2>\n\n\n\n<p>El procesamiento de sus datos personales se basa en nuestro inter\u00e9s leg\u00edtimo cuando se realiza con fines de marketing, venta y desarrollo de nuestros productos y servicios, o con fines de gestionar las relaciones con los clientes, proporcionar comunicaci\u00f3n con los clientes y organizar eventos. Tambi\u00e9n es de nuestro inter\u00e9s leg\u00edtimo medir la efectividad de nuestro marketing, entregar nuestros bienes y servicios, brindarle nuestros servicios digitales, brindar atenci\u00f3n al cliente para los bienes y servicios vendidos y administrar facturas y pagos.<\/p>\n\n\n\n<h2 class=\"wp-block-heading\">Obligaci\u00f3n legal<\/h2>\n\n\n\n<p>La base legal para el procesamiento es nuestra obligaci\u00f3n legal cuando estamos sujetos a requisitos legales.<\/p>\n\n\n\n<h2 class=\"wp-block-heading\">Consentir<\/h2>\n\n\n\n<p>Le proporcionamos nuestro bolet\u00edn informativo y otro material cuando haya dado su consentimiento para recibirlos. Puede retirar en cualquier momento su consentimiento para recibir boletines u otro material utilizando el bot\u00f3n &#039;Cancelar suscripci\u00f3n | Enlace de actualizaci\u00f3n de Preferencias incluido en el correo electr\u00f3nico.<\/p>\n\n\n\n<h2 class=\"wp-block-heading\"><strong>Contrato<\/strong><\/h2>\n\n\n\n<p>Cuando hemos celebrado un acuerdo contractual directamente con un individuo, como un comerciante individual, la base legal para procesar datos personales es la ejecuci\u00f3n de un contrato con el fin de entregar nuestros bienes y servicios, brindarle nuestros servicios digitales, brindarle al cliente soporte para bienes y servicios vendidos, y gesti\u00f3n de facturas y pagos.<\/p>\n\n\n\n<h2 class=\"wp-block-heading\">Comentarios<\/h2>\n\n\n\n<p>Cuando los visitantes dejan comentarios en el sitio, recopilamos los datos que se muestran en el formulario de comentarios, y tambi\u00e9n la direcci\u00f3n IP del visitante y la cadena de agente de usuario del navegador para ayudar a la detecci\u00f3n de spam.<\/p>\n\n\n\n<p>Es posible que se proporcione al servicio Gravatar una cadena an\u00f3nima creada a partir de su direcci\u00f3n de correo electr\u00f3nico (tambi\u00e9n llamada hash) para ver si la est\u00e1 utilizando. La pol\u00edtica de privacidad del servicio Gravatar est\u00e1 disponible aqu\u00ed: https:\/\/automattic.com\/privacy\/. Despu\u00e9s de la aprobaci\u00f3n de su comentario, su foto de perfil ser\u00e1 visible para el p\u00fablico en el contexto de su comentario.<\/p>\n\n\n\n<h2 class=\"wp-block-heading\">Medios de comunicaci\u00f3n<\/h2>\n\n\n\n<p><strong class=\"privacy-policy-tutorial\"> <\/strong>Si subes im\u00e1genes al sitio web, debes evitar subir im\u00e1genes con datos de ubicaci\u00f3n incrustados (GPS EXIF) incluidos. Los visitantes del sitio web pueden descargar y extraer cualquier dato de ubicaci\u00f3n de las im\u00e1genes del sitio web.<\/p>\n\n\n\n<h2 class=\"wp-block-heading\">Galletas<\/h2>\n\n\n\n<p><strong class=\"privacy-policy-tutorial\"> <\/strong>Si deja un comentario en nuestro sitio, puede optar por guardar su nombre, direcci\u00f3n de correo electr\u00f3nico y sitio web en cookies. Esto es para tu comodidad para que no tengas que volver a completar tus datos cuando dejes otro comentario. Estas cookies tendr\u00e1n una duraci\u00f3n de un a\u00f1o.<\/p>\n\n\n\n<p>Si visita nuestra p\u00e1gina de inicio de sesi\u00f3n, configuraremos una cookie temporal para determinar si su navegador acepta cookies. Esta cookie no contiene datos personales y se descarta al cerrar el navegador.<\/p>\n\n\n\n<p>Cuando inicie sesi\u00f3n, tambi\u00e9n configuraremos varias cookies para guardar su informaci\u00f3n de inicio de sesi\u00f3n y sus opciones de visualizaci\u00f3n de pantalla. Las cookies de inicio de sesi\u00f3n duran dos d\u00edas y las cookies de opciones de pantalla duran un a\u00f1o. Si selecciona &quot;Recordarme&quot;, su inicio de sesi\u00f3n persistir\u00e1 durante dos semanas. Si cierra sesi\u00f3n en su cuenta, se eliminar\u00e1n las cookies de inicio de sesi\u00f3n.<\/p>\n\n\n\n<p>Si edita o publica un art\u00edculo, se guardar\u00e1 una cookie adicional en su navegador. Esta cookie no incluye datos personales y simplemente indica el ID de la publicaci\u00f3n del art\u00edculo que acaba de editar. Caduca despu\u00e9s de 1 d\u00eda.<\/p>\n\n\n\n<h2 class=\"wp-block-heading\">Contenido incrustado de otros sitios web<\/h2>\n\n\n\n<p><strong class=\"privacy-policy-tutorial\"> <\/strong>Los art\u00edculos de este sitio pueden incluir contenido incrustado (por ejemplo, v\u00eddeos, im\u00e1genes, art\u00edculos, etc.). El contenido incrustado de otros sitios web se comporta exactamente de la misma manera que si el visitante hubiera visitado el otro sitio web.<\/p>\n\n\n\n<p>Estos sitios web pueden recopilar datos sobre usted, utilizar cookies, incorporar seguimiento adicional de terceros y monitorear su interacci\u00f3n con ese contenido incrustado, incluido el seguimiento de su interacci\u00f3n con el contenido incrustado si tiene una cuenta y ha iniciado sesi\u00f3n en ese sitio web.<\/p>\n\n\n\n<h2 class=\"wp-block-heading\">Cu\u00e1nto tiempo conservamos tus datos<\/h2>\n\n\n\n<p>Si deja un comentario, el comentario y sus metadatos se conservan indefinidamente. Esto es para que podamos reconocer y aprobar cualquier comentario de seguimiento autom\u00e1ticamente en lugar de mantenerlos en una cola de moderaci\u00f3n.<\/p>\n\n\n\n<p>Para los usuarios que se registran en nuestro sitio web (si los hay), tambi\u00e9n almacenamos la informaci\u00f3n personal que proporcionan en su perfil de usuario. Todos los usuarios pueden ver, editar o eliminar su informaci\u00f3n personal en cualquier momento (excepto que no pueden cambiar su nombre de usuario). Los administradores del sitio web tambi\u00e9n pueden ver y editar esa informaci\u00f3n.<\/p>\n\n\n\n<h2 class=\"wp-block-heading\">Qu\u00e9 derechos tienes sobre tus datos<\/h2>\n\n\n\n<p><strong class=\"privacy-policy-tutorial\"> <\/strong>Si tiene una cuenta en este sitio o ha dejado comentarios, puede solicitar recibir un archivo exportado de los datos personales que tenemos sobre usted, incluidos los datos que nos haya proporcionado. Tambi\u00e9n puede solicitar que borremos cualquier dato personal que tengamos sobre usted. Esto no incluye ning\u00fan dato que estemos obligados a conservar con fines administrativos, legales o de seguridad.<\/p>\n\n\n\n<h2 class=\"wp-block-heading\">D\u00f3nde enviamos tus datos<\/h2>\n\n\n\n<p><strong class=\"privacy-policy-tutorial\">Texto sugerido: <\/strong>Los comentarios de los visitantes pueden revisarse a trav\u00e9s de un servicio automatizado de detecci\u00f3n de spam.<\/p>","protected":false},"excerpt":{"rendered":"<p>Introduction Metcom Technologies, Inc. is committed to protecting your privacy. We will process your personal data only in accordance with relevant data protection and privacy legislation and good data processing practices. Metcom Technologies, Inc. (\u201cMetcom\u201d or \u201cwe\u201d) is the controller for the personal data concerning Metcom customers, website visitors, distributors, suppliers, contractors, job applicants, shareholders, [&hellip;]<\/p>\n","protected":false},"author":1,"featured_media":0,"parent":0,"menu_order":0,"comment_status":"closed","ping_status":"closed","template":"wp-custom-template-a1-main-template","meta":{"footnotes":""},"class_list":["post-430","page","type-page","status-publish","hentry"],"_links":{"self":[{"href":"https:\/\/metcomtech.com\/es\/wp-json\/wp\/v2\/pages\/430","targetHints":{"allow":["GET"]}}],"collection":[{"href":"https:\/\/metcomtech.com\/es\/wp-json\/wp\/v2\/pages"}],"about":[{"href":"https:\/\/metcomtech.com\/es\/wp-json\/wp\/v2\/types\/page"}],"author":[{"embeddable":true,"href":"https:\/\/metcomtech.com\/es\/wp-json\/wp\/v2\/users\/1"}],"replies":[{"embeddable":true,"href":"https:\/\/metcomtech.com\/es\/wp-json\/wp\/v2\/comments?post=430"}],"version-history":[{"count":2,"href":"https:\/\/metcomtech.com\/es\/wp-json\/wp\/v2\/pages\/430\/revisions"}],"predecessor-version":[{"id":435,"href":"https:\/\/metcomtech.com\/es\/wp-json\/wp\/v2\/pages\/430\/revisions\/435"}],"wp:attachment":[{"href":"https:\/\/metcomtech.com\/es\/wp-json\/wp\/v2\/media?parent=430"}],"curies":[{"name":"gracias","href":"https:\/\/api.w.org\/{rel}","templated":true}]}}