{"id":44,"date":"2021-11-30T23:13:53","date_gmt":"2021-11-30T23:13:53","guid":{"rendered":"https:\/\/moodle.localhost\/wp\/?page_id=44"},"modified":"2024-07-17T15:13:57","modified_gmt":"2024-07-17T15:13:57","slug":"training","status":"publish","type":"page","link":"https:\/\/metcomtech.com\/es\/training\/","title":{"rendered":"Formaci\u00f3n"},"content":{"rendered":"<p class=\"has-white-color has-luminous-vivid-orange-background-color has-text-color has-background has-medium-font-size\">\u00a1Desmitificar el\nproceso de molienda!<\/p>\n\n\n\n<div class=\"wp-block-columns is-layout-flex wp-container-core-columns-is-layout-28f84493 wp-block-columns-is-layout-flex\">\n<div class=\"wp-block-column is-layout-flow wp-block-column-is-layout-flow\" style=\"flex-basis:66.66%\">\n<p>Los M\u00f3dulos del formaci\u00f3n Metcom incluyen ahora la Evaluaci\u00f3n de Molienda (S)AG y el Rendimiento funcional de molienda de bolas. Estos 22 m\u00f3dulos cubren todos las etapas y m\u00e9todos de medici\u00f3n requeridos para evaluar y mejorar la eficiencia de plantas industriales de molienda.<\/p>\n\n\n\n<p>Toda la formaci\u00f3n est\u00e1 disponible en <strong>ingl\u00e9s, franc\u00e9s y espa\u00f1ol.<\/strong><\/p>\n\n\n\n<p>Estos m\u00f3dulos contienen todos los elementos del Sistema de Gesti\u00f3n de Procesos de Molienda Metcom (<a href=\"https:\/\/metcomtech.com\/es\/moodle\/wp\/modules-and-general-objectives\/\" data-type=\"page\" data-id=\"646\"><u>haga clic aqu\u00ed<\/u>&nbsp;<\/a>para ver la lista completa de m\u00f3dulos de entrenamiento), incluyendo la manera c\u00f3mo usted puede implementar estas valiosas herramientas en su planta.<\/p>\n\n\n\n<p>Este formaci\u00f3n especializado ha sido dise\u00f1ado para Metalurgistas de planta, T\u00e9cnicos y Administradores de planta. Operadores de planta pueden asimismo beneficiarse con nuestro programa de formaci\u00f3n.&nbsp;<u><a href=\"http:\/\/moodle.localhost\/wp\/wp-content\/uploads\/2021\/12\/Cirriculum.pdf\" data-type=\"URL\" data-id=\"http:\/\/moodle.localhost\/wp\/wp-content\/uploads\/2021\/12\/Cirriculum.pdf\" target=\"_blank\" rel=\"noreferrer noopener\">haga clic aqu\u00ed<\/a><\/u>&nbsp;para ver un ejemplo de un plan de estudios completo de plantas.<\/p>\n\n\n\n<p>Nuevos participantes&nbsp;<u><a href=\"https:\/\/metcomtech.com\/es\/moodle\/wp\/welcome\/\" data-type=\"page\" data-id=\"666\">haga clic aqu\u00ed<\/a><\/u>&nbsp;para una Introducci\u00f3n del desarrollador de formaci\u00f3n de Metcom, R.E McIvor, que explica lo que aprender\u00e1 y c\u00f3mo su organizaci\u00f3n se beneficiar\u00e1 de esta formaci\u00f3n innovadora.<\/p>\n\n\n\n<div class=\"wp-block-buttons is-layout-flex wp-block-buttons-is-layout-flex\">\n<div class=\"wp-block-button is-style-fill\"><a class=\"wp-block-button__link wp-element-button\" href=\"https:\/\/metcomtech.com\/es\/order\/\"><strong>Solicitar formaci\u00f3n en l\u00ednea<\/strong><\/a><\/div>\n<\/div>\n<\/div>\n\n\n\n<div class=\"wp-block-column is-layout-flow wp-block-column-is-layout-flow\" style=\"flex-basis:33.33%\">\n<figure class=\"wp-block-image size-full is-resized\"><img loading=\"lazy\" decoding=\"async\" width=\"686\" height=\"943\" src=\"https:\/\/metcomtech.com\/wp-content\/uploads\/2024\/04\/Met-BM.jpg\" alt=\"\" class=\"wp-image-2433\" style=\"width:241px;height:352px\" srcset=\"https:\/\/metcomtech.com\/wp-content\/uploads\/2024\/04\/Met-BM.jpg 686w, https:\/\/metcomtech.com\/wp-content\/uploads\/2024\/04\/Met-BM-300x412.jpg 300w, https:\/\/metcomtech.com\/wp-content\/uploads\/2024\/04\/Met-BM-200x275.jpg 200w\" sizes=\"auto, (max-width: 686px) 100vw, 686px\" \/><\/figure>\n<\/div>\n<\/div>","protected":false},"excerpt":{"rendered":"<p>Demystify the Grinding Process! Metcom Training Modules feature Functional Performance of Ball Milling, and deliver all the steps and methods needed to measure and improve the performance of plant grinding operations. All training is available in English, French, and Spanish. These modules contain every element of the Metcom Grinding Management System (Click here&nbsp;to see a [&hellip;]<\/p>\n","protected":false},"author":1,"featured_media":0,"parent":0,"menu_order":0,"comment_status":"closed","ping_status":"closed","template":"wp-custom-template-a1-main-template","meta":{"footnotes":""},"class_list":["post-44","page","type-page","status-publish","hentry"],"_links":{"self":[{"href":"https:\/\/metcomtech.com\/es\/wp-json\/wp\/v2\/pages\/44","targetHints":{"allow":["GET"]}}],"collection":[{"href":"https:\/\/metcomtech.com\/es\/wp-json\/wp\/v2\/pages"}],"about":[{"href":"https:\/\/metcomtech.com\/es\/wp-json\/wp\/v2\/types\/page"}],"author":[{"embeddable":true,"href":"https:\/\/metcomtech.com\/es\/wp-json\/wp\/v2\/users\/1"}],"replies":[{"embeddable":true,"href":"https:\/\/metcomtech.com\/es\/wp-json\/wp\/v2\/comments?post=44"}],"version-history":[{"count":12,"href":"https:\/\/metcomtech.com\/es\/wp-json\/wp\/v2\/pages\/44\/revisions"}],"predecessor-version":[{"id":3153,"href":"https:\/\/metcomtech.com\/es\/wp-json\/wp\/v2\/pages\/44\/revisions\/3153"}],"wp:attachment":[{"href":"https:\/\/metcomtech.com\/es\/wp-json\/wp\/v2\/media?parent=44"}],"curies":[{"name":"gracias","href":"https:\/\/api.w.org\/{rel}","templated":true}]}}