{"id":539,"date":"2021-12-04T01:51:36","date_gmt":"2021-12-04T01:51:36","guid":{"rendered":"https:\/\/moodle.localhost\/wp\/?page_id=539"},"modified":"2024-05-15T04:05:01","modified_gmt":"2024-05-15T04:05:01","slug":"grindingbulletin2","status":"publish","type":"page","link":"https:\/\/metcomtech.com\/es\/grindingbulletin2\/","title":{"rendered":"Bolet\u00edn No.2"},"content":{"rendered":"<h5 class=\"wp-block-heading\"> Determine rapidamente la fineza de su molienda<\/h5>\n\n\n\n<p class=\"has-small-font-size\">Si la eficiencia metal\u00fargica de la flotaci\u00f3n (u de otro m\u00e9todo de separaci\u00f3n mineral empleado) no es satisfactoria y usted sospecha que el grado de molienda puede ser la causa, es posible comprobarlo r\u00e1pidamente usando un recipiente de volumen fijo conocido (como por ejemplo el recipiente de un litro de la balanza Marcy), una balanza y un tamiz. La mejor manera de demostrarlo es mediante un ejemplo.<\/p>\n\n\n\n<p class=\"has-small-font-size\">Silvia, la metalurgista de la planta, muestrea un litro de pulpa del rebalse del cicl\u00f3n de la molienda mediante la balanza Marcy. A continuaci\u00f3n lo pesa, sustrae el peso del recipiente, determinando que el peso de la pulpa es de 1,200 g. La densidad de la pulpa es pues de 1.2 g\/cc. Sabiendo que el mineral tiene una densidad de 3.0 g\/cc, ella calcula el peso de los s\u00f3lidos de la siguiente manera.<\/p>\n\n\n\n<figure class=\"wp-block-table is-style-stripes\"><table><thead><tr><th><\/th><th class=\"has-text-align-center\" data-align=\"center\">Peso (g)<\/th><th class=\"has-text-align-center\" data-align=\"center\">Densidad (g\/cc)<\/th><th class=\"has-text-align-center\" data-align=\"center\">Volumen (cc)<\/th><\/tr><\/thead><tbody><tr><td>Solidos (mineral)<\/td><td class=\"has-text-align-center\" data-align=\"center\">\u00bfA?<\/td><td class=\"has-text-align-center\" data-align=\"center\">3.0<\/td><td class=\"has-text-align-center\" data-align=\"center\">\u00bfB?<\/td><\/tr><tr><td>Agua<\/td><td class=\"has-text-align-center\" data-align=\"center\">\u00bfC?<\/td><td class=\"has-text-align-center\" data-align=\"center\">1.0<\/td><td class=\"has-text-align-center\" data-align=\"center\">\u00bfC?<\/td><\/tr><tr><td>Pulpa (total)<\/td><td class=\"has-text-align-center\" data-align=\"center\">1,200<\/td><td class=\"has-text-align-center\" data-align=\"center\">1.2<\/td><td class=\"has-text-align-center\" data-align=\"center\">1,000<\/td><\/tr><tr><td><br><br><\/td><td class=\"has-text-align-center\" data-align=\"center\">A = 1.200-C<\/td><td class=\"has-text-align-center\" data-align=\"center\"><\/td><td class=\"has-text-align-center\" data-align=\"center\"><br>C = 1000 \u2013 B<\/td><\/tr><\/tbody><\/table><figcaption class=\"wp-element-caption\"><mark style=\"background-color:rgba(0, 0, 0, 0)\" class=\"has-inline-color has-contrast-color\"><strong>A<\/strong> <strong>= 1.200 \u2013 (1.000 \u2013 B) = 200 + B<\/strong><\/mark><\/figcaption><\/figure>\n\n\n\n<p>A = B x 3<br>200 + B = 3 x B,   o   200 = 2 x B<br>B = 100<br>A = 200 + B = 300<br><br>El peso de los solidos en el recipiente es pues de 300 g.<\/p>\n\n\n\n<p>Silvia enjuaga el recipiente sobre un tamiz de 65 mallas (212 um) montado sobre un anillo vibrador, lavando hasta que el material retenido quede limpio.   Devuelve el material retenido al recipiente de la balanza Marcy y lo completa con agua hasta rebalse; en seguida lo pesa y sustrae el peso del recipiente vac\u00edo, obteniendo esta vez 1080 g de \"pulpa\". Nuevamente calcula el peso de los s\u00f3lidos contenidos en el recipiente de la manera siguiente.<\/p>\n\n\n\n<figure class=\"wp-block-table is-style-stripes\"><table><thead><tr><th><\/th><th class=\"has-text-align-center\" data-align=\"center\">Peso (g)<\/th><th class=\"has-text-align-center\" data-align=\"center\">Densidad (g\/cc)<\/th><th class=\"has-text-align-center\" data-align=\"center\">Volumen (cc)<\/th><\/tr><\/thead><tbody><tr><td>Solidos (mineral)<\/td><td class=\"has-text-align-center\" data-align=\"center\">\u00bfA?<\/td><td class=\"has-text-align-center\" data-align=\"center\">3.0<\/td><td class=\"has-text-align-center\" data-align=\"center\">\u00bfB?<\/td><\/tr><tr><td>Agua<\/td><td class=\"has-text-align-center\" data-align=\"center\">\u00bfC?<\/td><td class=\"has-text-align-center\" data-align=\"center\">1.0<\/td><td class=\"has-text-align-center\" data-align=\"center\">\u00bfC?<\/td><\/tr><tr><td>Pulpa (total)<\/td><td class=\"has-text-align-center\" data-align=\"center\">1,080<\/td><td class=\"has-text-align-center\" data-align=\"center\">1.08<\/td><td class=\"has-text-align-center\" data-align=\"center\">1,000<\/td><\/tr><tr><td><br><br><\/td><td class=\"has-text-align-center\" data-align=\"center\">A = 1.080-C<\/td><td class=\"has-text-align-center\" data-align=\"center\"><\/td><td class=\"has-text-align-center\" data-align=\"center\"><br>C = 1000 \u2013 B<\/td><\/tr><\/tbody><\/table><figcaption class=\"wp-element-caption\"><mark style=\"background-color:rgba(0, 0, 0, 0)\" class=\"has-inline-color has-contrast-color\"><strong>A = <\/strong>1.080 \u2013 (1.000 \u2013 B) = 80 + B<\/mark><\/figcaption><\/figure>\n\n\n\n<p class=\"has-small-font-size\">A = B x 3<\/p>\n\n\n\n<p class=\"has-small-font-size\">80 + B = 3 x B, or 80 = 2 x B<\/p>\n\n\n\n<p class=\"has-small-font-size\">B = 40<\/p>\n\n\n\n<p class=\"has-small-font-size\">A = 80 + B = 120<\/p>\n\n\n\n<p class=\"has-small-font-size\">El peso de los solidos m\u00e1s 212 um en el recipiente es pues 120 g.<\/p>\n\n\n\n<p class=\"has-small-font-size\">Por lo tanto, la muestra original obtenida conten\u00eda (100\u00b7120\/300=) 40% de part\u00edculas m\u00e1s gruesas que 212 um y por ende 60% m\u00e1s finas que 212 um.<br>Como el objetivo de molienda en la planta concentradora de Silvia es de 80% pasando 212 um, es claro que la molienda actual es netamente insuficiente, siendo pues la causa de los problemas aguas abajo.<\/p>\n\n\n\n<p class=\"has-small-font-size\">A\u00fan cuando este procedimiento es muy r\u00e1pido, \u00e9l no es muy preciso.   En una variante de este m\u00e9todo, Barry Wills (ver a continuaci\u00f3n la referencia correspondiente, por la cual agradecemos a Mr. Wills) ha demostrado una variaci\u00f3n posible de m\u00e1s o menos 5% en el pasante del tama\u00f1o de tamiz deseado, en comparaci\u00f3n a un an\u00e1lisis granulom\u00e9trico completo realizado en laboratorio.   Este error puede ser minimizado parcialmente , practicando y calibrando las etapas indicadas anteriormente y efectuando mediciones repetidas.<\/p>\n\n\n\n<p class=\"has-small-font-size\"><em>Referencia: Wills, B.A., 1988, \u201cA Rapid Method for Measurement of Fineness of Grind\u201d, Minerals Engineering, Vol.1, No. 1, pp. 81-84.<\/em><\/p>\n\n\n\n<div class=\"wp-block-buttons is-horizontal is-content-justification-center is-layout-flex wp-container-core-buttons-is-layout-03627597 wp-block-buttons-is-layout-flex\">\n<div class=\"wp-block-button\"><a class=\"wp-block-button__link wp-element-button\" href=\"https:\/\/metcomtech.com\/es\/#GrindingBulletin\">Ver m\u00e1s boletines de molienda<\/a><\/div>\n<\/div>\n\n\n\n<p><\/p>","protected":false},"excerpt":{"rendered":"<p>Quickly Determine Your Fineness of Grind When flotation (or other mineral separation) is not performing well and you suspect the grind may be the cause, there is a quick way to check it using only a container with a fixed volume (such as a one liter Marcy cup), a weigh scale and a single sieve. [&hellip;]<\/p>\n","protected":false},"author":1,"featured_media":0,"parent":0,"menu_order":0,"comment_status":"closed","ping_status":"closed","template":"wp-custom-template-a1-main-template","meta":{"footnotes":""},"class_list":["post-539","page","type-page","status-publish","hentry"],"_links":{"self":[{"href":"https:\/\/metcomtech.com\/es\/wp-json\/wp\/v2\/pages\/539","targetHints":{"allow":["GET"]}}],"collection":[{"href":"https:\/\/metcomtech.com\/es\/wp-json\/wp\/v2\/pages"}],"about":[{"href":"https:\/\/metcomtech.com\/es\/wp-json\/wp\/v2\/types\/page"}],"author":[{"embeddable":true,"href":"https:\/\/metcomtech.com\/es\/wp-json\/wp\/v2\/users\/1"}],"replies":[{"embeddable":true,"href":"https:\/\/metcomtech.com\/es\/wp-json\/wp\/v2\/comments?post=539"}],"version-history":[{"count":14,"href":"https:\/\/metcomtech.com\/es\/wp-json\/wp\/v2\/pages\/539\/revisions"}],"predecessor-version":[{"id":2496,"href":"https:\/\/metcomtech.com\/es\/wp-json\/wp\/v2\/pages\/539\/revisions\/2496"}],"wp:attachment":[{"href":"https:\/\/metcomtech.com\/es\/wp-json\/wp\/v2\/media?parent=539"}],"curies":[{"name":"gracias","href":"https:\/\/api.w.org\/{rel}","templated":true}]}}