{"id":55,"date":"2021-11-30T23:42:52","date_gmt":"2021-11-30T23:42:52","guid":{"rendered":"https:\/\/moodle.localhost\/wp\/?page_id=55"},"modified":"2025-01-29T16:08:36","modified_gmt":"2025-01-29T16:08:36","slug":"ball-mill-circuit-modeling","status":"publish","type":"page","link":"https:\/\/metcomtech.com\/es\/ball-mill-circuit-modeling\/","title":{"rendered":"Streamline"},"content":{"rendered":"<p>modelado de circuito de molino de bolas<\/p>\n\n\n\n<p class=\"has-text-align-left\"><strong>Streamline<\/strong>\u2122 es la innovadora aplicaci\u00f3n de optimizaci\u00f3n y modelado de molinos de bolas que utiliza el an\u00e1lisis de rendimiento funcional para llevar a cabo mejoras en el rendimiento del circuito.<\/p>\n\n\n\n<figure class=\"wp-block-image aligncenter size-full has-custom-border\"><img loading=\"lazy\" decoding=\"async\" width=\"740\" height=\"200\" src=\"https:\/\/metcomtech.com\/wp-content\/uploads\/2021\/12\/streamline-logo2.jpg\" alt=\"\" class=\"has-border-color wp-image-1009\" style=\"border-color:#028103;border-width:4px;border-radius:30px\" srcset=\"https:\/\/metcomtech.com\/wp-content\/uploads\/2021\/12\/streamline-logo2.jpg 740w, https:\/\/metcomtech.com\/wp-content\/uploads\/2021\/12\/streamline-logo2-300x81.jpg 300w, https:\/\/metcomtech.com\/wp-content\/uploads\/2021\/12\/streamline-logo2-200x54.jpg 200w\" sizes=\"auto, (max-width: 740px) 100vw, 740px\" \/><\/figure>\n\n\n\n<p>La aplicaci\u00f3n utiliza datos de estudios de planta para construir un modelo de reducci\u00f3n del tama\u00f1o de un molino de bolas representado por tasas de molienda acumuladas del mundo real en todas las clases de tama\u00f1o. El rendimiento de la separaci\u00f3n cicl\u00f3nica se caracteriza mediante recuperaciones tama\u00f1o por tama\u00f1o hasta el desbordamiento. Este modelo de circuito de dos unidades, f\u00e1cil de construir, replica perfectamente las distribuciones de tama\u00f1o y los flujos de masa del estudio de circuitos. Luego, el rendimiento de la bomba y el cicl\u00f3n se puede ajustar utilizando el procedimiento paso a paso proporcionado para maximizar la eficiencia del sistema de clasificaci\u00f3n (CSE), la m\u00e9trica de optimizaci\u00f3n.<\/p>\n\n\n\n<p><strong>Streamline<\/strong>\u2122 es f\u00e1cil de entender y usar, est\u00e1 totalmente respaldado por videos tutoriales, soporte t\u00e9cnico en vivo y cinco m\u00f3dulos de capacitaci\u00f3n relacionados del sistema de gesti\u00f3n de procesos de molienda de Metcom:<\/p>\n\n\n\n<ul class=\"wp-block-list has-small-font-size\">\n<li class=\"has-small-font-size\">M\u00f3dulo 5 \u2013 Desempe\u00f1o funcional del molino de bolas<\/li>\n\n\n\n<li class=\"has-small-font-size\">M\u00f3dulo 7-  Rendimiento del Hidrociclon<\/li>\n\n\n\n<li class=\"has-small-font-size\">M\u00f3dulo 8 - Ajustes del Hidrociclon<\/li>\n\n\n\n<li class=\"has-small-font-size\">M\u00f3dulo 9 - Bombeo de Pulpa<\/li>\n\n\n\n<li class=\"has-small-font-size\">M\u00f3dulo 18 - Evaluaci\u00f3n del Circuito de Clasificaci\u00f3n<\/li>\n<\/ul>\n\n\n\n<p><strong>Streamline<\/strong>\u2122 sigue la filosof\u00eda central de Metcom de brindar a los metal\u00fargicos solo los mejores recursos para ayudarlos a realizar su trabajo. A diferencia de programas anteriores, se basa en fundamentos probados. Streamline proporciona a los metal\u00fargicos una valiosa herramienta de an\u00e1lisis para realizar modificaciones en los circuitos y obtener mejoras sustanciales en el rendimiento.<\/p>\n\n\n\n<div class=\"wp-block-buttons is-layout-flex wp-block-buttons-is-layout-flex\">\n<div class=\"wp-block-button\"><a class=\"wp-block-button__link wp-element-button\" href=\"https:\/\/metcomtech.com\/es\/moodle\/wp\/producto\/streamline\/\"><span style=\"background-color:rgba(0, 0, 0, 0)\" class=\"has-inline-color has-luminous-vivid-amber-color\">Agilizar el pedido<\/span><\/a><\/div>\n\n\n\n<div class=\"wp-block-button\"><a class=\"wp-block-button__link wp-element-button\" href=\"https:\/\/metcomtech.com\/wp-content\/uploads\/2025\/01\/2024-Streamline-Pricing.pdf\" target=\"_blank\" rel=\"noreferrer noopener\">Informaci\u00f3n de precios<\/a><\/div>\n\n\n\n<div class=\"wp-block-button\"><a class=\"wp-block-button__link wp-element-button\" href=\"https:\/\/metcomtech.com\/downloads\/STREAMLINE-TrialVer_6.zip\">Descargar versi\u00f3n de prueba gratuita de Streamline<\/a><\/div>\n\n\n\n<div class=\"wp-block-button\"><a class=\"wp-block-button__link wp-element-button\" href=\"https:\/\/metcomtech.com\/es\/streamline-instructional-videos\/\">Vea los videos instructivos de Streamline<\/a><\/div>\n<\/div>\n\n\n\n<p class=\"has-text-align-center\"><\/p>\n\n\n\n<figure class=\"wp-block-embed is-type-video is-provider-youtube wp-block-embed-youtube wp-embed-aspect-16-9 wp-has-aspect-ratio\"><div class=\"wp-block-embed__wrapper\">\n<iframe loading=\"lazy\" title=\"Introducci\u00f3n y descripci\u00f3n general del modelo\" width=\"500\" height=\"281\" src=\"https:\/\/www.youtube.com\/embed\/we8xhjQ2aKc?feature=oembed\" frameborder=\"0\" allow=\"accelerometer; autoplay; clipboard-write; encrypted-media; gyroscope; picture-in-picture; web-share\" referrerpolicy=\"strict-origin-when-cross-origin\" allowfullscreen><\/iframe>\n<\/div><\/figure>\n\n\n\n<p><\/p>","protected":false},"excerpt":{"rendered":"<p>Ball Mill Circuit Modeling Streamline\u2122 is the breakthrough ball mill modeling and optimization application that uses Functional Performance Analysis to carry out circuit performance improvements. The application uses plant survey data to construct a ball mill size reduction model represented by real-world cumulative grinding rates through all size classes. Cyclone separation performance is characterized using [&hellip;]<\/p>\n","protected":false},"author":1,"featured_media":0,"parent":0,"menu_order":0,"comment_status":"closed","ping_status":"closed","template":"wp-custom-template-a1-main-template","meta":{"footnotes":""},"class_list":["post-55","page","type-page","status-publish","hentry"],"_links":{"self":[{"href":"https:\/\/metcomtech.com\/es\/wp-json\/wp\/v2\/pages\/55","targetHints":{"allow":["GET"]}}],"collection":[{"href":"https:\/\/metcomtech.com\/es\/wp-json\/wp\/v2\/pages"}],"about":[{"href":"https:\/\/metcomtech.com\/es\/wp-json\/wp\/v2\/types\/page"}],"author":[{"embeddable":true,"href":"https:\/\/metcomtech.com\/es\/wp-json\/wp\/v2\/users\/1"}],"replies":[{"embeddable":true,"href":"https:\/\/metcomtech.com\/es\/wp-json\/wp\/v2\/comments?post=55"}],"version-history":[{"count":17,"href":"https:\/\/metcomtech.com\/es\/wp-json\/wp\/v2\/pages\/55\/revisions"}],"predecessor-version":[{"id":3461,"href":"https:\/\/metcomtech.com\/es\/wp-json\/wp\/v2\/pages\/55\/revisions\/3461"}],"wp:attachment":[{"href":"https:\/\/metcomtech.com\/es\/wp-json\/wp\/v2\/media?parent=55"}],"curies":[{"name":"gracias","href":"https:\/\/api.w.org\/{rel}","templated":true}]}}