{"id":56,"date":"2021-11-30T23:42:52","date_gmt":"2021-11-30T23:42:52","guid":{"rendered":"https:\/\/moodle.localhost\/wp\/?page_id=56"},"modified":"2026-04-02T17:05:12","modified_gmt":"2026-04-02T17:05:12","slug":"ball-mill-media-size-testing","status":"publish","type":"page","link":"https:\/\/metcomtech.com\/es\/ball-mill-media-size-testing\/","title":{"rendered":"Dimensionado de medios de molienda"},"content":{"rendered":"<figure class=\"wp-block-image aligncenter size-medium is-resized has-custom-border is-style-rounded is-style-rounded--1\"><img loading=\"lazy\" decoding=\"async\" width=\"800\" height=\"247\" src=\"https:\/\/metcomtech.com\/wp-content\/uploads\/2025\/05\/AcertaHeader2_es.jpg\" alt=\"Acerta\" class=\"has-border-color wp-image-720\" style=\"border-color:#198b03;border-radius:24px;width:748px;height:auto\" srcset=\"https:\/\/metcomtech.com\/wp-content\/uploads\/2025\/05\/AcertaHeader2_es.jpg 1258w, https:\/\/metcomtech.com\/wp-content\/uploads\/2025\/05\/AcertaHeader2_es-300x93.jpg 300w, https:\/\/metcomtech.com\/wp-content\/uploads\/2025\/05\/AcertaHeader2_es-1024x318.jpg 1024w, https:\/\/metcomtech.com\/wp-content\/uploads\/2025\/05\/AcertaHeader2_es-768x239.jpg 768w, https:\/\/metcomtech.com\/wp-content\/uploads\/2025\/05\/AcertaHeader2_es-18x6.jpg 18w, https:\/\/metcomtech.com\/wp-content\/uploads\/2025\/05\/AcertaHeader2_es-200x62.jpg 200w\" sizes=\"auto, (max-width: 800px) 100vw, 800px\" \/><\/figure>\n\n\n\n<p>La eficiencia de molienda del molino de bolas est\u00e1 directamente influenciada por la distribuci\u00f3n del tama\u00f1o de las bolas de molienda en el molino. La determinaci\u00f3n del tama\u00f1o de la bola (o tama\u00f1os) que se deben agregar a un molino de bolas de la planta para obtener un rendimiento \u00f3ptimo requiere considerar una serie de factores que incluyen la distribuci\u00f3n del tama\u00f1o de alimentaci\u00f3n del circuito, el tama\u00f1o de molienda objetivo y las caracter\u00edsticas de rotura del mineral. Aprovechando una amplia experiencia, una gran base de datos de datos de plantas y pilotos, y equipos y t\u00e9cnicas de laboratorio especializados, Metcom Technologies ha desarrollado un m\u00e9todo \u00fanico para dise\u00f1ar cargas de bolas que se adapten mejor a las caracter\u00edsticas de un mineral dado y los requisitos de rendimiento del circuito. Cuando se aplica, los beneficios econ\u00f3micos a menudo han demostrado ser sustanciales&nbsp;<strong>sin costo de capital<\/strong><\/p>\n\n\n\n<figure class=\"wp-block-image aligncenter size-full is-resized has-custom-border\"><img loading=\"lazy\" decoding=\"async\" width=\"404\" height=\"265\" src=\"https:\/\/metcomtech.com\/wp-content\/uploads\/2025\/05\/benefits_es.jpg\" alt=\"\" class=\"wp-image-722\" style=\"border-style:none;border-width:0px;border-radius:16px;width:489px;height:auto\" srcset=\"https:\/\/metcomtech.com\/wp-content\/uploads\/2025\/05\/benefits_es.jpg 820w, https:\/\/metcomtech.com\/wp-content\/uploads\/2025\/05\/benefits_es-300x196.jpg 300w, https:\/\/metcomtech.com\/wp-content\/uploads\/2025\/05\/benefits_es-768x503.jpg 768w, https:\/\/metcomtech.com\/wp-content\/uploads\/2025\/05\/benefits_es-18x12.jpg 18w, https:\/\/metcomtech.com\/wp-content\/uploads\/2025\/05\/benefits_es-200x131.jpg 200w\" sizes=\"auto, (max-width: 404px) 100vw, 404px\" \/><\/figure>\n\n\n\n<p>El proceso de evaluaci\u00f3n del tama\u00f1o de los medios utiliza una base de datos completa que consta de numerosas pruebas y datos de la planta. Esto se utiliza junto con la informaci\u00f3n de su planta para crear un programa de prueba de medios de molienda personalizado.<\/p>\n\n\n\n<p>El proceso de evaluaci\u00f3n generalmente se divide en dos fases.<\/p>\n\n\n\n<hr class=\"wp-block-separator has-css-opacity\"\/>\n\n\n\n<h5 class=\"wp-block-heading\"><strong>Level 1) Scoping Study and Customized Test Planning ($11,995)<\/strong><\/h5>\n\n\n\n<p>En este estudio de alcance inicial, los expertos de Metcom trabajan con usted para recopilar la informaci\u00f3n necesaria de la planta y el proceso, evaluar las t\u00e9cnicas de recolecci\u00f3n de muestras y la calidad de los datos e interpretar los datos del circuito de molienda existente, cuando sea posible, para formar una opini\u00f3n inicial sobre la idoneidad del tama\u00f1o del medio de molienda. en uso y el potencial de mejora. Adem\u00e1s, con una muestra de alimentaci\u00f3n del molino que usted proporciona, Metcom ejecutar\u00e1 una prueba inicial del molino de torsi\u00f3n instrumentado de Nivel 1, en su instalaci\u00f3n de prueba especializada, para evaluar m\u00e1s a fondo el potencial de mejora mediante un mejor tama\u00f1o de los medios.<\/p>\n\n\n\n<p><strong>Entregables del estudio de alcance de nivel 1:<\/strong><\/p>\n\n\n\n<ul class=\"wp-block-list\">\n<li class=\"has-small-font-size\">Interpretaci\u00f3n de la prueba del molino de torsi\u00f3n inicial de Nivel 1 realizada en su mineral.<br><\/li>\n\n\n\n<li class=\"has-small-font-size\">Revisi\u00f3n comparativa de bases de datos.<br><\/li>\n\n\n\n<li class=\"has-small-font-size\">Evaluaci\u00f3n de datos de plantas existentes y calidad de muestras.<br><\/li>\n\n\n\n<li class=\"has-small-font-size\">Interpretaci\u00f3n de la informaci\u00f3n existente de la planta con respecto a la idoneidad del tama\u00f1o del medio.<br><\/li>\n\n\n\n<li class=\"has-small-font-size\">Opini\u00f3n inicial sobre el potencial de mejora del rendimiento a trav\u00e9s de cambios en el tama\u00f1o de los medios.<br><\/li>\n\n\n\n<li class=\"has-small-font-size\">Recomendaciones para los pr\u00f3ximos pasos, que, seg\u00fan los hallazgos del estudio de alcance, podr\u00edan incluir:<br>\n<ul class=\"wp-block-list\">\n<li class=\"has-small-font-size\">Una recomendaci\u00f3n inmediata para el cambio de tama\u00f1o de papel, si se indica.<br><\/li>\n\n\n\n<li class=\"has-small-font-size\">Modificaciones del punto de muestreo y de la colecci\u00f3n.<br><\/li>\n\n\n\n<li class=\"has-small-font-size\">M\u00e1s recomendaciones de recolecci\u00f3n de muestras \/ datos de la planta.<br><\/li>\n\n\n\n<li class=\"has-small-font-size\">Un programa completo de prueba piloto de Nivel 2 utilizando el molino de torsi\u00f3n Metcom<\/li>\n<\/ul>\n<\/li>\n<\/ul>\n\n\n\n<hr class=\"wp-block-separator has-css-opacity\"\/>\n\n\n\n<h5 class=\"wp-block-heading\"><strong>Level 2) Pilot Scale Torque Mill Test Program<\/strong><\/h5>\n\n\n\n<p>El estudio de alcance y la prueba de laboratorio inicial de Nivel 1 pueden mostrar la necesidad de un <strong>Nivel 2<\/strong> Programa de pruebas piloto. Esta fase consiste en realizar pruebas con cargas de diferentes tama\u00f1os de medios en nuestro molino de torque instrumentado a escala piloto. El programa de pruebas personalizado utiliza muestras recolectadas de su operaci\u00f3n y eval\u00faa el rendimiento de diversas cargas de medios con diferentes tama\u00f1os potenciales. Los resultados de estas pruebas se interpretan y se genera un informe detallado con recomendaciones sobre las pr\u00e1cticas de carga de medios para la planta. El costo de estas pruebas y an\u00e1lisis depende del n\u00famero de pruebas necesarias, determinado en la fase uno.<\/p>\n\n\n\n<hr class=\"wp-block-separator has-css-opacity\"\/>\n\n\n\n<div class=\"wp-block-columns is-layout-flex wp-container-core-columns-is-layout-28f84493 wp-block-columns-is-layout-flex\">\n<div class=\"wp-block-column is-layout-flow wp-block-column-is-layout-flow\">\n<figure class=\"wp-block-image aligncenter size-full is-resized has-custom-border\"><img loading=\"lazy\" decoding=\"async\" width=\"835\" height=\"544\" src=\"https:\/\/metcomtech.com\/wp-content\/uploads\/2025\/04\/TorqueMill1.jpg\" alt=\"\" class=\"wp-image-3499\" style=\"border-style:none;border-width:0px;border-radius:21px;width:457px;height:auto\" srcset=\"https:\/\/metcomtech.com\/wp-content\/uploads\/2025\/04\/TorqueMill1.jpg 835w, https:\/\/metcomtech.com\/wp-content\/uploads\/2025\/04\/TorqueMill1-300x195.jpg 300w, https:\/\/metcomtech.com\/wp-content\/uploads\/2025\/04\/TorqueMill1-768x500.jpg 768w, https:\/\/metcomtech.com\/wp-content\/uploads\/2025\/04\/TorqueMill1-18x12.jpg 18w, https:\/\/metcomtech.com\/wp-content\/uploads\/2025\/04\/TorqueMill1-200x130.jpg 200w\" sizes=\"auto, (max-width: 835px) 100vw, 835px\" \/><\/figure>\n<\/div>\n\n\n\n<div class=\"wp-block-column is-layout-flow wp-block-column-is-layout-flow\">\n<figure class=\"wp-block-image aligncenter size-large is-resized has-custom-border\"><img loading=\"lazy\" decoding=\"async\" width=\"1024\" height=\"559\" src=\"https:\/\/metcomtech.com\/wp-content\/uploads\/2025\/04\/BM-Intro-1024x559.jpg\" alt=\"\" class=\"wp-image-3507\" style=\"border-width:3px;border-radius:30px;width:522px;height:auto\" srcset=\"https:\/\/metcomtech.com\/wp-content\/uploads\/2025\/04\/BM-Intro-1024x559.jpg 1024w, https:\/\/metcomtech.com\/wp-content\/uploads\/2025\/04\/BM-Intro-300x164.jpg 300w, https:\/\/metcomtech.com\/wp-content\/uploads\/2025\/04\/BM-Intro-768x419.jpg 768w, https:\/\/metcomtech.com\/wp-content\/uploads\/2025\/04\/BM-Intro-18x10.jpg 18w, https:\/\/metcomtech.com\/wp-content\/uploads\/2025\/04\/BM-Intro-200x109.jpg 200w, https:\/\/metcomtech.com\/wp-content\/uploads\/2025\/04\/BM-Intro.jpg 1111w\" sizes=\"auto, (max-width: 1024px) 100vw, 1024px\" \/><\/figure>\n<\/div>\n<\/div>\n\n\n\n<div class=\"wp-block-media-text alignwide is-stacked-on-mobile is-vertically-aligned-top has-small-font-size\" style=\"border-style:none;border-width:0px;border-radius:15px;grid-template-columns:19% auto\"><figure class=\"wp-block-media-text__media\"><img loading=\"lazy\" decoding=\"async\" width=\"233\" height=\"300\" src=\"https:\/\/metcomtech.com\/wp-content\/uploads\/2025\/04\/BallCharge-233x300.jpg\" alt=\"\" class=\"wp-image-3503 size-medium\" srcset=\"https:\/\/metcomtech.com\/wp-content\/uploads\/2025\/04\/BallCharge-233x300.jpg 233w, https:\/\/metcomtech.com\/wp-content\/uploads\/2025\/04\/BallCharge-794x1024.jpg 794w, https:\/\/metcomtech.com\/wp-content\/uploads\/2025\/04\/BallCharge-768x990.jpg 768w, https:\/\/metcomtech.com\/wp-content\/uploads\/2025\/04\/BallCharge-9x12.jpg 9w, https:\/\/metcomtech.com\/wp-content\/uploads\/2025\/04\/BallCharge-300x387.jpg 300w, https:\/\/metcomtech.com\/wp-content\/uploads\/2025\/04\/BallCharge-200x258.jpg 200w, https:\/\/metcomtech.com\/wp-content\/uploads\/2025\/04\/BallCharge-rotated.jpg 796w\" sizes=\"auto, (max-width: 233px) 100vw, 233px\" \/><\/figure><div class=\"wp-block-media-text__content\">\n<p>Nuestras instalaciones de prueba de tama\u00f1o de medios incluyen un molino de prueba a escala piloto con instrumentos de torque, un gran inventario de cargas de medios graduados para pr\u00e1cticas de carga de tama\u00f1o \u00fanico y mixto, y todo el equipo de laboratorio de an\u00e1lisis y soporte necesario.<\/p>\n\n\n\n<p><\/p>\n\n\n\n<p class=\"has-medium-font-size\"><strong>Para preguntas y m\u00e1s detalles, cont\u00e1ctenos:<br><\/strong><br><a href=\"mailto:mediasize@metcomtech.com\" data-type=\"mailto\" data-id=\"mailto:mediasize@metcomtech.com\">mediasize@metcomtech.com<\/a><br>tel\u00e9fono: (218) 212-4350<\/p>\n<\/div><\/div>\n\n\n\n<p><\/p>\n\n\n\n<p><\/p>\n\n\n\n<p><\/p>","protected":false},"excerpt":{"rendered":"<p>Ball mill grinding efficiency is directly influenced by the size distribution of the grinding balls in the mill. Determining the ball size (or sizes) that should be added to a plant ball mill to obtain optimal performance requires consideration of a number of factors including: circuit feed size distribution, target grind size, and ore breakage [&hellip;]<\/p>\n","protected":false},"author":1,"featured_media":0,"parent":0,"menu_order":0,"comment_status":"closed","ping_status":"closed","template":"wp-custom-template-a1-main-template","meta":{"footnotes":""},"class_list":["post-56","page","type-page","status-publish","hentry"],"_links":{"self":[{"href":"https:\/\/metcomtech.com\/es\/wp-json\/wp\/v2\/pages\/56","targetHints":{"allow":["GET"]}}],"collection":[{"href":"https:\/\/metcomtech.com\/es\/wp-json\/wp\/v2\/pages"}],"about":[{"href":"https:\/\/metcomtech.com\/es\/wp-json\/wp\/v2\/types\/page"}],"author":[{"embeddable":true,"href":"https:\/\/metcomtech.com\/es\/wp-json\/wp\/v2\/users\/1"}],"replies":[{"embeddable":true,"href":"https:\/\/metcomtech.com\/es\/wp-json\/wp\/v2\/comments?post=56"}],"version-history":[{"count":32,"href":"https:\/\/metcomtech.com\/es\/wp-json\/wp\/v2\/pages\/56\/revisions"}],"predecessor-version":[{"id":3824,"href":"https:\/\/metcomtech.com\/es\/wp-json\/wp\/v2\/pages\/56\/revisions\/3824"}],"wp:attachment":[{"href":"https:\/\/metcomtech.com\/es\/wp-json\/wp\/v2\/media?parent=56"}],"curies":[{"name":"gracias","href":"https:\/\/api.w.org\/{rel}","templated":true}]}}