{"id":561,"date":"2021-12-04T02:25:41","date_gmt":"2021-12-04T02:25:41","guid":{"rendered":"https:\/\/moodle.localhost\/wp\/?page_id=561"},"modified":"2024-05-15T04:05:01","modified_gmt":"2024-05-15T04:05:01","slug":"grinding-bulletin-3","status":"publish","type":"page","link":"https:\/\/metcomtech.com\/es\/grinding-bulletin-3\/","title":{"rendered":"Bolet\u00edn No.3"},"content":{"rendered":"<h5 class=\"wp-block-heading\">\u00bfPor qu\u00e9 vemos un aumento en la potencia de nuestro molino de bolas cuando se corta la energ\u00eda?<\/h5>\n\n\n\n<p class=\"has-small-font-size\">A menudo los operadores de molinos nos hacen esta pregunta. En el proceso de detenci\u00f3n normal de un molino, la alimentaci\u00f3n de s\u00f3lidos se suspende, manteni\u00e9ndose la de agua por alg\u00fan tiempo a fin de bajar el nivel de la carga, proceso durante el cual se ha observado un peque\u00f1o aumento (2 a 3%) de la potencia requerida al motor. Similarmente, durante la partida, se aprecia una ca\u00edda significativa de la potencia, al reactivar la alimentaci\u00f3n de s\u00f3lidos. Este fen\u00f3meno es contario a la intuici\u00f3n, de tal manera que a menudo genera dudas en cuanto a la fiabilidad del medidor de potencia.<\/p>\n\n\n\n<p class=\"has-small-font-size\">En realidad no hay problema alguno con los instrumentos. Para comprender este fen\u00f3meno, considere que la potencia requerida por el molino de bolas puede asociarse al peso total W de la carga (bolas, part\u00edculas y agua), mantenido en suspensi\u00f3n por la carcaza en rotaci\u00f3n, y cuyo centro de masa dentro del molino es el punto M (ver figura siguiente).  La potencia es igual al producto de la velocidad  por el torque, de modo que si el motor es de velocidad constante, la potencia es directamente proporcional al torque.  Dado que \u00e9ste \u00faltimo es igual a una fuerza multiplicada por el brazo de aplicaci\u00f3n, en el caso que nos interesa, ser\u00eda igual al peso Wde la carga (que act\u00faa verticalmente hacia abajo) multiplicado por la distancia horizontal d  desde el centro del molino hasta el centro de masa, ubicado en el punto M.<\/p>\n\n\n\n<figure class=\"wp-block-image aligncenter size-full\"><img loading=\"lazy\" decoding=\"async\" width=\"544\" height=\"383\" src=\"https:\/\/metcomtech.com\/wp-content\/uploads\/2021\/12\/TumblingCharge.gif\" alt=\"tumbling charge\" class=\"wp-image-562\"\/><\/figure>\n\n\n\n<p class=\"has-small-font-size\">En este contexto, supongamos que el molino  est\u00e1 rotando sin mineral.  La potencia es directamente proporcional al producto W\u2219d . Cuando la alimentaci\u00f3n se reactiva, W aumenta, siendo igual al peso del mineral m\u00e1s el de las bolas (y el agua) contenidos en el molino. Sin embargo, el mineral tambi\u00e9n engruesa la carga, desplazando el centro de masa hacia al centro del molino, disminuyendo as\u00ed la distancia horizontal d. El producto del nueva (mayor) carga W y el nuevo (menor) brazo d con la alimentaci\u00f3n,  es generalmente menor, para molinos operando con niveles usuales de bolas.  De este modo, la potencia decrece cuando se reactiva la alimentaci\u00f3n.<\/p>\n\n\n\n<p class=\"has-small-font-size\">La raz\u00f3n por la cual este fen\u00f3meno no ocurre con los molinos semi-aut\u00f3genos (SAG), es que el cambio en el peso de la carga es preponderante con respecto a la variaci\u00f3n de la distancia horizontal d entre el centro del molino y el centro de masa, durante el proceso de cargu\u00edo del molino con mineral. No obstante, los mismos principios f\u00edsicos se aplican para la determinaci\u00f3n de la potencia solicitada por cualquier tipo de molino rotatorio.<\/p>\n\n\n\n<div class=\"wp-block-buttons is-horizontal is-content-justification-center is-layout-flex wp-container-core-buttons-is-layout-03627597 wp-block-buttons-is-layout-flex\">\n<div class=\"wp-block-button\"><a class=\"wp-block-button__link wp-element-button\" href=\"https:\/\/metcomtech.com\/es\/#GrindingBulletin\">Ver m\u00e1s boletines de molienda<\/a><\/div>\n<\/div>","protected":false},"excerpt":{"rendered":"<p>Why Do We See an Increase in the Power of Our Ball Mill When We Turn Off the Feed We are often asked this question by Mill Operators. During a grinding circuit shut-down, when the feed is shut off and the mill is grinding itself out, a small (sometimes 2 to 3%) increase in the [&hellip;]<\/p>\n","protected":false},"author":1,"featured_media":0,"parent":0,"menu_order":0,"comment_status":"closed","ping_status":"closed","template":"wp-custom-template-a1-main-template","meta":{"footnotes":""},"class_list":["post-561","page","type-page","status-publish","hentry"],"_links":{"self":[{"href":"https:\/\/metcomtech.com\/es\/wp-json\/wp\/v2\/pages\/561","targetHints":{"allow":["GET"]}}],"collection":[{"href":"https:\/\/metcomtech.com\/es\/wp-json\/wp\/v2\/pages"}],"about":[{"href":"https:\/\/metcomtech.com\/es\/wp-json\/wp\/v2\/types\/page"}],"author":[{"embeddable":true,"href":"https:\/\/metcomtech.com\/es\/wp-json\/wp\/v2\/users\/1"}],"replies":[{"embeddable":true,"href":"https:\/\/metcomtech.com\/es\/wp-json\/wp\/v2\/comments?post=561"}],"version-history":[{"count":6,"href":"https:\/\/metcomtech.com\/es\/wp-json\/wp\/v2\/pages\/561\/revisions"}],"predecessor-version":[{"id":2499,"href":"https:\/\/metcomtech.com\/es\/wp-json\/wp\/v2\/pages\/561\/revisions\/2499"}],"wp:attachment":[{"href":"https:\/\/metcomtech.com\/es\/wp-json\/wp\/v2\/media?parent=561"}],"curies":[{"name":"gracias","href":"https:\/\/api.w.org\/{rel}","templated":true}]}}