{"id":57,"date":"2021-11-30T23:42:52","date_gmt":"2021-11-30T23:42:52","guid":{"rendered":"https:\/\/moodle.localhost\/wp\/?page_id=57"},"modified":"2026-03-13T16:20:53","modified_gmt":"2026-03-13T16:20:53","slug":"metcom-home","status":"publish","type":"page","link":"https:\/\/metcomtech.com\/es\/","title":{"rendered":"P\u00e1gina de inicio de Metcom"},"content":{"rendered":"<div class=\"wp-block-group alignwide is-layout-flow wp-block-group-is-layout-flow\">\n<div class=\"wp-block-columns alignwide are-vertically-aligned-top is-layout-flex wp-container-core-columns-is-layout-2f71e845 wp-block-columns-is-layout-flex\" style=\"padding-right:0;padding-left:0\">\n<div class=\"wp-block-column is-vertically-aligned-top is-layout-flow wp-block-column-is-layout-flow\" style=\"flex-basis:33.34%\">\n<div class=\"wp-block-group is-nowrap is-layout-flex wp-container-core-group-is-layout-6c531013 wp-block-group-is-layout-flex\">\n<h3 class=\"wp-block-heading is-style-default has-text-color has-link-color wp-elements-ababfd6e4cdb5590e73d18f2c2f79321\" id=\"our-expertise\" style=\"color:#317007\"><strong>Quienes somos<\/strong><\/h3>\n<\/div>\n\n\n\n<p style=\"padding-top: 0; padding-bottom: 0; font-size: 18px; line-height: 1.5;\">Metcom es el l\u00edder mundial en formaci\u00f3n y transferencia de tecnolog\u00eda en el campo de circuitos de molienda de minerales. Nuestro exhaustivo programa de entrenamiento ha demostrado en m\u00faltiples ocasiones su eficiencia, permitiendo obtener mejoras substanciales en la eficiencia de molinos y reducciones importante de costos de molienda en la industria mineral\u00fargica.<\/p>\n<\/div>\n\n\n\n<div class=\"wp-block-column is-vertically-aligned-top is-style-default has-text-color has-link-color wp-elements-f910045712708dceca665e43ef46d3a4 is-layout-flow wp-block-column-is-layout-flow\" style=\"color:#317007\">\n<div class=\"wp-block-group is-nowrap is-layout-flex wp-container-core-group-is-layout-6c531013 wp-block-group-is-layout-flex\">\n<h3 class=\"wp-block-heading is-style-default has-text-color has-link-color wp-elements-1c3833e9fe35da3339fa759a8dd9c67f\" id=\"our-expertise\" style=\"color:#317007\"><strong>Nuestra misi\u00f3n<\/strong><\/h3>\n<\/div>\n\n\n\n<p style=\"font-size: 18px; line-height: 1.5;\"><span style=\"color: #000000;\">La filosof\u00eda central de Metcom se basa en el <strong>empoderamiento. <\/strong>Brindamos las habilidades pr\u00e1cticas necesarias a quienes trabajan con circuitos de molienda de minerales para que puedan lograr un rendimiento de clase mundial en sus operaciones.<\/span><\/p>\n<\/div>\n\n\n\n<div class=\"wp-block-column is-vertically-aligned-top is-layout-flow wp-block-column-is-layout-flow\" style=\"flex-basis:33.33%\">\n<h3 class=\"wp-block-heading is-style-default has-text-color has-link-color wp-elements-22fd237312f27a5d9a5445fda06f0c48\" id=\"our-expertise\" style=\"color:#317007\"><strong>Nuestra experiencia<\/strong><\/h3>\n\n\n\n<p style=\"font-size: 18px; line-height: 1.5;\">La experiencia de Metcom cubre todos los aspectos de la mejora del rendimiento de procesamiento de los circuitos de molienda y clasificaci\u00f3n de plantas. Nuestro enfoque sistem\u00e1tico presenta el <strong>an\u00e1lisis de rendimiento funcional. <\/strong>Esta tecnolog\u00eda innovadora desarrollada por Metcom se ha implementado en numerosas operaciones en todo el planeta.<\/p>\n<\/div>\n<\/div>\n<\/div>\n\n\n\n<hr class=\"wp-block-separator alignfull has-alpha-channel-opacity is-style-wide\" style=\"margin-top:20px;margin-bottom:20px\"\/>\n\n\n\n<div class=\"wp-block-columns alignwide is-layout-flex wp-container-core-columns-is-layout-658170e2 wp-block-columns-is-layout-flex\">\n<div class=\"wp-block-column is-layout-flow wp-block-column-is-layout-flow\">\n<figure class=\"wp-block-image aligncenter size-full is-resized has-custom-border is-style-rounded is-style-rounded--1\"><a href=\"https:\/\/metcomtech.com\/es\/metcom-honor-roll\/\"><img loading=\"lazy\" decoding=\"async\" width=\"600\" height=\"167\" src=\"https:\/\/metcomtech.com\/wp-content\/uploads\/2022\/09\/HonorRoll-WebBanner.jpg\" alt=\"\" class=\"has-border-color wp-image-1587\" style=\"border-color:#037d11;border-width:4px;border-radius:36px;width:296px;height:auto\" srcset=\"https:\/\/metcomtech.com\/wp-content\/uploads\/2022\/09\/HonorRoll-WebBanner.jpg 600w, https:\/\/metcomtech.com\/wp-content\/uploads\/2022\/09\/HonorRoll-WebBanner-300x84.jpg 300w, https:\/\/metcomtech.com\/wp-content\/uploads\/2022\/09\/HonorRoll-WebBanner-200x56.jpg 200w\" sizes=\"auto, (max-width: 600px) 100vw, 600px\" \/><\/a><\/figure>\n\n\n\n<div style=\"height:32px\" aria-hidden=\"true\" class=\"wp-block-spacer\"><\/div>\n\n\n\n<p class=\"has-text-align-center\" style=\"font-size:clamp(14px, 0.875rem + ((1vw - 3.2px) * 0.078), 15px);\"><a href=\"https:\/\/metcomtech.com\/es\/the-functional-performance-of-ball-milling\/\" data-type=\"page\" data-id=\"311\"><img loading=\"lazy\" decoding=\"async\" width=\"300\" height=\"226\" class=\"wp-image-253\" style=\"width: 300px;\" src=\"https:\/\/metcomtech.com\/wp-content\/uploads\/2021\/12\/FPCapture-1.jpg\" alt=\"\" srcset=\"https:\/\/metcomtech.com\/wp-content\/uploads\/2021\/12\/FPCapture-1.jpg 800w, https:\/\/metcomtech.com\/wp-content\/uploads\/2021\/12\/FPCapture-1-300x226.jpg 300w, https:\/\/metcomtech.com\/wp-content\/uploads\/2021\/12\/FPCapture-1-200x151.jpg 200w\" sizes=\"auto, (max-width: 300px) 100vw, 300px\" \/><\/a><br>Vea una presentaci\u00f3n en video del <br>rendimiento funcional del molino de bolas<\/p>\n<\/div>\n\n\n\n<div class=\"wp-block-column is-layout-flow wp-block-column-is-layout-flow\">\n<div class=\"wp-block-columns is-layout-flex wp-container-core-columns-is-layout-28f84493 wp-block-columns-is-layout-flex\">\n<div class=\"wp-block-column is-vertically-aligned-top is-layout-flow wp-block-column-is-layout-flow\" style=\"flex-basis:100%\"><\/div>\n<\/div>\n\n\n\n<h5 class=\"wp-block-heading has-contrast-color has-text-color has-background has-link-color wp-elements-9a7630dc26dd5439476174f1abf1c07a\" style=\"background-color:#f85726\"><strong>\u00bfNecesita ayuda con un caso de negocios para invertir en capacitaci\u00f3n en Metcom?<\/strong><\/h5>\n\n\n\n<p>Sabemos que obtener la aprobaci\u00f3n para la capacitaci\u00f3n a veces puede resultar un desaf\u00edo. Para ayudarle a presentar un caso de negocio convincente a su gerente, hemos preparado una plantilla.<\/p>\n\n\n\n<p>Este caso de negocio destaca c\u00f3mo su empleador obtendr\u00e1 un retorno significativo de su inversi\u00f3n al patrocinar su capacitaci\u00f3n.<\/p>\n\n\n\n<p><br>Simplemente descargue el documento de plantilla, complete los espacios en blanco y env\u00edelo por correo electr\u00f3nico a su gerente.<br><\/p>\n\n\n\n<div class=\"wp-block-buttons is-content-justification-center is-layout-flex wp-container-core-buttons-is-layout-a89b3969 wp-block-buttons-is-layout-flex\">\n<div class=\"wp-block-button\"><a class=\"wp-block-button__link wp-element-button\" href=\"https:\/\/metcomtech.com\/wp-content\/uploads\/2024\/07\/Caso-de-negocio-de-formacion-Metcom.docx\">Descargar carta de caso de negocio<\/a><\/div>\n<\/div>\n<\/div>\n\n\n\n<div class=\"wp-block-column is-vertically-aligned-top is-layout-flow wp-block-column-is-layout-flow\">\n<div class=\"wp-block-group is-nowrap is-layout-flex wp-container-core-group-is-layout-6c531013 wp-block-group-is-layout-flex\">\n<div style=\"height:100px;width:16px\" aria-hidden=\"true\" class=\"wp-block-spacer wp-container-content-f9bd05ee\"><\/div>\n\n\n\n<figure class=\"wp-block-image alignleft size-full is-resized\"><img loading=\"lazy\" decoding=\"async\" width=\"227\" height=\"230\" src=\"https:\/\/metcomtech.com\/wp-content\/uploads\/2024\/03\/EIC-Trans.png\" alt=\"\" class=\"wp-image-2048\" style=\"width:108px;height:auto\" srcset=\"https:\/\/metcomtech.com\/wp-content\/uploads\/2024\/03\/EIC-Trans.png 227w, https:\/\/metcomtech.com\/wp-content\/uploads\/2024\/03\/EIC-Trans-100x100.png 100w, https:\/\/metcomtech.com\/wp-content\/uploads\/2024\/03\/EIC-Trans-200x203.png 200w\" sizes=\"auto, (max-width: 227px) 100vw, 227px\" \/><\/figure>\n\n\n\n<p style=\"padding-top:0;padding-right:0;padding-bottom:0;padding-left:0;font-size:0.7rem\">*Instituto de Ingenier\u00eda de Canad\u00e1<br>Formaci\u00f3n certificada<\/p>\n<\/div>\n\n\n\n<p class=\"has-small-font-size\" style=\"line-height:1.5\">*<em>El programa de formaci\u00f3n especializada de Metcom est\u00e1 certificado por el EIC y est\u00e1 disponible en l\u00ednea. Incluye todos los pasos del sistema de gesti\u00f3n de procesos de molienda Metcom.<\/em><\/p>\n\n\n\n<div style=\"height:22px\" aria-hidden=\"true\" class=\"wp-block-spacer\"><\/div>\n\n\n\n<p><\/p>\n\n\n\n<h5 class=\"wp-block-heading has-text-align-center\"><a href=\"https:\/\/metcomtech.com\/es\/order\/order-training\/\" data-type=\"page\" data-id=\"1069\">\u00a1Desmitificar el\nproceso de molienda!<\/a><\/h5>\n\n\n\n<p class=\"has-text-align-center has-contrast-color has-text-color has-link-color wp-elements-938b881448c3013e656b4bff622c4e6a\" style=\"padding-top:0;padding-bottom:0;line-height:1.3\"><strong>\u00danase a m\u00e1s de mil metal\u00fargicos que est\u00e1n mejorando el rendimiento del circuito de molienda con el sistema Metcom<\/strong><\/p>\n\n\n\n<div style=\"height:15px\" aria-hidden=\"true\" class=\"wp-block-spacer\"><\/div>\n\n\n\n<p class=\"has-text-align-center\" style=\"font-size:clamp(14px, 0.875rem + ((1vw - 3.2px) * 0.313), 18px);\"><a href=\"https:\/\/www.linkedin.com\/company\/metcom-technologies-inc-\/\"><img loading=\"lazy\" decoding=\"async\" width=\"80\" height=\"80\" class=\"wp-image-1964\" style=\"width: 80px;\" src=\"https:\/\/metcomtech.com\/wp-content\/uploads\/2024\/03\/317750_linkedin_icon.png\" alt=\"\" srcset=\"https:\/\/metcomtech.com\/wp-content\/uploads\/2024\/03\/317750_linkedin_icon.png 128w, https:\/\/metcomtech.com\/wp-content\/uploads\/2024\/03\/317750_linkedin_icon-100x100.png 100w\" sizes=\"auto, (max-width: 80px) 100vw, 80px\" \/><\/a><br>S\u00edguenos en LinkedIn<\/p>\n<\/div>\n<\/div>\n\n\n\n<div style=\"height:9px\" aria-hidden=\"true\" class=\"wp-block-spacer\"><\/div>\n\n\n\n<hr class=\"wp-block-separator alignfull has-alpha-channel-opacity is-style-wide\" style=\"margin-top:20px;margin-bottom:20px\"\/>\n\n\n\n<div class=\"wp-block-columns alignwide are-vertically-aligned-top is-layout-flex wp-container-core-columns-is-layout-2f71e845 wp-block-columns-is-layout-flex\" style=\"padding-right:0;padding-left:0\">\n<div class=\"wp-block-column is-vertically-aligned-top is-layout-flow wp-block-column-is-layout-flow\" style=\"flex-basis:50%\">\n<div class=\"wp-block-columns is-layout-flex wp-container-core-columns-is-layout-28f84493 wp-block-columns-is-layout-flex\">\n<div class=\"wp-block-column is-vertically-aligned-top is-layout-flow wp-block-column-is-layout-flow\" style=\"flex-basis:100%\">\n<div style=\"height:0px\" aria-hidden=\"true\" class=\"wp-block-spacer\"><\/div>\n\n\n\n<p class=\"has-text-align-center has-accent-3-color has-text-color has-link-color wp-elements-36989877934f492905e0ab105bb52c5a\"><strong>Publicaciones de noticias de Metcom<\/strong><\/p>\n\n\n\n<div class=\"wp-block-group has-border-color has-accent-3-border-color has-background has-global-padding is-layout-constrained wp-container-core-group-is-layout-4c4f83ee wp-block-group-is-layout-constrained\" style=\"border-width:5px;border-radius:14px;background-color:#f2f2f287;padding-right:var(--wp--preset--spacing--10);padding-left:var(--wp--preset--spacing--10)\">\n<div style=\"height:15px\" aria-hidden=\"true\" class=\"wp-block-spacer\"><\/div>\n\n\n\n<div class=\"wp-block-columns is-layout-flex wp-container-core-columns-is-layout-a9314bed wp-block-columns-is-layout-flex\" style=\"margin-top:0;margin-bottom:0;padding-top:0;padding-bottom:0\">\n<div class=\"wp-block-column is-layout-flow wp-block-column-is-layout-flow\" style=\"flex-basis:100%\"><ul style=\"font-size:clamp(0.875rem, 0.875rem + ((1vw - 0.2rem) * 0.531), 1.3rem);line-height:1.4; padding-top:0;padding-bottom:0;margin-top:0;margin-bottom:0;\" class=\"wp-block-latest-posts__list has-dates has-link-color wp-elements-27da50660b0ae05a59e96e23391315c5 wp-block-latest-posts\"><li><a class=\"wp-block-latest-posts__post-title\" href=\"https:\/\/metcomtech.com\/es\/mcivor-receives-the-2026-robert-h-richards-award\/\">McIvor Receives the 2026 Robert H. Richards Award<\/a><time datetime=\"2026-03-12T20:12:28+00:00\" class=\"wp-block-latest-posts__post-date\">Marzo 12, 2026<\/time><\/li>\n<li><a class=\"wp-block-latest-posts__post-title\" href=\"https:\/\/metcomtech.com\/es\/how-a-simple-equation-delivers-breakthrough-understanding-of-grinding-circuits\/\">How a simple equation delivers breakthrough understanding of grinding circuits<\/a><time datetime=\"2026-03-11T18:43:24+00:00\" class=\"wp-block-latest-posts__post-date\">Marzo 11, 2026<\/time><\/li>\n<li><a class=\"wp-block-latest-posts__post-title\" href=\"https:\/\/metcomtech.com\/es\/jkmrc-friday-seminar-2025-how-functional-performance-equation-for-milling-circuits-is-a-gamechanger\/\">C\u00f3mo la ecuaci\u00f3n de rendimiento funcional para circuitos de fresado es un cambio radical<\/a><time datetime=\"2025-11-14T15:25:56+00:00\" class=\"wp-block-latest-posts__post-date\">14 de noviembre de 2025<\/time><\/li>\n<li><a class=\"wp-block-latest-posts__post-title\" href=\"https:\/\/metcomtech.com\/es\/process-performance-considerations-of-as-sag-milling-circuits\/\">Consideraciones sobre el rendimiento del proceso de los circuitos de fresado AG\/SAG<\/a><time datetime=\"2024-11-21T18:56:00+00:00\" class=\"wp-block-latest-posts__post-date\">21 de noviembre de 2024<\/time><\/li>\n<li><a class=\"wp-block-latest-posts__post-title\" href=\"https:\/\/metcomtech.com\/es\/news\/\">El estudio de Metcom sobre la retenci\u00f3n de part\u00edculas gruesas en molinos de bolas aparece en Engineering &amp; Mining Journal (E&amp;MJ)<\/a><time datetime=\"2021-11-30T22:18:02+00:00\" class=\"wp-block-latest-posts__post-date\">noviembre 30, 2021<\/time><\/li>\n<\/ul><\/div>\n<\/div>\n<\/div>\n<\/div>\n<\/div>\n<\/div>\n\n\n\n<div class=\"wp-block-column is-vertically-aligned-top is-layout-flow wp-block-column-is-layout-flow\" style=\"flex-basis:50%\">\n<h3 class=\"wp-block-heading has-text-align-center has-medium-font-size\" id=\"our-expertise\" style=\"line-height:1.7;text-decoration:underline\"><strong>El bolet\u00edn de molienda de Metcom<\/strong><\/h3>\n\n\n\n<div class=\"wp-block-columns is-layout-flex wp-container-core-columns-is-layout-28f84493 wp-block-columns-is-layout-flex\">\n<div class=\"wp-block-column has-background is-layout-flow wp-container-core-column-is-layout-14a0a060 wp-block-column-is-layout-flow\" style=\"border-width:1px;background-color:#ebebeb;padding-top:var(--wp--preset--spacing--10);padding-right:var(--wp--preset--spacing--10);padding-bottom:var(--wp--preset--spacing--10);padding-left:var(--wp--preset--spacing--10);box-shadow:var(--wp--preset--shadow--natural)\" id=\"GrindingBulletin\">\n<p class=\"has-contrast-color has-text-color has-link-color wp-elements-61159562346e2ac8a658338b3905e00e\" style=\"font-size:clamp(0.875rem, 0.875rem + ((1vw - 0.2rem) * 0.156), 1rem);\"><a href=\"https:\/\/metcomtech.com\/es\/grindingbulletin1\/\" data-type=\"page\" data-id=\"322\">1. Determine de forma r\u00e1pida y precisa su &quot;relaci\u00f3n de carga circulante&quot;<\/a><\/p>\n\n\n\n<p class=\"has-contrast-color has-text-color has-link-color wp-elements-a8f2dbcd679f4e6d389fab92ef79e74f\" style=\"font-size:clamp(0.875rem, 0.875rem + ((1vw - 0.2rem) * 0.156), 1rem);\"><a href=\"https:\/\/metcomtech.com\/es\/grindingbulletin2\/\" data-type=\"page\" data-id=\"539\">2. Determine r\u00e1pidamente la finura de su molienda<\/a><\/p>\n\n\n\n<p class=\"has-contrast-color has-text-color has-link-color wp-elements-966d86a2a7674ed66480b3a0a115f0ac\" style=\"font-size:clamp(0.875rem, 0.875rem + ((1vw - 0.2rem) * 0.156), 1rem);\"><a href=\"https:\/\/metcomtech.com\/es\/grinding-bulletin-3\/\" data-type=\"page\" data-id=\"561\">3. \u00bfPor qu\u00e9 vemos un aumento en el consumo de energ\u00eda del molino de bolas cuando apagamos la alimentaci\u00f3n?<\/a><\/p>\n\n\n\n<p class=\"has-contrast-color has-text-color has-link-color wp-elements-61df33bc6424f7789e2fe7f6a4f7e870\" style=\"font-size:clamp(0.875rem, 0.875rem + ((1vw - 0.2rem) * 0.156), 1rem);\"><a href=\"https:\/\/metcomtech.com\/es\/grinding-bulletin-4\/\" data-type=\"page\" data-id=\"579\">4. \u00bfPor qu\u00e9 necesitamos una carga de recirculaci\u00f3n tan alta en nuestro molino de bolas?<\/a><\/p>\n\n\n\n<p class=\"has-contrast-color has-text-color has-link-color wp-elements-187399dd65fbd01a022decb2d56b3a3d\" style=\"font-size:clamp(0.875rem, 0.875rem + ((1vw - 0.2rem) * 0.156), 1rem);\"><a href=\"https:\/\/metcomtech.com\/es\/grindng-bulletin-5\/\" data-type=\"page\" data-id=\"574\">5. \u00bfQu\u00e9 es exactamente el &#039;\u00cdndice de Trabajo&#039; y c\u00f3mo puedo utilizarlo?<\/a><\/p>\n\n\n\n<p class=\"has-contrast-color has-text-color has-link-color wp-elements-efd6f57d94da0c1258e1f98740087ec7\" style=\"font-size:clamp(0.875rem, 0.875rem + ((1vw - 0.2rem) * 0.156), 1rem);\"><a href=\"https:\/\/metcomtech.com\/es\/grinding-bulletin-6\/\" data-type=\"page\" data-id=\"589\">6. Calcule el &#039;\u00edndice de eficiencia de trabajo&#039; de su circuito de molienda<\/a><\/p>\n\n\n\n<p class=\"has-contrast-color has-text-color has-link-color wp-elements-70847edcd3218d6a05ae99aaa8c0e58b\" style=\"font-size:clamp(0.875rem, 0.875rem + ((1vw - 0.2rem) * 0.156), 1rem);\"><a href=\"https:\/\/metcomtech.com\/es\/grinding-bulletin-7\/\" data-type=\"page\" data-id=\"594\">7. \u00bfC\u00f3mo podemos reducir los costos operativos con poco o ning\u00fan capital?<\/a><\/p>\n\n\n\n<p class=\"has-contrast-color has-text-color has-link-color wp-elements-a440a2cacbc2add9af44f1daf592c372\" style=\"font-size:clamp(0.875rem, 0.875rem + ((1vw - 0.2rem) * 0.156), 1rem);\"><a href=\"https:\/\/metcomtech.com\/es\/grinding-bulletin-8\/\" data-type=\"page\" data-id=\"600\">8. C\u00f3mo se puede utilizar el uso de agua cicl\u00f3nica para aumentar la eficiencia del circuito del molino de bolas<\/a><\/p>\n<\/div>\n<\/div>\n<\/div>\n<\/div>\n\n\n\n<hr class=\"wp-block-separator alignfull has-alpha-channel-opacity is-style-wide\" style=\"margin-top:20px;margin-bottom:20px\"\/>","protected":false},"excerpt":{"rendered":"<p>Who we are Metcom is the world leader in training and knowledge transfer in mineral grinding circuits. Our comprehensive online training program is proven to deliver significant improvements in grinding performance and reduced operational costs. Our mission Metcom&#8217;s core philosophy is based on empowerment. We deliver the required hands-on skills to those working with mineral [&hellip;]<\/p>\n","protected":false},"author":1,"featured_media":182,"parent":0,"menu_order":0,"comment_status":"closed","ping_status":"closed","template":"page-wide","meta":{"footnotes":""},"class_list":["post-57","page","type-page","status-publish","has-post-thumbnail","hentry"],"_links":{"self":[{"href":"https:\/\/metcomtech.com\/es\/wp-json\/wp\/v2\/pages\/57","targetHints":{"allow":["GET"]}}],"collection":[{"href":"https:\/\/metcomtech.com\/es\/wp-json\/wp\/v2\/pages"}],"about":[{"href":"https:\/\/metcomtech.com\/es\/wp-json\/wp\/v2\/types\/page"}],"author":[{"embeddable":true,"href":"https:\/\/metcomtech.com\/es\/wp-json\/wp\/v2\/users\/1"}],"replies":[{"embeddable":true,"href":"https:\/\/metcomtech.com\/es\/wp-json\/wp\/v2\/comments?post=57"}],"version-history":[{"count":330,"href":"https:\/\/metcomtech.com\/es\/wp-json\/wp\/v2\/pages\/57\/revisions"}],"predecessor-version":[{"id":3813,"href":"https:\/\/metcomtech.com\/es\/wp-json\/wp\/v2\/pages\/57\/revisions\/3813"}],"wp:featuredmedia":[{"embeddable":true,"href":"https:\/\/metcomtech.com\/es\/wp-json\/wp\/v2\/media\/182"}],"wp:attachment":[{"href":"https:\/\/metcomtech.com\/es\/wp-json\/wp\/v2\/media?parent=57"}],"curies":[{"name":"gracias","href":"https:\/\/api.w.org\/{rel}","templated":true}]}}