{"id":579,"date":"2021-12-06T19:26:22","date_gmt":"2021-12-06T19:26:22","guid":{"rendered":"https:\/\/moodle.localhost\/wp\/?page_id=579"},"modified":"2024-05-15T04:05:02","modified_gmt":"2024-05-15T04:05:02","slug":"grinding-bulletin-4","status":"publish","type":"page","link":"https:\/\/metcomtech.com\/es\/grinding-bulletin-4\/","title":{"rendered":"Bolet\u00edn No.4"},"content":{"rendered":"<h5 class=\"wp-block-heading\"><strong>\u00bfPor qu\u00e9 necesitamos una carga recirculante tan alta en nuestro molino de bolas?<\/strong><\/h5>\n\n\n\n<p class=\"has-small-font-size\">El molino muele. Los ciclones separan. En cambio, la bomba centrifuga ni muele ni separa. Entonces, por qu\u00e9 tener una bomba de gran tama\u00f1o, con un alto costo de operaci\u00f3n y mantenci\u00f3n, en nuestro circuito de molienda?<\/p>\n\n\n\n<p class=\"has-small-font-size\">Esta pregunta puede ser respondida en dos etapas. La primera permite de comprender la relaci\u00f3n entre la Raz\u00f3n de Carga Circulante, CLR (del ingl\u00e9s, Circulating Load Ratio) del circuito de molienda y la capacidad global o eficiencia (el Bolet\u00edn No.1 indica c\u00f3mo calcular la CLR en vuestro circuito). La figura 1 muestra esta relaci\u00f3n. Una CLR de 160% permite al circuito una operaci\u00f3n dos veces m\u00e1s eficiente (en t\u00e9rminos de producci\u00f3n de finos) que une circuito abierto (0% CLR). Aumentar la carga circulante a 500% incrementa la producci\u00f3n de finos en 2.6 veces, es decir un aumento relativo de productividad 30% (2.6\/2.0 =1.30). Y todo esto, obtenido con el mismo consumo de potencia del molino! Los circuitos de molienda m\u00e1s eficientes requieren un alto valor de raz\u00f3n de carga circulante! A condici\u00f3n que la bomba de alimentaci\u00f3n del cicl\u00f3n sea capaz de proveerla!<\/p>\n\n\n\n<figure class=\"wp-block-image aligncenter size-full has-custom-border\"><img loading=\"lazy\" decoding=\"async\" width=\"648\" height=\"450\" src=\"https:\/\/metcomtech.com\/wp-content\/uploads\/2021\/12\/77f0f6c8-d99f-4753-8b73-0a786db83642.jpg\" alt=\"\" class=\"wp-image-324\" style=\"border-style:none;border-width:0px;border-radius:53px\" srcset=\"https:\/\/metcomtech.com\/wp-content\/uploads\/2021\/12\/77f0f6c8-d99f-4753-8b73-0a786db83642.jpg 648w, https:\/\/metcomtech.com\/wp-content\/uploads\/2021\/12\/77f0f6c8-d99f-4753-8b73-0a786db83642-300x208.jpg 300w, https:\/\/metcomtech.com\/wp-content\/uploads\/2021\/12\/77f0f6c8-d99f-4753-8b73-0a786db83642-200x139.jpg 200w\" sizes=\"auto, (max-width: 648px) 100vw, 648px\" \/><\/figure>\n\n\n\n<p class=\"has-small-font-size\">La segunda etapa es preguntarse, \u00bfpor qu\u00e9 existe esta relaci\u00f3n? Rob McIvor de Metcom, resolvi\u00f3 esta pregunta. El observ\u00f3 que la distribuci\u00f3n granulom\u00e9trica del material que pasa por el molino era mucho m\u00e1s gruesa cuando la CLR era elevada, que cuando ella era baja. Por ejemplo, usando un valor de referencia de 150 mallas (106 \u03bcm) para el P80 del rebalse del cicl\u00f3n, McIvor observ\u00f3 que el porcentaje de material +150 mallas dentro del molino de bolas aumentaba de 55% a 71% cuando la carga circulante era aumentada de 160% a 500%. Ello significa que el molino de bolas utilizaba 71% de su potencia en el material 'grueso' (+150 mallas) a CLR elevada contra 55% de la potencia de molienda, sobre el mismo tipo de  part\u00edculas, a baja CLR. El aumento relativo de potencia '\u00fatil' entregada al material +150 mallas es de 30% (71\/55 =1.30)&nbsp;<strong>La productividad del circuito se ve pues aumentada en 30%, dado que 30% m\u00e1s de potencia es utilizada para moler el material 'grueso' (+150 mallas)!<\/strong>&nbsp;Una carga circulante elevada significa que la pulpa pasa m\u00e1s r\u00e1pido a trav\u00e9s del molino, evitando as\u00ed la acumulaci\u00f3n de finos, y es r\u00e1pidamente orientada hacia los ciclones, para una separaci\u00f3n inmediata de los finos del circuito. El resultado global es un molino cargado fundamentalmente con material grueso (+150 mallas) y conteniendo pocos finos (-150 mallas), ambos expuestos a la potencia total del molino.  Al mantener un alto contenido de material grueso en el molino, una carga circulante elevada se traduce por un circuito de moliendo m\u00e1s eficiente.<\/p>\n\n\n\n<p class=\"has-small-font-size\">Metcom adopt\u00f3 la apelaci\u00f3n \"Eficiencia del Sistema de Clasificaci\u00f3n\", o simplemente \"CSE\" (del ingl\u00e9s Classification System Efficiency), para referirse a este fen\u00f3meno. La CSE es equivalente al porcentaje de material 'grueso' dentro del molino, y por ende es tambi\u00e9n igual al porcentaje de potencia \u00fatil del molino. Nuestro sistema de formaci\u00f3n en-l\u00ednea provee a operadores de planta, un m\u00e9todo por etapas para el c\u00e1lculo y la maximizaci\u00f3n de la \"CSE\".<\/p>\n\n\n\n<p class=\"has-small-font-size\"><a href=\"https:\/\/metcomtech.com\/es\/moodle\/wp\/cse\/\" data-type=\"page\" data-id=\"1132\" target=\"_blank\" rel=\"noreferrer noopener\"><strong>haga clic aqu\u00ed\u00a0<\/strong><\/a>para saber m\u00e1s sobre la \" Eficiencia del Sistema de Clasificaci\u00f3n \" y obtener informaci\u00f3n sobre c\u00f3mo puede Ud. aplicarla a la operaci\u00f3n de su planta mediante nuestro Paquete de Entrenamiento CSE <\/p>\n\n\n\n<div class=\"wp-block-buttons is-horizontal is-content-justification-center is-layout-flex wp-container-core-buttons-is-layout-03627597 wp-block-buttons-is-layout-flex\">\n<div class=\"wp-block-button\"><a class=\"wp-block-button__link wp-element-button\" href=\"https:\/\/metcomtech.com\/es\/#GrindingBulletin\">Ver m\u00e1s boletines de molienda<\/a><\/div>\n<\/div>","protected":false},"excerpt":{"rendered":"<p>Why Do We Need Such a High Recirculating Load in Our Ball Mill? The ball mill grinds. The cyclones separate. But the pump neither grinds nor separates. So what purpose is served by having such a big pump, which is expensive to operate and maintain in our grinding circuit? There is a two step answer [&hellip;]<\/p>\n","protected":false},"author":1,"featured_media":0,"parent":0,"menu_order":0,"comment_status":"closed","ping_status":"closed","template":"wp-custom-template-a1-main-template","meta":{"footnotes":""},"class_list":["post-579","page","type-page","status-publish","hentry"],"_links":{"self":[{"href":"https:\/\/metcomtech.com\/es\/wp-json\/wp\/v2\/pages\/579","targetHints":{"allow":["GET"]}}],"collection":[{"href":"https:\/\/metcomtech.com\/es\/wp-json\/wp\/v2\/pages"}],"about":[{"href":"https:\/\/metcomtech.com\/es\/wp-json\/wp\/v2\/types\/page"}],"author":[{"embeddable":true,"href":"https:\/\/metcomtech.com\/es\/wp-json\/wp\/v2\/users\/1"}],"replies":[{"embeddable":true,"href":"https:\/\/metcomtech.com\/es\/wp-json\/wp\/v2\/comments?post=579"}],"version-history":[{"count":9,"href":"https:\/\/metcomtech.com\/es\/wp-json\/wp\/v2\/pages\/579\/revisions"}],"predecessor-version":[{"id":2503,"href":"https:\/\/metcomtech.com\/es\/wp-json\/wp\/v2\/pages\/579\/revisions\/2503"}],"wp:attachment":[{"href":"https:\/\/metcomtech.com\/es\/wp-json\/wp\/v2\/media?parent=579"}],"curies":[{"name":"gracias","href":"https:\/\/api.w.org\/{rel}","templated":true}]}}