{"id":594,"date":"2021-12-06T19:37:25","date_gmt":"2021-12-06T19:37:25","guid":{"rendered":"https:\/\/moodle.localhost\/wp\/?page_id=594"},"modified":"2024-05-15T04:15:43","modified_gmt":"2024-05-15T04:15:43","slug":"grinding-bulletin-7","status":"publish","type":"page","link":"https:\/\/metcomtech.com\/es\/grinding-bulletin-7\/","title":{"rendered":"Bolet\u00edn No.7"},"content":{"rendered":"<h2 class=\"wp-block-heading\">\u00bfC\u00f3mo se pueden reducir los costos con poco o nada de capital?<\/h2>\n\n\n\n<p>D\u00e9cadas de ensayos en plantas con operadores han dado a Metcom la oportunidad de identificar un cierto n\u00famero de acciones claves, v\u00e1lidas en la mayor\u00eda de los circuitos de molienda por bolas. Revise la siguiente lista de preguntas a fin de detectar si la operaci\u00f3n de su concentradora  podr\u00eda beneficiarse con algunos de los siguientes m\u00e9todos (de bajo costo o sin costo alguno) para aumentar la eficiencia del circuito de molienda, reduciendo asimismo el costo neto de producci\u00f3n del concentrado final.<\/p>\n\n\n\n<ul class=\"wp-block-list\"><li><em>\u00bfTienen sus ciclones el di\u00e1metro de v\u00e9rtice adecuado para maximizar la concentraci\u00f3n de s\u00f3lidos en el bajoflujo?<\/em>&nbsp;El porcentaje de s\u00f3lidos debe ser mantenido en las cercan\u00edas de 55% en volumen, evitando sin embargo entrar en modo \"soga\". El agua contenida en esta corriente (descarga) retorna part\u00edculas finas al molino, lo que se traduce en un desperdicio de energ\u00eda y en sobre-molienda in\u00fatil de dichas part\u00edculas.<\/li><\/ul>\n\n\n\n<ul class=\"wp-block-list\"><li><em>\u00bfSe est\u00e1 minimizando la cantidad de agua agregada a la alimentaci\u00f3n del molino?&nbsp;<\/em>La casi totalidad de los molinos por bolas primarios operan m\u00e1s eficientemente sin diluci\u00f3n  del bajo-flujo del cicl\u00f3n que lo alimenta.<br>&nbsp;<\/li><li><em>\u00bfSe est\u00e1 utilizando el tama\u00f1o \u00f3ptimo de bolas en el molino?&nbsp;<\/em>En el caso de nuevas operaciones, generalmente se sobredimensiona el medio de molienda (filosof\u00eda \"conservadora\"). Una dimensi\u00f3n de bolas m\u00e1s adecuada, y muchas veces una mezcla de tama\u00f1os, puede traducirse en beneficios significativos. Metcom provee un simple \u00fatil de diagn\u00f3stico para identificar posibilidades de mejora del tama\u00f1o de bolas y para ensayar a escala piloto el torque del molino a objeto de optimizar el tama\u00f1o de las bolas.  Este ejercicio constituye una buena etapa para maximizar la eficiencia de molienda, y no requiere inversi\u00f3n de capital alguna.&nbsp; &nbsp;&nbsp;<\/li><\/ul>\n\n\n\n<p>Las preguntas siguientes se relacionan con el sistema bomba-ciclones, espec\u00edficamente para detectar si \u00e9l permite maximizar la utilizaci\u00f3n de la energ\u00eda de molienda en el material grueso (versus aquel que ha ya alcanzado el tama\u00f1o requerido). S\u00edrvase observar nuestro video sobre \"Eficiencia de Sistemas de Clasificaci\u00f3n\" o \"CSE\" (Ingl\u00e9s).<a href=\"https:\/\/www.localhost\/cse1.php\">Eficiencia del sistema de clasificaci\u00f3n\u201d (o \u201cCSE\u201d).<\/a><\/p>\n\n\n\n<ul class=\"wp-block-list\"><li><em>\u00bfNuestra relaci\u00f3n de carga circulante es de al menos 350 % o m\u00e1s?&nbsp;<\/em>Ver<a href=\"https:\/\/moodle.localhost\/wp\/2021\/12\/02\/grindingbulletin1\/\" data-type=\"post\" data-id=\"322\">&nbsp;Metcom Bolet\u00edn de Molienda No.1&nbsp;<\/a>sobre c\u00f3mo determinar r\u00e1pidamente la raz\u00f3n de carga circulante de su circuito.<\/li><\/ul>\n\n\n\n<ul class=\"wp-block-list\"><li><em>\u00bfLa adici\u00f3n de agua a la alimentaci\u00f3n de los ciclones es la \u00f3ptima (es decir, es la m\u00e1xima permitida por la limitante de menor concentraci\u00f3n de s\u00f3lidos en el proceso de separaci\u00f3n aguas abajo)?<br>&nbsp;<\/em><\/li><li><em>\u00bfSe est\u00e1 operando con el n\u00famero m\u00e1ximo de ciclones?<br>&nbsp;<\/em><\/li><li><em>\u00bfLa velocidad de la bomba de alimentaci\u00f3n del cicl\u00f3n y la capacidad del motor est\u00e1n siendo utilizadas al m\u00e1ximo?<\/em><\/li><\/ul>\n\n\n\n<p>Ajustes menores en los equipos existentes (por ejemplo, velocidad de rotaci\u00f3n la bomba o dimensiones de los orificios del cicl\u00f3n) a veces se traducen en mejoras substanciales de la \"CSE\".<a href=\"https:\/\/www.localhost\/cse\/CSE-MiningEngineeringMag.pdf\" target=\"_blank\" rel=\"noreferrer noopener\">Usted puede comparar cuantitativamente el valor presente del CSE de su molino con aquel que deber\u00eda ser, usando la Tabla 5 del art\u00edculo de referencia en la revista Mining Engineering de Septiembre 2014.(Ingl\u00e9s)<\/a><\/p>\n\n\n\n<p>Las limitaciones a estos cambios sugeridos pueden variar de una planta a otra. No obstante, usted puede constatar que algunas de las sugerencias aqu\u00ed propuestas pueden constituir un medio viable de alcanzar mejoras importantes en la eficiencia de vuestro circuito de molienda, a un costo limitado o a\u00fan nulo, tal como ha sido logrado en otras plantas. <a href=\"https:\/\/moodle.localhost\/wp\/published-wins\/\" data-type=\"page\" data-id=\"386\">haga clic aqu\u00ed<\/a>&nbsp;para ver ejemplos publicados de mejoras en la eficiencia de plantas de molienda, resultantes del empleo de las herramientas del Sistema Metcom y programas de formaci\u00f3n. <\/p>\n\n\n\n<div class=\"wp-block-buttons is-horizontal is-content-justification-center is-layout-flex wp-container-core-buttons-is-layout-03627597 wp-block-buttons-is-layout-flex\">\n<div class=\"wp-block-button\"><a class=\"wp-block-button__link wp-element-button\" href=\"https:\/\/metcomtech.com\/es\/#GrindingBulletin\">Ver m\u00e1s boletines de molienda<\/a><\/div>\n<\/div>\n\n\n\n<p><\/p>","protected":false},"excerpt":{"rendered":"<p>How can we reduce operating costs with little or no capital? Decades of conducting plant test work with the operators has provided Metcom the chance to identify a number of opportunities common to most ball milling circuits. Review the following list of questions to see how your operation might quickly benefit from one or more [&hellip;]<\/p>\n","protected":false},"author":1,"featured_media":0,"parent":0,"menu_order":0,"comment_status":"closed","ping_status":"closed","template":"wp-custom-template-a1-main-template","meta":{"footnotes":""},"class_list":["post-594","page","type-page","status-publish","hentry"],"_links":{"self":[{"href":"https:\/\/metcomtech.com\/es\/wp-json\/wp\/v2\/pages\/594","targetHints":{"allow":["GET"]}}],"collection":[{"href":"https:\/\/metcomtech.com\/es\/wp-json\/wp\/v2\/pages"}],"about":[{"href":"https:\/\/metcomtech.com\/es\/wp-json\/wp\/v2\/types\/page"}],"author":[{"embeddable":true,"href":"https:\/\/metcomtech.com\/es\/wp-json\/wp\/v2\/users\/1"}],"replies":[{"embeddable":true,"href":"https:\/\/metcomtech.com\/es\/wp-json\/wp\/v2\/comments?post=594"}],"version-history":[{"count":6,"href":"https:\/\/metcomtech.com\/es\/wp-json\/wp\/v2\/pages\/594\/revisions"}],"predecessor-version":[{"id":1410,"href":"https:\/\/metcomtech.com\/es\/wp-json\/wp\/v2\/pages\/594\/revisions\/1410"}],"wp:attachment":[{"href":"https:\/\/metcomtech.com\/es\/wp-json\/wp\/v2\/media?parent=594"}],"curies":[{"name":"gracias","href":"https:\/\/api.w.org\/{rel}","templated":true}]}}