{"id":600,"date":"2021-12-06T19:53:51","date_gmt":"2021-12-06T19:53:51","guid":{"rendered":"https:\/\/moodle.localhost\/wp\/?page_id=600"},"modified":"2024-05-15T04:05:01","modified_gmt":"2024-05-15T04:05:01","slug":"grinding-bulletin-8","status":"publish","type":"page","link":"https:\/\/metcomtech.com\/es\/grinding-bulletin-8\/","title":{"rendered":"Bolet\u00edn No.8"},"content":{"rendered":"<h2 class=\"wp-block-heading\"><strong>C\u00f3mo se puede usar el uso del agua del cicl\u00f3n para aumentar la eficiencia del circuito del molino de bolas<\/strong><\/h2>\n\n\n\n<p>Como se indica en el Bolet\u00edn No. 4, el molino de bolas realiza la molienda. Sin embargo, la bomba y los ciclones determinan qu\u00e9 material muele el molino. Recuerde el t\u00e9rmino \"CSE\", el circuito \"Eficiencia del sistema de clasificaci\u00f3n\", que es el porcentaje de material grueso (m\u00e1s tama\u00f1o P80) dentro del molino. Entonces, el \"CSE\" es tambi\u00e9n el porcentaje de la potencia del molino que hace una molienda \u00fatil, el resto se desperdicia en la molienda excesiva de lo que ya es menos material de tama\u00f1o P80. El papel de la bomba y los ciclones es maximizar el \"CSE\".<\/p>\n\n\n\n<p>En primer lugar, como tambi\u00e9n se explica en el Bolet\u00edn No. 4, siempre queremos una alta relaci\u00f3n de carga circulante (CLR). Dado el mismo CLR de 350 %, vea a continuaci\u00f3n c\u00f3mo el aumento del uso de agua del cicl\u00f3n afecta la proporci\u00f3n del agua que regresa al molino. Esta proporci\u00f3n se denomina \"fracci\u00f3n de derivaci\u00f3n\" y transporta s\u00f3lidos finos de regreso al molino de bolas. Manteniendo iguales la carga circulante y el porcentaje de s\u00f3lidos por debajo del flujo, mientras aumentamos el agua en la alimentaci\u00f3n del cicl\u00f3n, reducimos la fracci\u00f3n de desv\u00edo. En este ejemplo, el resultado neto estuvo cerca de un aumento del 10 % en CSE y, por lo tanto, un aumento neto del 10 % en la eficiencia y capacidad del circuito de molienda.<\/p>\n\n\n\n<figure class=\"wp-block-image size-full\"><img loading=\"lazy\" decoding=\"async\" width=\"1003\" height=\"550\" src=\"https:\/\/moodle.localhost\/wp\/wp-content\/uploads\/2021\/12\/CycBal-block-1.jpg\" alt=\"\" class=\"wp-image-625\" srcset=\"https:\/\/metcomtech.com\/wp-content\/uploads\/2021\/12\/CycBal-block-1.jpg 1003w, https:\/\/metcomtech.com\/wp-content\/uploads\/2021\/12\/CycBal-block-1-300x165.jpg 300w, https:\/\/metcomtech.com\/wp-content\/uploads\/2021\/12\/CycBal-block-1-200x110.jpg 200w, https:\/\/metcomtech.com\/wp-content\/uploads\/2021\/12\/CycBal-block-1-768x421.jpg 768w, https:\/\/metcomtech.com\/wp-content\/uploads\/2021\/12\/CycBal-block-1-262x144.jpg 262w\" sizes=\"auto, (max-width: 1003px) 100vw, 1003px\" \/><\/figure>\n\n\n\n<p>Este proceso requiere hacer ajustes en la bomba y el cicl\u00f3n.<strong>&nbsp;<a href=\"https:\/\/www.localhost\/Streamline\/\"><u>Streamline<\/u>\u2122<\/a>&nbsp;<\/strong>programa de modelado del circuito del molino de bolas se puede utilizar para determinar los ajustes necesarios del equipo y calcular el aumento asociado de la eficiencia del circuito.<\/p>\n\n\n\n<div class=\"wp-block-buttons is-horizontal is-content-justification-center is-layout-flex wp-container-core-buttons-is-layout-03627597 wp-block-buttons-is-layout-flex\">\n<div class=\"wp-block-button\"><a class=\"wp-block-button__link wp-element-button\" href=\"https:\/\/metcomtech.com\/es\/#GrindingBulletin\">Ver m\u00e1s boletines de molienda<\/a><\/div>\n<\/div>","protected":false},"excerpt":{"rendered":"<p>How Cyclone Water Usage Can Be Used to Increase Ball Mill Circuit Efficiency As noted in Bulletin No. 4, the ball mill does the grinding. However, the pump and cyclones determine what material the mill grinds. Recall the term \u201cCSE\u201d, the circuit \u201cClassification System Efficiency\u201d, which is the percentage of coarse (plus P80 size) material [&hellip;]<\/p>\n","protected":false},"author":1,"featured_media":0,"parent":0,"menu_order":0,"comment_status":"closed","ping_status":"closed","template":"wp-custom-template-a1-main-template","meta":{"footnotes":""},"class_list":["post-600","page","type-page","status-publish","hentry"],"_links":{"self":[{"href":"https:\/\/metcomtech.com\/es\/wp-json\/wp\/v2\/pages\/600","targetHints":{"allow":["GET"]}}],"collection":[{"href":"https:\/\/metcomtech.com\/es\/wp-json\/wp\/v2\/pages"}],"about":[{"href":"https:\/\/metcomtech.com\/es\/wp-json\/wp\/v2\/types\/page"}],"author":[{"embeddable":true,"href":"https:\/\/metcomtech.com\/es\/wp-json\/wp\/v2\/users\/1"}],"replies":[{"embeddable":true,"href":"https:\/\/metcomtech.com\/es\/wp-json\/wp\/v2\/comments?post=600"}],"version-history":[{"count":4,"href":"https:\/\/metcomtech.com\/es\/wp-json\/wp\/v2\/pages\/600\/revisions"}],"predecessor-version":[{"id":1411,"href":"https:\/\/metcomtech.com\/es\/wp-json\/wp\/v2\/pages\/600\/revisions\/1411"}],"wp:attachment":[{"href":"https:\/\/metcomtech.com\/es\/wp-json\/wp\/v2\/media?parent=600"}],"curies":[{"name":"gracias","href":"https:\/\/api.w.org\/{rel}","templated":true}]}}