{"id":637,"date":"2021-12-06T20:41:10","date_gmt":"2021-12-06T20:41:10","guid":{"rendered":"https:\/\/moodle.localhost\/wp\/?page_id=637"},"modified":"2024-05-15T04:16:26","modified_gmt":"2024-05-15T04:16:26","slug":"training-program-development-and-features","status":"publish","type":"page","link":"https:\/\/metcomtech.com\/es\/training\/training-program-development-and-features\/","title":{"rendered":"Desarrollo y caracter\u00edsticas del programa"},"content":{"rendered":"<ul class=\"has-normal-font-size wp-block-list\">\n<li class=\"has-small-font-size\">El programa de formaci\u00f3n inicial tom\u00f3\u00a0<strong>varios a\u00f1os para desarrollarse.<\/strong> Despu\u00e9s de estructurar el sistema con la ayuda de especialistas en dise\u00f1o instruccional, se prob\u00f3 el prototipo de cada m\u00f3dulo y se someti\u00f3 a varias revisiones antes de su emisi\u00f3n final.<br><br><\/li>\n\n\n\n<li class=\"has-small-font-size\">El programa de formaci\u00f3n completo cubre todos los pasos para implementar el <strong>el sistema de gesti\u00f3n de procesos de molienda Metcom.<\/strong><br><br><\/li>\n\n\n\n<li class=\"has-small-font-size\" style=\"line-height:1.1\">El desarrollo del programa inicial fue patrocinado por un consorcio de empresas mineras y de servicios y los gobiernos de Canad\u00e1 y Quebec.<br><br><\/li>\n\n\n\n<li class=\"has-small-font-size\">Con la reinversi\u00f3n continua en el desarrollo del programa, los participantes pueden continuar aprendiendo y benefici\u00e1ndose a medida que el programa mejora y se expande.<br><br><\/li>\n\n\n\n<li class=\"has-small-font-size\">Es un aprendizaje interactivo, autodidacta y a su propio ritmo.<br><br><\/li>\n\n\n\n<li class=\"has-small-font-size\">Las pruebas de certificaci\u00f3n verifican la comprensi\u00f3n del alumno.<br><br><\/li>\n\n\n\n<li class=\"has-small-font-size\">Disponible hasta la fecha en ingl\u00e9s, franc\u00e9s y espa\u00f1ol.<br><br><\/li>\n\n\n\n<li class=\"has-small-font-size\">Avalado por la Universidad McGill; Energ\u00eda, Minas y Recursos de Canad\u00e1; Asociaci\u00f3n de Miner\u00eda de Canad\u00e1; Ontario Hydro.<br><br><\/li>\n\n\n\n<li class=\"has-small-font-size\"><strong>Acreditado&nbsp;<\/strong>para cr\u00e9ditos de educaci\u00f3n continua (CEU) con el Instituto de Ingenier\u00eda de Canad\u00e1.&nbsp;<strong>Instituto de Ingenier\u00eda de Canad\u00e1<\/strong>.<br><br><\/li>\n\n\n\n<li class=\"has-small-font-size\">Una<em><strong>&nbsp;Gu\u00eda del participante&nbsp;<\/strong><\/em>presenta informaci\u00f3n sobre el contenido y la forma del Programa, la certificaci\u00f3n, la propiedad, los derechos y los servicios de apoyo.<br><br><\/li>\n\n\n\n<li class=\"has-small-font-size\">Una&nbsp;<em><strong>gu\u00eda de documentaci\u00f3n&nbsp;<\/strong><\/em>proporciona la estructura para recopilar, archivar y organizar todos los datos e informaci\u00f3n necesarios para implementar el sistema Metcom.<br><br><\/li>\n\n\n\n<li class=\"has-small-font-size\">Se emite una&nbsp;<em><strong>Gu\u00eda del administrador&nbsp;<\/strong><\/em>para aquellas organizaciones que eligen supervisar la capacitaci\u00f3n a trav\u00e9s de un administrador en el sitio.<br><br><\/li>\n\n\n\n<li class=\"has-small-font-size\">Los participantes&nbsp;<strong>aplican lo que aprenden<\/strong>&nbsp;en sus plantas, realizando la misma recopilaci\u00f3n y an\u00e1lisis de datos que en los m\u00f3dulos, a medida que avanzan en la formaci\u00f3n.<br><br><\/li>\n\n\n\n<li class=\"has-small-font-size\">Los m\u00f3dulos individuales var\u00edan desde menos de una hora hasta aproximadamente cuatro horas para completarse. El tiempo total de aprendizaje del programa es de aproximadamente 64 horas.<br><br><\/li>\n\n\n\n<li class=\"has-small-font-size\">Cada programa se emite para una persona espec\u00edfica. La capacitaci\u00f3n puede ser para una persona o para un <strong>plan de estudios<\/strong> Se puede personalizar para el personal t\u00e9cnico y de gesti\u00f3n de la planta.<br><br><\/li>\n\n\n\n<li class=\"has-small-font-size\">Los programas de temas especiales se centran en operaciones o tareas de unidades espec\u00edficas.<br><br><\/li>\n\n\n\n<li class=\"has-small-font-size\">Una&nbsp;<strong>alternativa de menor costo&nbsp;<\/strong>que asistir a cursos de capacitaci\u00f3n externos.<br><br><\/li>\n\n\n\n<li class=\"has-small-font-size\">La aplicaci\u00f3n de nuevas habilidades en el trabajo proporciona una&nbsp;<strong>recuperaci\u00f3n inmediata.&nbsp;<\/strong>Los ahorros de costos se miden en millones de d\u00f3lares.<br><br><\/li>\n\n\n\n<li class=\"has-small-font-size\">F\u00e1cilmente&nbsp;<strong>accesible para los usuarios<\/strong>&nbsp;desde cualquier lugar al que puedan conectarse: en el trabajo, en casa o en la carretera.<br><\/li>\n<\/ul>\n\n\n\n<p><\/p>","protected":false},"excerpt":{"rendered":"","protected":false},"author":1,"featured_media":0,"parent":44,"menu_order":0,"comment_status":"closed","ping_status":"closed","template":"wp-custom-template-a1-main-template","meta":{"footnotes":""},"class_list":["post-637","page","type-page","status-publish","hentry"],"_links":{"self":[{"href":"https:\/\/metcomtech.com\/es\/wp-json\/wp\/v2\/pages\/637","targetHints":{"allow":["GET"]}}],"collection":[{"href":"https:\/\/metcomtech.com\/es\/wp-json\/wp\/v2\/pages"}],"about":[{"href":"https:\/\/metcomtech.com\/es\/wp-json\/wp\/v2\/types\/page"}],"author":[{"embeddable":true,"href":"https:\/\/metcomtech.com\/es\/wp-json\/wp\/v2\/users\/1"}],"replies":[{"embeddable":true,"href":"https:\/\/metcomtech.com\/es\/wp-json\/wp\/v2\/comments?post=637"}],"version-history":[{"count":15,"href":"https:\/\/metcomtech.com\/es\/wp-json\/wp\/v2\/pages\/637\/revisions"}],"predecessor-version":[{"id":2287,"href":"https:\/\/metcomtech.com\/es\/wp-json\/wp\/v2\/pages\/637\/revisions\/2287"}],"up":[{"embeddable":true,"href":"https:\/\/metcomtech.com\/es\/wp-json\/wp\/v2\/pages\/44"}],"wp:attachment":[{"href":"https:\/\/metcomtech.com\/es\/wp-json\/wp\/v2\/media?parent=637"}],"curies":[{"name":"gracias","href":"https:\/\/api.w.org\/{rel}","templated":true}]}}