{"id":646,"date":"2021-12-06T20:49:01","date_gmt":"2021-12-06T20:49:01","guid":{"rendered":"https:\/\/moodle.localhost\/wp\/?page_id=646"},"modified":"2024-05-15T17:51:17","modified_gmt":"2024-05-15T17:51:17","slug":"modules-and-general-objectives","status":"publish","type":"page","link":"https:\/\/metcomtech.com\/es\/modules-and-general-objectives\/","title":{"rendered":"M\u00f3dulos de formaci\u00f3n y objetivos generales"},"content":{"rendered":"<h5 class=\"wp-block-heading has-white-color has-luminous-vivid-orange-background-color has-text-color has-background\" style=\"font-style:normal;font-weight:500\"><strong>La formaci\u00f3n se realiza a su propio ritmo, se imparte en l\u00ednea y est\u00e1 certificada por el Instituto de Ingenier\u00eda de Canad\u00e1.<\/strong><\/h5>\n\n\n\n<p><strong>1. Introducci\u00f3n al Sistema Metcom<\/strong><br>Dar a conocer las razones econ\u00f3micas y t\u00e9cnicas para aplicar el Sistema de Metcom a las operaciones de la planta de molienda.<\/p>\n\n\n\n<p><strong>2. Demanda de Potencia en Molinos<\/strong><br>Determinar las caracter\u00edsticas y capacidades de la demanda de potencia en la molienda de barras de bolas y molinos AG\/SAG<\/p>\n\n\n\n<p><strong>3. Mediciones de Potencia y Nivel de Carga<\/strong><br>Medir la demanda de potencia y el nivel de carga de la molienda de barra de bolas y AG\/SAG.<\/p>\n\n\n\n<p><strong>4. Eficiencia en el \u00cdndice de Trabajo<\/strong><br>Para determinar los c\u00e1lculos de \u00edndice de trabajo para la evaluaci\u00f3n de la eficiencia de la molienda de circuito, como el desarrollado inicialmente por el Sr. Fred Bond.<\/p>\n\n\n\n<p><strong>5. Rendimiento Funcional de Molienda de Bola<\/strong><br>Determinar el rendimiento del circuito de molienda de bola en t\u00e9rminos de los elementos de la ecuaci\u00f3n de rendimiento funcional.<\/p>\n\n\n\n<p><strong>6. Molienda y Econom\u00eda de la Planta<\/strong><br>Relacionar el rendimiento del circuito de molienda al costo de molienda y a la econom\u00eda general de la planta.<\/p>\n\n\n\n<p><strong>7. Rendimiento del Hidrociclon<\/strong><br>Caracterizar cuantitativamente el rendimiento del cicl\u00f3n.<\/p>\n\n\n\n<p><strong>8. Ajustes del Hidrociclon<\/strong><br>Hacer ajustes a los ciclones para alcanzar el rendimiento deseado.<\/p>\n\n\n\n<p><strong>9. Bombeo de Pulpa<\/strong><br>Caracterizar el rendimiento de la bomba de pulpa y hacer ajustes para alcanzar el rendimiento deseado.<\/p>\n\n\n\n<p><strong>10. Datos Existentes y Datos Requeridos<\/strong><br>Listar datos requeridos y compilar datos existentes del circuito de molienda.<\/p>\n\n\n\n<p><strong>11. Gu\u00eda de Muestreo en la Planta y Estudio de Circuitos<\/strong><br>Dise\u00f1ar, planear y llevar a cabo estudios de muestreos del circuito de molienda.<\/p>\n\n\n\n<p><strong>12. An\u00e1lisis y Manejo de Muestreo<\/strong><br>Desarrollar procedimientos para llevar a cabo an\u00e1lisis de los estudios de las muestras del circuito.<\/p>\n\n\n\n<p><strong>13. Introducci\u00f3n a las Pruebas de Molibilidad<\/strong><br>Identificar los diferentes objetivos y tipos de pruebas de molibilidad.<\/p>\n\n\n\n<p><strong>14. Pruebas de Molibilidad de Bond<\/strong><br>Llevar a cabo pruebas de molibilidad de Bond en la molienda de barra y bola.<\/p>\n\n\n\n<p><strong>15. Pruebas de Molibilidad en Lote<\/strong><br>Desarrollar procedimientos para llevar a cabo pruebas de molibilidad en el sitio.<\/p>\n\n\n\n<p><strong>16. C\u00e1lculos de Balance en Masa<\/strong><br>Ejecutar c\u00e1lculos del balance de masa computarizados.<\/p>\n\n\n\n<p><strong>17. Evaluaci\u00f3n de Molienda de Barra<\/strong><br>Evaluar variables de dise\u00f1o alternativo y condiciones operativas para la molienda de barra.<\/p>\n\n\n\n<p><strong>18. Evaluaci\u00f3n del Circuito de Clasificaci\u00f3n<\/strong><br>Evaluar variables de dise\u00f1o alternativo del circuito de molienda y condiciones operativas relacionadas a la eficiencia del sistema de clasificaci\u00f3n.<\/p>\n\n\n\n<p><strong>19. Evaluaci\u00f3n de la Molienda del Molino de Bolas<\/strong><br>Evaluar variables de dise\u00f1o alternativo del circuito de molienda de bola y condiciones operativas relacionadas a la eficiencia de la molienda de bola.<\/p>\n\n\n\n<p><strong>20. Evaluaci\u00f3n de la Disposici\u00f3n de Circuitos<\/strong><br>Evaluar la disposici\u00f3n de diferentes circuitos de molienda en t\u00e9rminos de su sistema de clasificaci\u00f3n, molienda y eficiencia general del circuito.<\/p>\n\n\n\n<p><strong>21. Control del Circuito de Molienda<\/strong><br>Definir los prop\u00f3sitos de controlar el proceso de molienda, identificar disturbios y acciones de correcci\u00f3n apropiadas, especificar un sistema de control y calcular los beneficios econ\u00f3micos de la mejora del control.<\/p>\n\n\n\n<p><strong>22. Evaluaci\u00f3n de la Molienda Aut\u00f3gena y Semi-Autogena<\/strong><br>Desarrollado para el personal de la planta metal\u00fargica y la gesti\u00f3n de las operaciones, as\u00ed como aquellos que los apoyan (por ejemplo, los departamentos t\u00e9cnicos y proveedores). Este m\u00f3dulo proporciona los conocimientos esenciales y un conjunto de habilidades para gestionar con eficacia AG \/ SAG<\/p>\n\n\n\n<p>Por favor refi\u00e9rase a la&nbsp;<a href=\"https:\/\/metcomtech.com\/es\/sample-excerpt-from-module-5-functional-performance-of-ball-milling\/\" data-type=\"page\" data-id=\"2268\"><strong>ejemplo<\/strong>&nbsp;<\/a>para un ejemplo detallado de los objetivos de aprendizaje de un modulo.<\/p>\n\n\n\n<div class=\"wp-block-buttons is-layout-flex wp-block-buttons-is-layout-flex\">\n<div class=\"wp-block-button is-style-fill\"><a class=\"wp-block-button__link wp-element-button\" href=\"https:\/\/metcomtech.com\/es\/order\/\"><strong>Solicitar formaci\u00f3n en l\u00ednea<\/strong><\/a><\/div>\n<\/div>","protected":false},"excerpt":{"rendered":"<p>Training is self-paced, delivered online, and is certified by the Engineering Institute of Canada. 1. Introduction to the Metcom SystemTo know the technical and economic reasons for applying the Metcom System to plant grinding operations. 2. Mill Power DrawTo determine mill power draw characteristics and capabilities for rod, ball and AG\/SAG mills. 3. Mill Power [&hellip;]<\/p>\n","protected":false},"author":1,"featured_media":0,"parent":0,"menu_order":0,"comment_status":"closed","ping_status":"closed","template":"wp-custom-template-a1-main-template","meta":{"footnotes":""},"class_list":["post-646","page","type-page","status-publish","hentry"],"_links":{"self":[{"href":"https:\/\/metcomtech.com\/es\/wp-json\/wp\/v2\/pages\/646","targetHints":{"allow":["GET"]}}],"collection":[{"href":"https:\/\/metcomtech.com\/es\/wp-json\/wp\/v2\/pages"}],"about":[{"href":"https:\/\/metcomtech.com\/es\/wp-json\/wp\/v2\/types\/page"}],"author":[{"embeddable":true,"href":"https:\/\/metcomtech.com\/es\/wp-json\/wp\/v2\/users\/1"}],"replies":[{"embeddable":true,"href":"https:\/\/metcomtech.com\/es\/wp-json\/wp\/v2\/comments?post=646"}],"version-history":[{"count":9,"href":"https:\/\/metcomtech.com\/es\/wp-json\/wp\/v2\/pages\/646\/revisions"}],"predecessor-version":[{"id":2962,"href":"https:\/\/metcomtech.com\/es\/wp-json\/wp\/v2\/pages\/646\/revisions\/2962"}],"wp:attachment":[{"href":"https:\/\/metcomtech.com\/es\/wp-json\/wp\/v2\/media?parent=646"}],"curies":[{"name":"gracias","href":"https:\/\/api.w.org\/{rel}","templated":true}]}}