{"id":652,"date":"2021-12-06T21:01:05","date_gmt":"2021-12-06T21:01:05","guid":{"rendered":"https:\/\/moodle.localhost\/wp\/?page_id=652"},"modified":"2024-05-15T18:48:06","modified_gmt":"2024-05-15T18:48:06","slug":"certification","status":"publish","type":"page","link":"https:\/\/metcomtech.com\/es\/certification\/","title":{"rendered":"Certificaci\u00f3n"},"content":{"rendered":"<div class=\"wp-block-columns is-layout-flex wp-container-core-columns-is-layout-28f84493 wp-block-columns-is-layout-flex\">\n<div class=\"wp-block-column is-layout-flow wp-block-column-is-layout-flow\">\n<div class=\"wp-block-media-text is-stacked-on-mobile\" style=\"grid-template-columns:23% auto\"><figure class=\"wp-block-media-text__media\"><img loading=\"lazy\" decoding=\"async\" width=\"227\" height=\"230\" src=\"https:\/\/metcomtech.com\/wp-content\/uploads\/2024\/03\/EIC-Trans.png\" alt=\"\" class=\"wp-image-2048 size-full\" srcset=\"https:\/\/metcomtech.com\/wp-content\/uploads\/2024\/03\/EIC-Trans.png 227w, https:\/\/metcomtech.com\/wp-content\/uploads\/2024\/03\/EIC-Trans-100x100.png 100w, https:\/\/metcomtech.com\/wp-content\/uploads\/2024\/03\/EIC-Trans-200x203.png 200w\" sizes=\"auto, (max-width: 227px) 100vw, 227px\" \/><\/figure><div class=\"wp-block-media-text__content\">\n<p>Certificaci\u00f3n no es algo que es requerida, sin embargo si es altamente recomendada. Es la forma en que se verifica el proceso de aprendizaje.<br><br>Tras la finalizaci\u00f3n de cada m\u00f3dulo, el estudiante tiene que rendir una prueba de certificaci\u00f3n. Esta prueba cubre exactamente el material visto en el m\u00f3dulo y se asemeja al tipo de ejercicios que formaban parte del m\u00f3dulo. Una vez m\u00e1s, el trabajo va al ritmo del estudiante. No hay preguntas \u201ctramposas\u201d y se puede usar todo el material de estudio para hacer el test. Por lo tanto, los estudiantes que han terminado los ejercicios durante el modulo, tendr\u00e1n buen resultado con la prueba, que ser\u00e1 revisada por Metcom. De esta forma, un aprendizaje exitoso est\u00e1 asegurado.<br><br>Los estudiantes que completen todo el programa de 22 m\u00f3dulos en el Sistema de gesti\u00f3n de procesos de molienda de Metcom recibir\u00e1n un Certificado de finalizaci\u00f3n del Instituto de Ingenier\u00eda de Canad\u00e1 y 6.4 Unidades de educaci\u00f3n continua (una por cada 10 horas de estudio). Estos CEU cumplen con el est\u00e1ndar establecido por la Asociaci\u00f3n Internacional de Educaci\u00f3n y Capacitaci\u00f3n Continua, por quien el Instituto de Ingenier\u00eda de Canad\u00e1 es reconocido.<\/p>\n<\/div><\/div>\n<\/div>\n<\/div>\n\n\n\n<div class=\"wp-block-media-text has-media-on-the-right is-stacked-on-mobile is-vertically-aligned-top\"><div class=\"wp-block-media-text__content\">\n<p>Las CEU no est\u00e1n limitadas a profesionales del \u00e1mbito de ingenier\u00eda. Ser\u00e1n entregadas junto con el Certificado de Participaci\u00f3n del Instituto de Ingenier\u00eda de Canad\u00e1 para cualquier participante que termina de forma exitosa el programa, en cualquier parte del mundo.<\/p>\n\n\n\n<p>Un Certificado de Participaci\u00f3n con las Unidades de Educaci\u00f3n Continua tambi\u00e9n puede ser entregado en caso de los programas con t\u00f3picos especiales, de los programas parciales (favor ver el ejemplo del Plan de Estudio para Planta) y en caso de los programas consistiendo en talleres en faena. Se entrega una CEU por cada 10 horas de estudio.<\/p>\n<\/div><figure class=\"wp-block-media-text__media\"><img loading=\"lazy\" decoding=\"async\" width=\"1024\" height=\"777\" src=\"https:\/\/metcomtech.com\/wp-content\/uploads\/2024\/05\/Certificate-1-1024x777.jpg\" alt=\"\" class=\"wp-image-2965 size-full\" srcset=\"https:\/\/metcomtech.com\/wp-content\/uploads\/2024\/05\/Certificate-1-1024x777.jpg 1024w, https:\/\/metcomtech.com\/wp-content\/uploads\/2024\/05\/Certificate-1-300x228.jpg 300w, https:\/\/metcomtech.com\/wp-content\/uploads\/2024\/05\/Certificate-1-200x152.jpg 200w, https:\/\/metcomtech.com\/wp-content\/uploads\/2024\/05\/Certificate-1-768x583.jpg 768w, https:\/\/metcomtech.com\/wp-content\/uploads\/2024\/05\/Certificate-1-16x12.jpg 16w, https:\/\/metcomtech.com\/wp-content\/uploads\/2024\/05\/Certificate-1.jpg 1285w\" sizes=\"auto, (max-width: 1024px) 100vw, 1024px\" \/><\/figure><\/div>","protected":false},"excerpt":{"rendered":"<p>Certification is not required, but it is highly recommended. It is how learning is verified. Upon the completion of each module, learners complete a certification test. It covers the exact materials and duplicate types of exercises to those covered in the module. Once again, the work is self-paced. There are no &#8220;trick&#8221; questions, and it [&hellip;]<\/p>\n","protected":false},"author":1,"featured_media":0,"parent":0,"menu_order":0,"comment_status":"closed","ping_status":"closed","template":"wp-custom-template-a1-main-template","meta":{"footnotes":""},"class_list":["post-652","page","type-page","status-publish","hentry"],"_links":{"self":[{"href":"https:\/\/metcomtech.com\/es\/wp-json\/wp\/v2\/pages\/652","targetHints":{"allow":["GET"]}}],"collection":[{"href":"https:\/\/metcomtech.com\/es\/wp-json\/wp\/v2\/pages"}],"about":[{"href":"https:\/\/metcomtech.com\/es\/wp-json\/wp\/v2\/types\/page"}],"author":[{"embeddable":true,"href":"https:\/\/metcomtech.com\/es\/wp-json\/wp\/v2\/users\/1"}],"replies":[{"embeddable":true,"href":"https:\/\/metcomtech.com\/es\/wp-json\/wp\/v2\/comments?post=652"}],"version-history":[{"count":7,"href":"https:\/\/metcomtech.com\/es\/wp-json\/wp\/v2\/pages\/652\/revisions"}],"predecessor-version":[{"id":2966,"href":"https:\/\/metcomtech.com\/es\/wp-json\/wp\/v2\/pages\/652\/revisions\/2966"}],"wp:attachment":[{"href":"https:\/\/metcomtech.com\/es\/wp-json\/wp\/v2\/media?parent=652"}],"curies":[{"name":"gracias","href":"https:\/\/api.w.org\/{rel}","templated":true}]}}