{"id":666,"date":"2021-12-06T21:11:31","date_gmt":"2021-12-06T21:11:31","guid":{"rendered":"https:\/\/moodle.localhost\/wp\/?page_id=666"},"modified":"2024-05-15T04:16:27","modified_gmt":"2024-05-15T04:16:27","slug":"welcome","status":"publish","type":"page","link":"https:\/\/metcomtech.com\/es\/welcome\/","title":{"rendered":"Bienvenido"},"content":{"rendered":"<p><strong>Estimado nuevo participante del programa:<\/strong><\/p>\n\n\n\n<p>\u00a1Bienvenido al programa de capacitaci\u00f3n de Metcom sobre operaciones de molienda en planta! Est\u00e1 a punto de embarcarse en una experiencia de aprendizaje que le proporcionar\u00e1 a usted y a su empresa todas las habilidades necesarias para lograr la excelencia en el rendimiento del procesamiento de molienda. Como ya han expresado otros estudiantes antes que usted, esperamos que obtenga una enorme satisfacci\u00f3n personal al poner en pr\u00e1ctica nuevas habilidades pr\u00e1cticas y luego ver realmente los beneficios en su operaci\u00f3n. Y su empresa se beneficiar\u00e1 econ\u00f3micamente de los m\u00e9todos de ingenier\u00eda que ya han demostrado ofrecer un rendimiento econ\u00f3mico muy mejorado en la industria.<\/p>\n\n\n\n<p>Si usted es como yo, probablemente se haya sentido frustrado al intentar descifrar alg\u00fan conocimiento pr\u00e1ctico que pueda poner en pr\u00e1ctica a partir de presentaciones t\u00e9cnicas o literatura. A menudo, tales esfuerzos son simplemente una p\u00e9rdida de tiempo. Nuestro objetivo al crear este programa fue recopilar para usted todo lo que se necesita, y omitir lo que no, en un paquete completo. Y el papel de nuestros especialistas en dise\u00f1o instruccional fue eliminar por completo las barreras al aprendizaje. Cada m\u00f3dulo que toma ha sido escrito, revisado, probado, corregido y luego reevaluado tantas veces como sea necesario para garantizar que el aprendizaje de las habilidades descritas realmente se lleve a cabo. Entonces, ya sea que est\u00e9 haciendo el programa completo, una parte de \u00e9l relacionada con su rol en operaciones o un Programa de Tema Especial dirigido a una unidad de operaci\u00f3n o tarea espec\u00edfica, el &quot;Proceso de Dise\u00f1o Instruccional&quot; que se ha aplicado aqu\u00ed&nbsp;<strong>garant\u00edas&nbsp;<\/strong>tu competencia en esas habilidades cuando hayas terminado.<\/p>\n\n\n\n<p>Pero de mayor importancia que el m\u00e9todo de aprendizaje, por supuesto,&nbsp;<strong>\u00a1Esto es lo que aprender\u00e1s!<\/strong>&nbsp;Desde el significado preciso y los m\u00e9todos del an\u00e1lisis del \u00edndice de trabajo de Bond hasta la comprensi\u00f3n revolucionaria de la molienda en circuito cerrado que proporciona el an\u00e1lisis del rendimiento funcional, pasando por los m\u00e9todos de mejora de procesos de planta que ofrecen la ingenier\u00eda de aplicaciones de bombas de lodos y ciclones, hasta los m\u00e9todos detallados de adquisici\u00f3n de datos de muestreo y encuesta de planta utilizados para medir las mejoras continuas, aprender\u00e1 todo lo que necesita saber para realizar el trabajo de mejorar el rendimiento de la molienda de la planta. El aporte del programa de los mejores expertos t\u00e9cnicos en sus campos y la certificaci\u00f3n del Instituto de Ingenier\u00eda de Canad\u00e1 le aseguran la calidad del contenido del programa. O simplemente hable con un participante anterior del programa para sentir el entusiasmo que le ofrecer\u00e1 esta capacitaci\u00f3n.<\/p>\n\n\n\n<p>Estoy seguro de que ambos disfrutar\u00e1n y se beneficiar\u00e1n de estos materiales. Me complacer\u00eda recibir sus comentarios personales. Si bien la respuesta de nuestros colegas de la industria ha sido abrumadoramente positiva, siempre agradecemos la oportunidad de mejorar y refinar nuestro producto para futuros estudiantes de la industria de procesamiento de minerales.<br><br>Atentamente,<br><br>Rob McIvor<br>Gerente general y metal\u00fargico jefe, sistemas de molienda<\/p>","protected":false},"excerpt":{"rendered":"<p>Dear New Program Participant, Welcome to the Metcom Instructional Program on Plant Grinding Operations! You are about to embark on a learning experience which will provide you and your company with all the skills needed to achieve excellence in grinding processing performance. As other learners before you have expressed, you will hopefully gain tremendous personal [&hellip;]<\/p>\n","protected":false},"author":1,"featured_media":0,"parent":0,"menu_order":0,"comment_status":"closed","ping_status":"closed","template":"wp-custom-template-a1-main-template","meta":{"footnotes":""},"class_list":["post-666","page","type-page","status-publish","hentry"],"_links":{"self":[{"href":"https:\/\/metcomtech.com\/es\/wp-json\/wp\/v2\/pages\/666","targetHints":{"allow":["GET"]}}],"collection":[{"href":"https:\/\/metcomtech.com\/es\/wp-json\/wp\/v2\/pages"}],"about":[{"href":"https:\/\/metcomtech.com\/es\/wp-json\/wp\/v2\/types\/page"}],"author":[{"embeddable":true,"href":"https:\/\/metcomtech.com\/es\/wp-json\/wp\/v2\/users\/1"}],"replies":[{"embeddable":true,"href":"https:\/\/metcomtech.com\/es\/wp-json\/wp\/v2\/comments?post=666"}],"version-history":[{"count":1,"href":"https:\/\/metcomtech.com\/es\/wp-json\/wp\/v2\/pages\/666\/revisions"}],"predecessor-version":[{"id":669,"href":"https:\/\/metcomtech.com\/es\/wp-json\/wp\/v2\/pages\/666\/revisions\/669"}],"wp:attachment":[{"href":"https:\/\/metcomtech.com\/es\/wp-json\/wp\/v2\/media?parent=666"}],"curies":[{"name":"gracias","href":"https:\/\/api.w.org\/{rel}","templated":true}]}}