{"id":673,"date":"2021-12-06T21:19:58","date_gmt":"2021-12-06T21:19:58","guid":{"rendered":"https:\/\/moodle.localhost\/wp\/?page_id=673"},"modified":"2024-05-15T04:16:26","modified_gmt":"2024-05-15T04:16:26","slug":"testimonials","status":"publish","type":"page","link":"https:\/\/metcomtech.com\/es\/testimonials\/","title":{"rendered":"Testimonios"},"content":{"rendered":"<h4 class=\"wp-block-heading\"><span style=\"background-color:rgba(0, 0, 0, 0)\" class=\"has-inline-color has-luminous-vivid-orange-color\">\u00a1\u00danete a m\u00e1s de mil\nmetal\u00fargicos que mejoran la molienda\nrendimiento del circuito con\nel sistema Metcom!<\/span><\/h4>\n\n\n\n<div class=\"wp-block-columns is-layout-flex wp-container-core-columns-is-layout-28f84493 wp-block-columns-is-layout-flex\">\n<div class=\"wp-block-column is-layout-flow wp-block-column-is-layout-flow\" style=\"flex-basis:66.66%\">\n<p>Algunas empresas que se han beneficiado de nuestros programas de formaci\u00f3n incluyen Agnico Eagle, Rio Tinto, Weir Minerals, Oyu Tolgoi, Barrick, ME Elecmetal, Freeport McMoran, Vale, Newmont, Penoles, Theysen Krupp, Glencore, GIW, Randgold, Kinross, Gibraltar Mines Ltd, Cleveland-Cliffs, Goldcorp, IAMGOLD y otros.<\/p>\n\n\n\n<p><strong>Esto es lo que dicen los expertos de la industria sobre nuestra formaci\u00f3n<\/strong>:<\/p>\n\n\n\n<p><em>\u201cPor la primera vez comienzo a entender c\u00f3mo interact\u00faan las variables de operaci\u00f3n de un circuito cerrado de molienda. Un programa que presenta de una manera comprensible todos los aspectos reputados complejos de un importante proceso industria y provee herramientas para su optimizaci\u00f3n, es para m\u00ed un trabajo excepcional  Ahora, nuestros operadores e ingenieros implicados en la molienda valorizan los conocimientos adquiridos.\u201d<\/em><br>Gerente de Desarrollo Mineral\u00fargico de una importante compa\u00f1\u00eda minera canadiense<\/p>\n\n\n\n<p><em>\u201cReconfiguramos las bombas de alimentaci\u00f3n de los ciclones y ahorramos el costo de un nuevo wet end cada seis semanas. Esto paga con creces el costo del programa, en cada oportunidad\u201d<\/em><br>Superintendente de Mantenci\u00f3n de una concentradora canadiense de metales de base<\/p>\n\n\n\n<p><em>\"Una excelente manera de permitir a j\u00f3venes ingenieros de iniciar su carrera t\u00e9cnica y adquiri cr\u00e9ditos de Educaci\u00f3n Continua.\"<\/em><br>Ex-ejecutivo de Instituto de Ingenier\u00eda de Canad\u00e1<\/p>\n\n\n\n<p><em>\u201cComenzamos a medir y observar hechos que hab\u00edamos sido incapaces de ver en m\u00e1s de 20 a\u00f1os de operaci\u00f3n fue como prender las luces de una pieza.\u201d<\/em><br>Metalurgista Senior de una gran planta concentradora<\/p>\n\n\n\n<p><em>\u201cComplet\u00e9 todo el programa a un menor costo que el de un viaje a la ciudad\u201d<br><\/em>Metalurgista, Planta concentradora de oro, localizaci\u00f3n remota<\/p>\n\n\n\n<p><em>\"En nuestras minerales de baja ley, tenemos que mejorar y aprovechar las habilidades de nuestros empleados de cualquier manera que podamos para tener \u00e9xito. Esta fue la mejor inversi\u00f3n en formaci\u00f3n que hemos hecho. \"<\/em><br>Gerente, Operaci\u00f3n de metales grandes de baja ley<\/p>\n<\/div>\n\n\n\n<div class=\"wp-block-column is-layout-flow wp-block-column-is-layout-flow\" style=\"flex-basis:33.33%\">\n<figure class=\"wp-block-image size-full has-custom-border\"><img loading=\"lazy\" decoding=\"async\" width=\"686\" height=\"943\" src=\"https:\/\/metcomtech.com\/wp-content\/uploads\/2024\/04\/Met-BM.jpg\" alt=\"\" class=\"has-border-color wp-image-2433\" style=\"border-color:#ff6900;border-radius:28px\" srcset=\"https:\/\/metcomtech.com\/wp-content\/uploads\/2024\/04\/Met-BM.jpg 686w, https:\/\/metcomtech.com\/wp-content\/uploads\/2024\/04\/Met-BM-300x412.jpg 300w, https:\/\/metcomtech.com\/wp-content\/uploads\/2024\/04\/Met-BM-200x275.jpg 200w\" sizes=\"auto, (max-width: 686px) 100vw, 686px\" \/><\/figure>\n<\/div>\n<\/div>","protected":false},"excerpt":{"rendered":"<p>Join over one thousand metallurgists improving grinding circuit performance with the Metcom System! Some companies that have benefited from our training programs include Agnico Eagle, Rio Tinto, Weir Minerals, Oyu Tolgoi, Barrick, ME Elecmetal, Freeport McMoran, Vale, Newmont, Penoles, Theysen Krupp, Glencore, GIW, Randgold, Kinross, Gibraltar Mines Ltd, Cleveland-Cliffs, Goldcorp, IAMGOLD and others. Here is [&hellip;]<\/p>\n","protected":false},"author":1,"featured_media":0,"parent":0,"menu_order":0,"comment_status":"closed","ping_status":"closed","template":"wp-custom-template-a1-main-template","meta":{"footnotes":""},"class_list":["post-673","page","type-page","status-publish","hentry"],"_links":{"self":[{"href":"https:\/\/metcomtech.com\/es\/wp-json\/wp\/v2\/pages\/673","targetHints":{"allow":["GET"]}}],"collection":[{"href":"https:\/\/metcomtech.com\/es\/wp-json\/wp\/v2\/pages"}],"about":[{"href":"https:\/\/metcomtech.com\/es\/wp-json\/wp\/v2\/types\/page"}],"author":[{"embeddable":true,"href":"https:\/\/metcomtech.com\/es\/wp-json\/wp\/v2\/users\/1"}],"replies":[{"embeddable":true,"href":"https:\/\/metcomtech.com\/es\/wp-json\/wp\/v2\/comments?post=673"}],"version-history":[{"count":8,"href":"https:\/\/metcomtech.com\/es\/wp-json\/wp\/v2\/pages\/673\/revisions"}],"predecessor-version":[{"id":2434,"href":"https:\/\/metcomtech.com\/es\/wp-json\/wp\/v2\/pages\/673\/revisions\/2434"}],"wp:attachment":[{"href":"https:\/\/metcomtech.com\/es\/wp-json\/wp\/v2\/media?parent=673"}],"curies":[{"name":"gracias","href":"https:\/\/api.w.org\/{rel}","templated":true}]}}