{"id":680,"date":"2021-12-06T21:24:24","date_gmt":"2021-12-06T21:24:24","guid":{"rendered":"https:\/\/moodle.localhost\/wp\/?page_id=680"},"modified":"2024-05-15T04:15:43","modified_gmt":"2024-05-15T04:15:43","slug":"guarantee","status":"publish","type":"page","link":"https:\/\/metcomtech.com\/es\/guarantee\/","title":{"rendered":"Garant\u00eda"},"content":{"rendered":"<ul class=\"has-small-font-size wp-block-list\"><\/ul>\n\n\n\n<div class=\"wp-block-columns is-layout-flex wp-container-core-columns-is-layout-28f84493 wp-block-columns-is-layout-flex\">\n<div class=\"wp-block-column is-layout-flow wp-block-column-is-layout-flow\" style=\"flex-basis:66.66%\">\n<ul class=\"wp-block-list\">\n<li class=\"has-small-font-size\" style=\"line-height:1\">Todos los m\u00f3dulos de formaci\u00f3n se probaron inicialmente en forma de prototipo en alumnos t\u00edpicos, y se revisaron y volvieron a probar hasta que se demostr\u00f3 la comprensi\u00f3n del alumno. Desde entonces, el \u00e9xito de los nuevos alumnos se ha repetido en numerosas ocasiones. Por tanto, el aprendizaje est\u00e1 garantizado.<br><br><\/li>\n\n\n\n<li class=\"has-small-font-size\" style=\"line-height:1.1\">El aprendizaje tambi\u00e9n se verifica mediante pruebas de certificaci\u00f3n.<br><br><\/li>\n\n\n\n<li class=\"has-small-font-size\" style=\"line-height:1\">Un an\u00e1lisis de contexto riguroso, es decir, un dise\u00f1o para su uso en el lugar de trabajo industrial t\u00edpico tanto por parte de especialistas en dise\u00f1o instruccional como de especialistas experimentados en el \u00e1rea t\u00e9cnica de la industria, significa que los estudiantes pueden aplicar inmediatamente sus nuevas habilidades en el trabajo. Los m\u00f3dulos fueron dise\u00f1ados exactamente para este prop\u00f3sito.<br><br><\/li>\n\n\n\n<li class=\"has-small-font-size\" style=\"line-height:1\">Rendimiento Funcional de Molienda de Bolas totalmente es un resultado \u00fanico.y\npotente y anal\u00edtico que proporcionar\u00e9 personal de planta con una nivel nueva de\nconocimiento de circuito cerrado de molienda de bolas y una estrateg\u00eda claro\npara hacer mejoras rendimiento.<br><br><\/li>\n\n\n\n<li class=\"has-small-font-size\" style=\"line-height:1\">Mientras Rendimiento Funcional  proporciona la estrategia, el sistema de gesti\u00f3n de procesos de molienda Metcom, proporcionado en su totalidad por el programa de formaci\u00f3n completo de 22 m\u00f3dulos, proporciona todos los pasos de un plan de acci\u00f3n detallado para implementar mejoras en la planta.<br><br><\/li>\n\n\n\n<li class=\"has-small-font-size\" style=\"line-height:1.1\">Si, despu\u00e9s de la inspecci\u00f3n inicial, no est\u00e1 completamente satisfecho con los materiales de capacitaci\u00f3n proporcionados por Metcom Technologies, su pedido puede estar sujeto a cancelaci\u00f3n. Simplemente solicite esta garant\u00eda cuando solicite m\u00e1s detalles.<br><br><br><\/li>\n<\/ul>\n<\/div>\n\n\n\n<div class=\"wp-block-column is-layout-flow wp-block-column-is-layout-flow\" style=\"flex-basis:33.33%\">\n<figure class=\"wp-block-image aligncenter size-full is-resized has-custom-border\"><img loading=\"lazy\" decoding=\"async\" width=\"512\" height=\"512\" src=\"https:\/\/metcomtech.com\/wp-content\/uploads\/2024\/04\/Guarantee.jpg\" alt=\"\" class=\"has-border-color wp-image-2436\" style=\"border-color:#009016;border-width:5px;border-radius:47px;width:356px;height:auto\" srcset=\"https:\/\/metcomtech.com\/wp-content\/uploads\/2024\/04\/Guarantee.jpg 512w, https:\/\/metcomtech.com\/wp-content\/uploads\/2024\/04\/Guarantee-300x300.jpg 300w, https:\/\/metcomtech.com\/wp-content\/uploads\/2024\/04\/Guarantee-100x100.jpg 100w, https:\/\/metcomtech.com\/wp-content\/uploads\/2024\/04\/Guarantee-200x200.jpg 200w\" sizes=\"auto, (max-width: 512px) 100vw, 512px\" \/><\/figure>\n<\/div>\n<\/div>","protected":false},"excerpt":{"rendered":"","protected":false},"author":1,"featured_media":0,"parent":0,"menu_order":0,"comment_status":"closed","ping_status":"closed","template":"wp-custom-template-a1-main-template","meta":{"footnotes":""},"class_list":["post-680","page","type-page","status-publish","hentry"],"_links":{"self":[{"href":"https:\/\/metcomtech.com\/es\/wp-json\/wp\/v2\/pages\/680","targetHints":{"allow":["GET"]}}],"collection":[{"href":"https:\/\/metcomtech.com\/es\/wp-json\/wp\/v2\/pages"}],"about":[{"href":"https:\/\/metcomtech.com\/es\/wp-json\/wp\/v2\/types\/page"}],"author":[{"embeddable":true,"href":"https:\/\/metcomtech.com\/es\/wp-json\/wp\/v2\/users\/1"}],"replies":[{"embeddable":true,"href":"https:\/\/metcomtech.com\/es\/wp-json\/wp\/v2\/comments?post=680"}],"version-history":[{"count":10,"href":"https:\/\/metcomtech.com\/es\/wp-json\/wp\/v2\/pages\/680\/revisions"}],"predecessor-version":[{"id":2439,"href":"https:\/\/metcomtech.com\/es\/wp-json\/wp\/v2\/pages\/680\/revisions\/2439"}],"wp:attachment":[{"href":"https:\/\/metcomtech.com\/es\/wp-json\/wp\/v2\/media?parent=680"}],"curies":[{"name":"gracias","href":"https:\/\/api.w.org\/{rel}","templated":true}]}}