{"id":784,"date":"2021-12-07T16:00:57","date_gmt":"2021-12-07T16:00:57","guid":{"rendered":"https:\/\/moodle.localhost\/wp\/?page_id=784"},"modified":"2024-05-15T04:16:27","modified_gmt":"2024-05-15T04:16:27","slug":"training-terms-conditions","status":"publish","type":"page","link":"https:\/\/metcomtech.com\/es\/training-terms-conditions\/","title":{"rendered":"T\u00e9rminos y condiciones de formaci\u00f3n"},"content":{"rendered":"<p><strong>Los siguientes t\u00e9rminos y condiciones se aplican a toda la capacitaci\u00f3n de Metcom:<\/strong><\/p>\n\n\n\n<div class=\"wp-block-columns is-layout-flex wp-container-core-columns-is-layout-28f84493 wp-block-columns-is-layout-flex\">\n<div class=\"wp-block-column is-layout-flow wp-block-column-is-layout-flow\" style=\"flex-basis:10%\"><\/div>\n\n\n\n<div class=\"wp-block-column is-layout-flow wp-block-column-is-layout-flow\" style=\"flex-basis:66.66%\">\n<ul class=\"wp-block-list\"><li>Todos los participantes de la capacitaci\u00f3n deben firmar y devolver el formulario de Acuerdo de participante de Metcom antes de recibir acceso a los materiales de capacitaci\u00f3n.<\/li><\/ul>\n\n\n\n<div class=\"wp-block-buttons is-layout-flex wp-block-buttons-is-layout-flex\">\n<div class=\"wp-block-button\"><a class=\"wp-block-button__link\">Descargar el Acuerdo de Participante de Metcom<\/a><\/div>\n<\/div>\n<\/div>\n<\/div>","protected":false},"excerpt":{"rendered":"<p>Los siguientes t\u00e9rminos y condiciones se aplican a todas las capacitaciones de Metcom: todos los participantes de la capacitaci\u00f3n deben firmar y devolver el formulario de Acuerdo de participante de Metcom antes de recibir acceso a los materiales de capacitaci\u00f3n.<\/p>","protected":false},"author":1,"featured_media":0,"parent":0,"menu_order":0,"comment_status":"closed","ping_status":"closed","template":"wp-custom-template-a1-main-template","meta":{"footnotes":""},"class_list":["post-784","page","type-page","status-publish","hentry"],"_links":{"self":[{"href":"https:\/\/metcomtech.com\/es\/wp-json\/wp\/v2\/pages\/784","targetHints":{"allow":["GET"]}}],"collection":[{"href":"https:\/\/metcomtech.com\/es\/wp-json\/wp\/v2\/pages"}],"about":[{"href":"https:\/\/metcomtech.com\/es\/wp-json\/wp\/v2\/types\/page"}],"author":[{"embeddable":true,"href":"https:\/\/metcomtech.com\/es\/wp-json\/wp\/v2\/users\/1"}],"replies":[{"embeddable":true,"href":"https:\/\/metcomtech.com\/es\/wp-json\/wp\/v2\/comments?post=784"}],"version-history":[{"count":1,"href":"https:\/\/metcomtech.com\/es\/wp-json\/wp\/v2\/pages\/784\/revisions"}],"predecessor-version":[{"id":787,"href":"https:\/\/metcomtech.com\/es\/wp-json\/wp\/v2\/pages\/784\/revisions\/787"}],"wp:attachment":[{"href":"https:\/\/metcomtech.com\/es\/wp-json\/wp\/v2\/media?parent=784"}],"curies":[{"name":"gracias","href":"https:\/\/api.w.org\/{rel}","templated":true}]}}