{"id":790,"date":"2021-12-07T16:12:48","date_gmt":"2021-12-07T16:12:48","guid":{"rendered":"https:\/\/moodle.localhost\/wp\/?page_id=790"},"modified":"2024-08-06T14:28:48","modified_gmt":"2024-08-06T14:28:48","slug":"terms-conditions","status":"publish","type":"page","link":"https:\/\/metcomtech.com\/es\/terms-conditions\/","title":{"rendered":"T\u00e9rminos y condiciones de formaci\u00f3n"},"content":{"rendered":"<p>Los siguientes t\u00e9rminos y condiciones se aplican a toda la capacitaci\u00f3n de Metcom:<\/p>\n\n\n\n<div class=\"wp-block-columns is-layout-flex wp-container-core-columns-is-layout-28f84493 wp-block-columns-is-layout-flex\">\n<div class=\"wp-block-column is-layout-flow wp-block-column-is-layout-flow\" style=\"flex-basis:5%\"><\/div>\n\n\n\n<div class=\"wp-block-column is-layout-flow wp-block-column-is-layout-flow\" style=\"flex-basis:66.66%\">\n<ul class=\"wp-block-list\">\n<li>Todos los participantes de la capacitaci\u00f3n deben completar y enviar un Acuerdo de participante de Metcom antes de emitir sus credenciales de acceso.<\/li>\n<\/ul>\n\n\n\n<div class=\"wp-block-buttons is-horizontal is-content-justification-left is-layout-flex wp-container-core-buttons-is-layout-20be11b6 wp-block-buttons-is-layout-flex\">\n<div class=\"wp-block-button\"><a class=\"wp-block-button__link wp-element-button\" href=\"http:\/\/moodle.localhost\/wp\/wp-content\/uploads\/2021\/12\/Metcom-Participant-Agreement-ENG.pdf\"><span class=\"has-inline-color has-luminous-vivid-amber-color\">Descargar el Acuerdo de Participante de Metcom<\/span><\/a><\/div>\n<\/div>\n\n\n\n<h4 class=\"wp-block-heading\">Condiciones descritas en el Acuerdo de Participante de Metcom:<\/h4>\n\n\n\n<ul class=\"wp-block-list\">\n<li>Los participantes de la capacitaci\u00f3n aceptan no copiar, reproducir ni distribuir materiales de redacci\u00f3n de Metcom por ning\u00fan medio, en su totalidad o en parte, excepto que el proveedor lo exprese espec\u00edficamente por escrito y\/o lo dispuesto por la ley de derechos de autor. <\/li>\n<\/ul>\n\n\n\n<ul class=\"wp-block-list\">\n<li>Los participantes de la capacitaci\u00f3n entienden que pueden imprimir copias de las hojas de trabajo sin restricciones o seleccionar p\u00e1ginas de los m\u00f3dulos de capacitaci\u00f3n para su uso personal \u00fanicamente. <\/li>\n<\/ul>\n\n\n\n<ul class=\"wp-block-list\">\n<li>Los participantes de la capacitaci\u00f3n no pueden copiar\/compilar un m\u00f3dulo (o m\u00f3dulos) completo (o m\u00f3dulos) de ninguna manera sin el permiso por escrito del proveedor.<\/li>\n<\/ul>\n\n\n\n<ul class=\"wp-block-list\">\n<li>Los participantes de la capacitaci\u00f3n deben especificar el sitio con licencia para el uso de los materiales de capacitaci\u00f3n de Metcom.<\/li>\n<\/ul>\n\n\n\n<ul class=\"wp-block-list\">\n<li>Los participantes de la capacitaci\u00f3n aceptan no compartir nombres de usuario y contrase\u00f1as (utilizados para acceder a los materiales electr\u00f3nicamente) con otros. Pueden utilizar los materiales, incluida la referencia y el intercambio de informaci\u00f3n espec\u00edfica necesaria para la ejecuci\u00f3n de tareas laborales, con otras personas empleadas en su ubicaci\u00f3n especificada.<\/li>\n<\/ul>\n\n\n\n<hr class=\"wp-block-separator has-css-opacity\"\/>\n\n\n\n<p><strong>Otros terminos:<\/strong><\/p>\n\n\n\n<ul class=\"wp-block-list\">\n<li>Los precios incluyen las pruebas de certificaci\u00f3n, a menos que se indique lo contrario. Certificado de acreditaci\u00f3n del Instituto de Ingenier\u00eda de Canad\u00e1 proporcionado con programas de m\u00faltiples m\u00f3dulos.<\/li>\n<\/ul>\n\n\n\n<ul class=\"wp-block-list\">\n<li>Los precios son por M\u00f3dulo o por Programa para cada Participante, en $US, extra los impuestos aplicables. Residentes canadienses, agregue GST o HST. Residentes de Quebec, agregue GST y QST.<\/li>\n<\/ul>\n\n\n\n<ul class=\"wp-block-list\">\n<li>Los precios son v\u00e1lidos durante 30 d\u00edas a partir de la fecha de la oferta de Metcom; de lo contrario, est\u00e1n sujetos a cambios sin previo aviso.<\/li>\n<\/ul>\n\n\n\n<ul class=\"wp-block-list\">\n<li>Se requiere una tarifa de registro $215 para toda la capacitaci\u00f3n en l\u00ednea y es v\u00e1lida por 12 meses, despu\u00e9s de lo cual se requiere una tarifa de renovaci\u00f3n de acceso en l\u00ednea de $195\/a\u00f1o para mantener el acceso.<\/li>\n<\/ul>\n<\/div>\n<\/div>","protected":false},"excerpt":{"rendered":"<p>Los siguientes t\u00e9rminos y condiciones se aplican a toda la capacitaci\u00f3n de Metcom: Condiciones descritas en el Acuerdo del participante de Metcom: Otros t\u00e9rminos:<\/p>","protected":false},"author":1,"featured_media":0,"parent":0,"menu_order":0,"comment_status":"closed","ping_status":"closed","template":"wp-custom-template-a1-main-template","meta":{"footnotes":""},"class_list":["post-790","page","type-page","status-publish","hentry"],"_links":{"self":[{"href":"https:\/\/metcomtech.com\/es\/wp-json\/wp\/v2\/pages\/790","targetHints":{"allow":["GET"]}}],"collection":[{"href":"https:\/\/metcomtech.com\/es\/wp-json\/wp\/v2\/pages"}],"about":[{"href":"https:\/\/metcomtech.com\/es\/wp-json\/wp\/v2\/types\/page"}],"author":[{"embeddable":true,"href":"https:\/\/metcomtech.com\/es\/wp-json\/wp\/v2\/users\/1"}],"replies":[{"embeddable":true,"href":"https:\/\/metcomtech.com\/es\/wp-json\/wp\/v2\/comments?post=790"}],"version-history":[{"count":9,"href":"https:\/\/metcomtech.com\/es\/wp-json\/wp\/v2\/pages\/790\/revisions"}],"predecessor-version":[{"id":3194,"href":"https:\/\/metcomtech.com\/es\/wp-json\/wp\/v2\/pages\/790\/revisions\/3194"}],"wp:attachment":[{"href":"https:\/\/metcomtech.com\/es\/wp-json\/wp\/v2\/media?parent=790"}],"curies":[{"name":"gracias","href":"https:\/\/api.w.org\/{rel}","templated":true}]}}