{"id":842,"date":"2021-12-10T20:06:37","date_gmt":"2021-12-10T20:06:37","guid":{"rendered":"https:\/\/moodle.localhost\/wp\/?page_id=842"},"modified":"2024-05-15T04:15:44","modified_gmt":"2024-05-15T04:15:44","slug":"request-training-quotation","status":"publish","type":"page","link":"https:\/\/metcomtech.com\/es\/request-training-quotation\/","title":{"rendered":"Solicitar cotizaci\u00f3n de formaci\u00f3n"},"content":{"rendered":"<p>Complete el formulario de contacto a continuaci\u00f3n para ayudarnos a preparar una cotizaci\u00f3n de formaci\u00f3n formal para satisfacer sus necesidades.<\/p>\n\n\n\n<div class=\"wp-block-contact-form-7-contact-form-selector\"><p class=\"wpcf7-contact-form-not-found\"><strong>Error:<\/strong> Formulario de contacto no encontrado.<\/p><\/div>","protected":false},"excerpt":{"rendered":"<p>Complete el formulario de contacto a continuaci\u00f3n para ayudarnos a preparar una cotizaci\u00f3n de formaci\u00f3n formal para satisfacer sus necesidades.<\/p>","protected":false},"author":1,"featured_media":0,"parent":0,"menu_order":0,"comment_status":"closed","ping_status":"closed","template":"wp-custom-template-a1-main-template","meta":{"footnotes":""},"class_list":["post-842","page","type-page","status-publish","hentry"],"_links":{"self":[{"href":"https:\/\/metcomtech.com\/es\/wp-json\/wp\/v2\/pages\/842","targetHints":{"allow":["GET"]}}],"collection":[{"href":"https:\/\/metcomtech.com\/es\/wp-json\/wp\/v2\/pages"}],"about":[{"href":"https:\/\/metcomtech.com\/es\/wp-json\/wp\/v2\/types\/page"}],"author":[{"embeddable":true,"href":"https:\/\/metcomtech.com\/es\/wp-json\/wp\/v2\/users\/1"}],"replies":[{"embeddable":true,"href":"https:\/\/metcomtech.com\/es\/wp-json\/wp\/v2\/comments?post=842"}],"version-history":[{"count":3,"href":"https:\/\/metcomtech.com\/es\/wp-json\/wp\/v2\/pages\/842\/revisions"}],"predecessor-version":[{"id":851,"href":"https:\/\/metcomtech.com\/es\/wp-json\/wp\/v2\/pages\/842\/revisions\/851"}],"wp:attachment":[{"href":"https:\/\/metcomtech.com\/es\/wp-json\/wp\/v2\/media?parent=842"}],"curies":[{"name":"gracias","href":"https:\/\/api.w.org\/{rel}","templated":true}]}}