{"id":1010,"date":"2021-12-13T22:15:46","date_gmt":"2021-12-13T22:15:46","guid":{"rendered":"https:\/\/moodle.localhost\/wp\/?post_type=product&#038;p=1010"},"modified":"2022-01-04T21:13:10","modified_gmt":"2022-01-04T21:13:10","slug":"streamline","status":"publish","type":"product","link":"https:\/\/metcomtech.com\/es\/producto\/streamline\/","title":{"rendered":"Licencia de software Streamline\u2122"},"content":{"rendered":"<p><strong>Streamline<\/strong>\u2122 es la innovadora aplicaci\u00f3n de modelado de molinos de bolas que utiliza el an\u00e1lisis de rendimiento funcional para llevar a cabo mejoras en el rendimiento del circuito.<\/p>\n<p>La aplicaci\u00f3n utiliza datos de estudios de planta para construir un modelo de reducci\u00f3n del tama\u00f1o de un molino de bolas representado por tasas de molienda acumuladas del mundo real en todas las clases de tama\u00f1o. El rendimiento de la separaci\u00f3n cicl\u00f3nica se caracteriza mediante recuperaciones tama\u00f1o por tama\u00f1o hasta el desbordamiento. Este modelo de circuito de dos unidades, f\u00e1cil de construir, replica perfectamente las distribuciones de tama\u00f1o y los flujos de masa del estudio de circuitos.<\/p>\n<p>Luego, el rendimiento de la bomba y el cicl\u00f3n se puede ajustar utilizando el procedimiento paso a paso proporcionado para maximizar <strong>Eficiencia del sistema de clasificaci\u00f3n<\/strong> (CSE), la m\u00e9trica de optimizaci\u00f3n.<\/p>\n<p><img loading=\"lazy\" decoding=\"async\" class=\"alignnone wp-image-1011\" src=\"https:\/\/moodle.localhost\/wp\/wp-content\/uploads\/2021\/12\/StreamlineSS-300x125.jpg\" alt=\"\" width=\"499\" height=\"208\" srcset=\"https:\/\/metcomtech.com\/wp-content\/uploads\/2021\/12\/StreamlineSS-300x125.jpg 300w, https:\/\/metcomtech.com\/wp-content\/uploads\/2021\/12\/StreamlineSS-200x83.jpg 200w, https:\/\/metcomtech.com\/wp-content\/uploads\/2021\/12\/StreamlineSS-18x7.jpg 18w, https:\/\/metcomtech.com\/wp-content\/uploads\/2021\/12\/StreamlineSS-262x109.jpg 262w, https:\/\/metcomtech.com\/wp-content\/uploads\/2021\/12\/StreamlineSS.jpg 750w\" sizes=\"auto, (max-width: 499px) 100vw, 499px\" \/><\/p>\n<p>Streamline\u2122 es f\u00e1cil de entender y usar, est\u00e1 totalmente respaldado por videos tutoriales, soporte t\u00e9cnico en vivo y m\u00f3dulos de capacitaci\u00f3n relacionados del <strong>el sistema de gesti\u00f3n de procesos de molienda Metcom.<\/strong><\/p>\n<p>Streamline\u2122 no se parece a ning\u00fan otro sistema de modelado de circuitos. B\u00e1sicamente, es una &quot;herramienta de optimizaci\u00f3n CSE&quot;. Las ganancias de CSE proyectadas se modelan utilizando varios escenarios de prueba y se aplican como potencia reducida del molino de bolas, mayor rendimiento del circuito o tama\u00f1o de producto m\u00e1s fino. Se necesita una comprensi\u00f3n fundamental del rendimiento funcional, la eficiencia del sistema de clasificaci\u00f3n y las metodolog\u00edas para manipular el rendimiento de la bomba y del hidrocicl\u00f3n para hacer un uso eficaz de Streamline.<\/p>\n<p>Estas habilidades y conocimientos se proporcionan en la plataforma de Metcom. <a href=\"https:\/\/moodle.localhost\/wp\/product\/classification-system-efficiency-cse-training-program\"><strong>Programa de formaci\u00f3n sobre eficiencia del sistema de clasificaci\u00f3n (CSE)<\/strong><\/a><\/p>\n<p>Se recomienda encarecidamente que haya completado este programa antes de utilizar Streamline. El programa incluye los siguientes m\u00f3dulos de formaci\u00f3n:<\/p>\n<ul>\n<li>M\u00f3dulo 5 - Rendimiento Funcional de Molienda de Bola<\/li>\n<li>M\u00f3dulo 7-  Rendimiento del Hidrociclon<\/li>\n<li>M\u00f3dulo 8 - Ajustes del Hidrociclon<\/li>\n<li>M\u00f3dulo 9 - Bombeo de Pulpa<\/li>\n<li>M\u00f3dulo 18 - Evaluaci\u00f3n del Circuito de Clasificaci\u00f3n<\/li>\n<\/ul>\n<p>El tiempo estimado de finalizaci\u00f3n de todo el programa es de aproximadamente 16 horas.<\/p>\n<p>Streamline\u2122 es una aplicaci\u00f3n inform\u00e1tica de Microsoft Windows y requiere que el usuario tenga instalado Microsoft Excel.<\/p>\n<p><strong>Requisitos del sistema:<\/strong><\/p>\n<ul>\n<li>Windows 10 o superior<\/li>\n<li>Excel 2010 o superior<\/li>\n<li>Es posible que se requieran privilegios de administrador para la instalaci\u00f3n del programa.<\/li>\n<\/ul>\n<p><strong>Acuerdo de licencia de usuario final (EULA)<\/strong><\/p>\n<p>Este Acuerdo de licencia de usuario final (&quot;CLUF&quot;) es un acuerdo legal entre usted y Metcom Technologies, Inc.<\/p>\n<p>Este acuerdo EULA rige su adquisici\u00f3n y uso de nuestro software Streamline (\u201cSoftware\u201d) directamente de Metcom Technologies, Inc. o indirectamente a trav\u00e9s de un revendedor o distribuidor autorizado de Metcom Technologies, Inc. (un \u201crevendedor\u201d).<\/p>\n<p>Lea atentamente este acuerdo CLUF antes de completar el proceso de instalaci\u00f3n y utilizar el software Streamline. Proporciona una licencia para utilizar el software Streamline y contiene informaci\u00f3n sobre la garant\u00eda y exenciones de responsabilidad.<\/p>\n<p>Si se registra para una prueba gratuita del software Streamline, este acuerdo EULA tambi\u00e9n regir\u00e1 esa prueba. Al hacer clic en &quot;aceptar&quot; o instalar y\/o utilizar el software Streamline, usted confirma su aceptaci\u00f3n del Software y acepta quedar sujeto a los t\u00e9rminos de este acuerdo EULA.<\/p>\n<p>Si celebra este acuerdo EULA en nombre de una empresa u otra entidad legal, declara que tiene la autoridad para vincular a dicha entidad y sus afiliados a estos t\u00e9rminos y condiciones. Si no tiene dicha autoridad o si no est\u00e1 de acuerdo con los t\u00e9rminos y condiciones de este acuerdo EULA, no instale ni utilice el Software, y no debe aceptar este acuerdo EULA.<\/p>\n<p>Este acuerdo EULA se aplicar\u00e1 \u00fanicamente al software suministrado por Metcom Technologies, Inc. en el presente, independientemente de si se hace referencia o se describe otro software en el presente. Los t\u00e9rminos tambi\u00e9n se aplican a cualquier actualizaci\u00f3n, suplemento, servicio basado en Internet y servicio de soporte para el Software de Metcom Technologies, Inc., a menos que otros t\u00e9rminos acompa\u00f1en a esos elementos en el momento de la entrega. si es as\u00ed, se aplican esas condiciones.<\/p>\n<p><strong>Concesi\u00f3n de licencia<\/strong><br \/>\nMetcom Technologies, Inc. por la presente le otorga una licencia personal, intransferible y no exclusiva para utilizar el software Streamline en sus dispositivos de acuerdo con los t\u00e9rminos de este acuerdo EULA.<\/p>\n<p>Se le permite cargar el software Streamline en una sola PC o computadora port\u00e1til bajo su control.<\/p>\n<p>Esta licencia es v\u00e1lida por un a\u00f1o a partir del momento en que se proporciona al usuario final la clave de licencia que desbloquea Streamline.<\/p>\n<p>La instalaci\u00f3n y configuraci\u00f3n requieren que proporcione a Metcom una &quot;ID de computadora&quot; que es exclusiva del dispositivo en el que est\u00e1 instalado Streamline. En caso de que el usuario final cambie su dispositivo y desee instalar Streamline en un nuevo dispositivo, se debe desinstalar la instalaci\u00f3n de Streamline en el dispositivo anterior. Se proporcionar\u00e1 una nueva clave de licencia que desbloquear\u00e1 Streamline para el nuevo dispositivo tras la confirmaci\u00f3n de que se ha eliminado la instalaci\u00f3n anterior.<\/p>\n<p>Todos los usuarios finales de Streamline\u2122 deben completar y devolver <strong>Acuerdo de participante de Metcom<\/strong> reconociendo que comprenden la protecci\u00f3n de los derechos de autor de la propiedad intelectual de Metcom.<\/p>\n<p>Usted es responsable de garantizar que su dispositivo cumpla con los requisitos m\u00ednimos del software Streamline\u2122.<\/p>\n<p><strong>No se le permite:<\/strong><\/p>\n<ul>\n<li>Editar, alterar, modificar, adaptar, traducir o cambiar de otro modo la totalidad o parte del Software, ni permitir que la totalidad o parte del Software se combine o se incorpore a ning\u00fan otro software, ni descompilar, desensamblar ni aplicar ingenier\u00eda inversa al Software o intentar hacer tales cosas.<\/li>\n<li>Reproducir, copiar, distribuir, revender o utilizar el Software para cualquier fin comercial.<\/li>\n<li>Permitir que cualquier tercero utilice el Software en nombre o en beneficio de cualquier tercero.<\/li>\n<li>Usar el Software de cualquier manera que viole cualquier ley local, nacional o internacional aplicable.<\/li>\n<li>Usar el software para cualquier prop\u00f3sito que Metcom Technologies, Inc. considere que constituye un incumplimiento de este acuerdo EULA.<\/li>\n<\/ul>\n<p><strong>Propiedad intelectual y propiedad<\/strong><br \/>\nMetcom Technologies, Inc. conservar\u00e1 en todo momento la propiedad del Software tal como lo descarg\u00f3 originalmente y de todas las descargas posteriores del Software que usted realice. El Software (y los derechos de autor y otros derechos de propiedad intelectual de cualquier naturaleza en el Software, incluidas las modificaciones realizadas al mismo) son y seguir\u00e1n siendo propiedad de Metcom Technologies, Inc.<\/p>\n<p>Metcom Technologies, Inc. se reserva el derecho de otorgar licencias para utilizar el Software a terceros.<\/p>\n<p><strong>Terminaci\u00f3n<\/strong><br \/>\nEste acuerdo EULA entra en vigor a partir de la fecha en que utiliza el Software por primera vez y continuar\u00e1 hasta su terminaci\u00f3n. Puede rescindirlo en cualquier momento mediante notificaci\u00f3n por escrito a Metcom Technologies, Inc.<\/p>\n<p>Tambi\u00e9n finalizar\u00e1 inmediatamente si usted no cumple con cualquiera de los t\u00e9rminos de este acuerdo EULA. Tras dicha terminaci\u00f3n, las licencias otorgadas por este acuerdo EULA terminar\u00e1n inmediatamente y usted acepta detener todo acceso y uso del Software. Las disposiciones que por su naturaleza contin\u00faan y sobreviven sobrevivir\u00e1n a cualquier terminaci\u00f3n de este acuerdo EULA.<\/p>\n<p><strong>Ley que rige<\/strong><br \/>\nEste acuerdo EULA, y cualquier disputa que surja de o en conexi\u00f3n con este acuerdo EULA, se regir\u00e1n e interpretar\u00e1n de acuerdo con las leyes de los Estados Unidos.<\/p>","protected":false},"excerpt":{"rendered":"<p><strong>Licencia de software para Streamline\u2122<\/strong><\/p>\n<p>Incluye instalaci\u00f3n inicial en <span style=\"text-decoration: underline;\"><strong>una (1) computadora<\/strong><\/span> y 1 a\u00f1o de soporte y uso del programa.<\/p>\n<ul>\n<li><em>Se requiere una tarifa de renovaci\u00f3n anual de la licencia de software de $395.00 para el uso continuo despu\u00e9s del primer a\u00f1o.<\/em><\/li>\n<\/ul>","protected":false},"featured_media":1012,"template":"","meta":[],"product_brand":[],"product_cat":[32],"product_tag":[],"class_list":{"0":"post-1010","1":"product","2":"type-product","3":"status-publish","4":"has-post-thumbnail","6":"product_cat-software","8":"first","9":"instock","10":"virtual","11":"taxable","12":"purchasable","13":"product-type-simple"},"_links":{"self":[{"href":"https:\/\/metcomtech.com\/es\/wp-json\/wp\/v2\/product\/1010","targetHints":{"allow":["GET"]}}],"collection":[{"href":"https:\/\/metcomtech.com\/es\/wp-json\/wp\/v2\/product"}],"about":[{"href":"https:\/\/metcomtech.com\/es\/wp-json\/wp\/v2\/types\/product"}],"wp:featuredmedia":[{"embeddable":true,"href":"https:\/\/metcomtech.com\/es\/wp-json\/wp\/v2\/media\/1012"}],"wp:attachment":[{"href":"https:\/\/metcomtech.com\/es\/wp-json\/wp\/v2\/media?parent=1010"}],"wp:term":[{"taxonomy":"product_brand","embeddable":true,"href":"https:\/\/metcomtech.com\/es\/wp-json\/wp\/v2\/product_brand?post=1010"},{"taxonomy":"product_cat","embeddable":true,"href":"https:\/\/metcomtech.com\/es\/wp-json\/wp\/v2\/product_cat?post=1010"},{"taxonomy":"product_tag","embeddable":true,"href":"https:\/\/metcomtech.com\/es\/wp-json\/wp\/v2\/product_tag?post=1010"}],"curies":[{"name":"gracias","href":"https:\/\/api.w.org\/{rel}","templated":true}]}}