{"id":1289,"date":"2022-01-04T15:51:57","date_gmt":"2022-01-04T15:51:57","guid":{"rendered":"http:\/\/localhost\/moodle\/wp\/?post_type=product&#038;p=1289"},"modified":"2024-01-08T15:39:06","modified_gmt":"2024-01-08T15:39:06","slug":"training-registration","status":"publish","type":"product","link":"https:\/\/metcomtech.com\/es\/producto\/training-registration\/","title":{"rendered":"Registro de formaci\u00f3n"},"content":{"rendered":"<p>Requerido para todos los nuevos aprendices de Metcom que se registran para m\u00f3dulos de capacitaci\u00f3n individuales. Esta tarifa \u00fanica es para la configuraci\u00f3n de la cuenta y el acceso en l\u00ednea a todos los materiales de capacitaci\u00f3n. Las credenciales de inicio de sesi\u00f3n son v\u00e1lidas durante 12 meses, despu\u00e9s de los cuales se requiere una tarifa de renovaci\u00f3n de acceso en l\u00ednea de $195\/a\u00f1o para mantener el acceso.<\/p>\n<p>Si ya se registr\u00f3 en Metcom Training y su cuenta ya no est\u00e1 activa, consulte \"Renovaciones de formaci\u00f3n\" para reactivar su cuenta.<\/p>\n<p>Esta tarifa est\u00e1 incluida en todos los programas de formaci\u00f3n.<\/p>\n<p>&nbsp;<\/p>","protected":false},"excerpt":{"rendered":"<p>Required for all new Metcom Trainees registering for Individual Training Modules. This one-time fee is for account setup and for online access to all training materials. Login credentials are valid for 12 months, after which an online access renewal fee of $195\/year is required to maintain access. If you have already registered for Metcom Training [&hellip;]<\/p>\n","protected":false},"featured_media":1290,"template":"","meta":[],"product_brand":[],"product_cat":[31],"product_tag":[],"class_list":{"0":"post-1289","1":"product","2":"type-product","3":"status-publish","4":"has-post-thumbnail","6":"product_cat-modules","7":"pa_language-english","8":"pa_language-spanish","9":"pa_language-french","11":"first","12":"instock","13":"taxable","14":"shipping-taxable","15":"purchasable","16":"product-type-simple"},"_links":{"self":[{"href":"https:\/\/metcomtech.com\/es\/wp-json\/wp\/v2\/product\/1289","targetHints":{"allow":["GET"]}}],"collection":[{"href":"https:\/\/metcomtech.com\/es\/wp-json\/wp\/v2\/product"}],"about":[{"href":"https:\/\/metcomtech.com\/es\/wp-json\/wp\/v2\/types\/product"}],"wp:featuredmedia":[{"embeddable":true,"href":"https:\/\/metcomtech.com\/es\/wp-json\/wp\/v2\/media\/1290"}],"wp:attachment":[{"href":"https:\/\/metcomtech.com\/es\/wp-json\/wp\/v2\/media?parent=1289"}],"wp:term":[{"taxonomy":"product_brand","embeddable":true,"href":"https:\/\/metcomtech.com\/es\/wp-json\/wp\/v2\/product_brand?post=1289"},{"taxonomy":"product_cat","embeddable":true,"href":"https:\/\/metcomtech.com\/es\/wp-json\/wp\/v2\/product_cat?post=1289"},{"taxonomy":"product_tag","embeddable":true,"href":"https:\/\/metcomtech.com\/es\/wp-json\/wp\/v2\/product_tag?post=1289"}],"curies":[{"name":"gracias","href":"https:\/\/api.w.org\/{rel}","templated":true}]}}