{"id":1786,"date":"2023-12-15T17:57:17","date_gmt":"2023-12-15T17:57:17","guid":{"rendered":"http:\/\/localhost\/?post_type=product&#038;p=1786"},"modified":"2023-12-15T18:25:29","modified_gmt":"2023-12-15T18:25:29","slug":"test-correction-fee","status":"publish","type":"product","link":"https:\/\/metcomtech.com\/es\/producto\/test-correction-fee\/","title":{"rendered":"Tarifa de correcci\u00f3n de ex\u00e1menes"},"content":{"rendered":"<p>Esta tarifa de administraci\u00f3n es para los aprendices que han renovado su suscripci\u00f3n pero no han completado su prueba de certificaci\u00f3n dentro del plazo permitido.<\/p>","protected":false},"excerpt":{"rendered":"<p>Esta tarifa de administraci\u00f3n es para los aprendices que han renovado su suscripci\u00f3n pero no han completado su prueba de certificaci\u00f3n dentro del plazo permitido.<\/p>","protected":false},"featured_media":1789,"template":"","meta":[],"product_brand":[],"product_cat":[33],"product_tag":[],"class_list":{"0":"post-1786","1":"product","2":"type-product","3":"status-publish","4":"has-post-thumbnail","6":"product_cat-renewals","8":"first","9":"instock","10":"taxable","11":"shipping-taxable","12":"purchasable","13":"product-type-simple"},"_links":{"self":[{"href":"https:\/\/metcomtech.com\/es\/wp-json\/wp\/v2\/product\/1786","targetHints":{"allow":["GET"]}}],"collection":[{"href":"https:\/\/metcomtech.com\/es\/wp-json\/wp\/v2\/product"}],"about":[{"href":"https:\/\/metcomtech.com\/es\/wp-json\/wp\/v2\/types\/product"}],"wp:featuredmedia":[{"embeddable":true,"href":"https:\/\/metcomtech.com\/es\/wp-json\/wp\/v2\/media\/1789"}],"wp:attachment":[{"href":"https:\/\/metcomtech.com\/es\/wp-json\/wp\/v2\/media?parent=1786"}],"wp:term":[{"taxonomy":"product_brand","embeddable":true,"href":"https:\/\/metcomtech.com\/es\/wp-json\/wp\/v2\/product_brand?post=1786"},{"taxonomy":"product_cat","embeddable":true,"href":"https:\/\/metcomtech.com\/es\/wp-json\/wp\/v2\/product_cat?post=1786"},{"taxonomy":"product_tag","embeddable":true,"href":"https:\/\/metcomtech.com\/es\/wp-json\/wp\/v2\/product_tag?post=1786"}],"curies":[{"name":"gracias","href":"https:\/\/api.w.org\/{rel}","templated":true}]}}