{"id":3336,"date":"2025-01-08T17:52:26","date_gmt":"2025-01-08T17:52:26","guid":{"rendered":"https:\/\/metcomtech.com\/?post_type=product&#038;p=3336"},"modified":"2025-09-26T20:29:06","modified_gmt":"2025-09-26T20:29:06","slug":"3336","status":"publish","type":"product","link":"https:\/\/metcomtech.com\/es\/producto\/3336\/","title":{"rendered":"CSE: C\u00e1lculos de bombas y ciclones para maximizar la eficiencia del circuito de molienda"},"content":{"rendered":"<p><strong>CSE: C\u00e1lculos de bombas y ciclones para maximizar la eficiencia del circuito de molienda<\/strong><br \/>\n<strong>Taller de 2 d\u00edas<\/strong><br \/>\n27 y 28 de octubre de 2025<br \/>\nLago Williams, Columbia Brit\u00e1nica, Canad\u00e1<\/p>\n<p>Ramada de Wyndham<br \/>\n1118 Crescent vista del lago,<br \/>\nLago Williams, Columbia Brit\u00e1nica, Canad\u00e1<\/p>\n<p>Este curso de CSE (Eficiencia del Sistema de Clasificaci\u00f3n) abarca los c\u00e1lculos de dise\u00f1o de aplicaciones de proceso para bombas de lodos e hidrociclones con el fin de maximizar sus beneficios en t\u00e9rminos de eficiencia y productividad del circuito de molienda. Como se describe en la revista Mining Engineering, los beneficios cuantificables en t\u00e9rminos de mayor tonelaje, molienda m\u00e1s fina para mejorar la recuperaci\u00f3n y reducci\u00f3n de energ\u00eda y costos suelen ser muy sustanciales.<\/p>\n<p>Los participantes recibir\u00e1n material did\u00e1ctico en clase, ejercicios, presentaciones de diapositivas y acceso en l\u00ednea a la siguiente capacitaci\u00f3n de Metcom:<\/p>\n<p>M\u00f3dulo 5 \u2013 Rendimiento funcional del molino de bolas<br \/>\nM\u00f3dulo 7 \u2013 Rendimiento del hidrocicl\u00f3n<br \/>\nM\u00f3dulo 8 \u2013 Ajustes del hidrocicl\u00f3n<br \/>\nM\u00f3dulo 9 \u2013 Bombeo de lodos<br \/>\nM\u00f3dulo 18 \u2013 Evaluaci\u00f3n de la clasificaci\u00f3n de circuitos<\/p>\n<p>Tras revisar estos temas, presentaremos la aplicaci\u00f3n de modelado de circuitos de molinos de bolas Streamline de Metcom y realizaremos diversos ejercicios pr\u00e1cticos con el software. Los participantes recibir\u00e1n una versi\u00f3n de prueba del software para realizar diversos ejercicios presentados en clase. El programa Streamline utiliza el mismo criterio de optimizaci\u00f3n CSE que el presentado en el M\u00f3dulo 18, Evaluaci\u00f3n de la Clasificaci\u00f3n de Circuitos.<\/p>\n<p>Los participantes deber\u00e1n traer su computadora port\u00e1til y una calculadora de mano.<br \/>\nTotal de horas de formaci\u00f3n presencial: 16,0<br \/>\nAsistencia m\u00e1xima en clase: 20 participantes<\/p>","protected":false},"excerpt":{"rendered":"<p><strong>Taller de 2 d\u00edas<\/strong><br \/>\n27 y 28 de octubre de 2025<br \/>\nLago Williams, Columbia Brit\u00e1nica, Canad\u00e1<\/p>","protected":false},"featured_media":3573,"template":"","meta":[],"product_brand":[],"product_cat":[40],"product_tag":[],"class_list":{"0":"post-3336","1":"product","2":"type-product","3":"status-publish","4":"has-post-thumbnail","6":"product_cat-workshops","8":"first","9":"instock","10":"virtual","11":"taxable","12":"purchasable","13":"product-type-simple"},"_links":{"self":[{"href":"https:\/\/metcomtech.com\/es\/wp-json\/wp\/v2\/product\/3336","targetHints":{"allow":["GET"]}}],"collection":[{"href":"https:\/\/metcomtech.com\/es\/wp-json\/wp\/v2\/product"}],"about":[{"href":"https:\/\/metcomtech.com\/es\/wp-json\/wp\/v2\/types\/product"}],"wp:featuredmedia":[{"embeddable":true,"href":"https:\/\/metcomtech.com\/es\/wp-json\/wp\/v2\/media\/3573"}],"wp:attachment":[{"href":"https:\/\/metcomtech.com\/es\/wp-json\/wp\/v2\/media?parent=3336"}],"wp:term":[{"taxonomy":"product_brand","embeddable":true,"href":"https:\/\/metcomtech.com\/es\/wp-json\/wp\/v2\/product_brand?post=3336"},{"taxonomy":"product_cat","embeddable":true,"href":"https:\/\/metcomtech.com\/es\/wp-json\/wp\/v2\/product_cat?post=3336"},{"taxonomy":"product_tag","embeddable":true,"href":"https:\/\/metcomtech.com\/es\/wp-json\/wp\/v2\/product_tag?post=3336"}],"curies":[{"name":"gracias","href":"https:\/\/api.w.org\/{rel}","templated":true}]}}