{"id":3353,"date":"2025-01-08T18:01:40","date_gmt":"2025-01-08T18:01:40","guid":{"rendered":"https:\/\/metcomtech.com\/?post_type=product&#038;p=3353"},"modified":"2025-09-26T20:27:56","modified_gmt":"2025-09-26T20:27:56","slug":"3353","status":"publish","type":"product","link":"https:\/\/metcomtech.com\/es\/producto\/3353\/","title":{"rendered":"Inspecci\u00f3n de planta, an\u00e1lisis de laboratorio y pruebas de molturabilidad"},"content":{"rendered":"<p><strong>Taller de 1 d\u00eda + formaci\u00f3n online<\/strong><br \/>\n29 de octubre de 2025<br \/>\nLago Williams, Columbia Brit\u00e1nica, Canad\u00e1<\/p>\n<p>Ramada de Wyndham<br \/>\n1118 Crescent vista del lago,<br \/>\nLago Williams, Columbia Brit\u00e1nica, Canad\u00e1<\/p>\n<p>Este taller sobre muestreo, an\u00e1lisis de laboratorio y pruebas de molturabilidad es ideal para t\u00e9cnicos de laboratorio. Los m\u00f3dulos de capacitaci\u00f3n en l\u00ednea para estos temas suelen tardar unas 13,5 horas en completarse. Para impartir esta capacitaci\u00f3n en el plazo de un d\u00eda, asignaremos ciertos temas del m\u00f3dulo como &quot;trabajo de preparaci\u00f3n&quot; que se completar\u00e1n antes del taller y el resto se cubrir\u00e1 en clase en vivo.<\/p>\n<ul>\n<li>M\u00f3dulo 10 \u2013 Datos existentes y requeridos<\/li>\n<li>M\u00f3dulo 11 \u2013 Gu\u00eda de muestreo de plantas y estudios de circuitos<\/li>\n<li>M\u00f3dulo 12 \u2013 Manejo y an\u00e1lisis de muestras<\/li>\n<li>M\u00f3dulo 13 \u2013 Introducci\u00f3n a las pruebas de molturabilidad<\/li>\n<li>M\u00f3dulo 14 \u2013 Pruebas de molturabilidad de aglomerantes<\/li>\n<li>M\u00f3dulo 15 \u2013 Pruebas de molturabilidad por lotes<\/li>\n<li>Dos semanas antes del taller, cada asistente registrado recibir\u00e1 una cuenta de capacitaci\u00f3n en l\u00ednea de Metcom para acceder a todos los materiales tratados en el taller. Tambi\u00e9n se proporcionar\u00e1 una gu\u00eda que destaca los materiales espec\u00edficos que deben revisarse antes del taller.\n<p>Los ingenieros de planta tambi\u00e9n se beneficiar\u00edan de aprender a llevar a cabo campa\u00f1as de recolecci\u00f3n de muestras y pruebas de molido. Esto encaja perfectamente con el taller de CSE, donde los asistentes aprenden a medir y mejorar la eficiencia del molido. Este taller adicional cubre los detalles sobre c\u00f3mo obtener los datos necesarios.<\/p>\n<p>Los participantes deber\u00e1n traer su computadora port\u00e1til y una calculadora de mano.<br \/>\nTotal de horas de formaci\u00f3n presencial: 9,0<br \/>\nTotal de horas de preparaci\u00f3n de la formaci\u00f3n online: 5,5<br \/>\nAsistencia m\u00e1xima en clase: 20 participantes<\/li>\n<\/ul>","protected":false},"excerpt":{"rendered":"<p><strong>Taller de 1 d\u00eda, 29 de octubre de 2025, Williams Lake, BC, Canad\u00e1<\/strong><\/p>","protected":false},"featured_media":3575,"template":"","meta":[],"product_brand":[],"product_cat":[40],"product_tag":[],"class_list":{"0":"post-3353","1":"product","2":"type-product","3":"status-publish","4":"has-post-thumbnail","6":"product_cat-workshops","8":"first","9":"instock","10":"virtual","11":"taxable","12":"purchasable","13":"product-type-simple"},"_links":{"self":[{"href":"https:\/\/metcomtech.com\/es\/wp-json\/wp\/v2\/product\/3353","targetHints":{"allow":["GET"]}}],"collection":[{"href":"https:\/\/metcomtech.com\/es\/wp-json\/wp\/v2\/product"}],"about":[{"href":"https:\/\/metcomtech.com\/es\/wp-json\/wp\/v2\/types\/product"}],"wp:featuredmedia":[{"embeddable":true,"href":"https:\/\/metcomtech.com\/es\/wp-json\/wp\/v2\/media\/3575"}],"wp:attachment":[{"href":"https:\/\/metcomtech.com\/es\/wp-json\/wp\/v2\/media?parent=3353"}],"wp:term":[{"taxonomy":"product_brand","embeddable":true,"href":"https:\/\/metcomtech.com\/es\/wp-json\/wp\/v2\/product_brand?post=3353"},{"taxonomy":"product_cat","embeddable":true,"href":"https:\/\/metcomtech.com\/es\/wp-json\/wp\/v2\/product_cat?post=3353"},{"taxonomy":"product_tag","embeddable":true,"href":"https:\/\/metcomtech.com\/es\/wp-json\/wp\/v2\/product_tag?post=3353"}],"curies":[{"name":"gracias","href":"https:\/\/api.w.org\/{rel}","templated":true}]}}