{"id":3356,"date":"2025-01-08T18:38:00","date_gmt":"2025-01-08T18:38:00","guid":{"rendered":"https:\/\/metcomtech.com\/?post_type=product&#038;p=3356"},"modified":"2025-09-29T14:29:30","modified_gmt":"2025-09-29T14:29:30","slug":"3356","status":"publish","type":"product","link":"https:\/\/metcomtech.com\/es\/producto\/3356\/","title":{"rendered":"CSE: C\u00e1lculos de bombas y ciclones para maximizar la eficiencia del circuito de molienda y estudio de planta, an\u00e1lisis de laboratorio y pruebas de molturabilidad"},"content":{"rendered":"<p><strong>CSE: C\u00e1lculos de bombas y ciclones para maximizar la eficiencia del circuito de molienda<\/strong><br \/>\nY<br \/>\n<strong>Inspecci\u00f3n de planta, an\u00e1lisis de laboratorio y pruebas de molturabilidad<\/strong><\/p>\n<p><strong>Taller de 3 d\u00edas + formaci\u00f3n online<\/strong><br \/>\n27 al 29 de octubre de 2025<br \/>\nLago Williams, Columbia Brit\u00e1nica, Canad\u00e1<\/p>\n<p>Ramada de Wyndham<br \/>\n1118 Crescent vista del lago,<br \/>\nLago Williams, Columbia Brit\u00e1nica, Canad\u00e1<\/p>\n<hr \/>\n<p><strong>Taller de CSE<\/strong><br \/>\n27 y 28 de octubre<br \/>\nEste curso de CSE (Eficiencia del Sistema de Clasificaci\u00f3n) abarca los c\u00e1lculos de dise\u00f1o de aplicaciones de proceso para bombas de lodos e hidrociclones con el fin de maximizar sus beneficios en t\u00e9rminos de eficiencia y productividad del circuito de molienda. Como se describe en la revista Mining Engineering, los beneficios cuantificables en t\u00e9rminos de mayor tonelaje, molienda m\u00e1s fina para mejorar la recuperaci\u00f3n y reducci\u00f3n de energ\u00eda y costos suelen ser muy sustanciales.<\/p>\n<p>Los participantes recibir\u00e1n material did\u00e1ctico en clase, ejercicios, presentaciones de diapositivas y acceso en l\u00ednea a la siguiente capacitaci\u00f3n de Metcom:<\/p>\n<ul>\n<li>M\u00f3dulo 5 \u2013 Rendimiento funcional del molino de bolas<\/li>\n<li>M\u00f3dulo 7 \u2013 Rendimiento del hidrocicl\u00f3n<\/li>\n<li>M\u00f3dulo 8 \u2013 Ajustes del hidrocicl\u00f3n<\/li>\n<li>M\u00f3dulo 9 \u2013 Bombeo de lodos<\/li>\n<li>M\u00f3dulo 18 \u2013 Evaluaci\u00f3n de la clasificaci\u00f3n de circuitos<\/li>\n<\/ul>\n<p>Tras revisar estos temas, presentaremos la aplicaci\u00f3n de modelado de circuitos de molinos de bolas Streamline de Metcom y realizaremos diversos ejercicios pr\u00e1cticos con el software. Los participantes recibir\u00e1n una versi\u00f3n de prueba del software para realizar diversos ejercicios presentados en clase. El programa Streamline utiliza el mismo criterio de optimizaci\u00f3n CSE que el presentado en el M\u00f3dulo 18, Evaluaci\u00f3n de la Clasificaci\u00f3n de Circuitos.<\/p>\n<hr \/>\n<p><strong>Taller de inspecci\u00f3n de plantas, an\u00e1lisis de laboratorio y pruebas de molturabilidad<\/strong><br \/>\n29 de octubre<br \/>\nDespu\u00e9s de aprender a medir y mejorar la eficiencia del circuito de molienda mediante CSE, este taller abordar\u00e1 en detalle las metodolog\u00edas necesarias para obtener los datos necesarios en la planta.<\/p>\n<p>Este taller es ideal para t\u00e9cnicos de laboratorio y metal\u00fargicos de planta que aprender\u00e1n c\u00f3mo realizar campa\u00f1as de recolecci\u00f3n de muestras de encuesta, an\u00e1lisis de laboratorio y pruebas de molibilidad.<\/p>\n<p>Los m\u00f3dulos de capacitaci\u00f3n en l\u00ednea para estos temas suelen durar aproximadamente 13,5 horas. Para impartir esta capacitaci\u00f3n en un d\u00eda, asignaremos ciertos temas del m\u00f3dulo como trabajo preparatorio que se completar\u00e1 antes del taller, y el resto se cubrir\u00e1 en clase presencial.<\/p>\n<p>M\u00f3dulo 10 \u2013 Datos existentes y requeridos<br \/>\nM\u00f3dulo 11 \u2013 Gu\u00eda de muestreo de plantas y estudios de circuitos<br \/>\nM\u00f3dulo 12 \u2013 Manejo y an\u00e1lisis de muestras<br \/>\nM\u00f3dulo 13 \u2013 Introducci\u00f3n a las pruebas de molturabilidad<br \/>\nM\u00f3dulo 14 \u2013 Pruebas de molturabilidad de aglomerantes<br \/>\nM\u00f3dulo 15 \u2013 Pruebas de molturabilidad por lotes<\/p>\n<p>Dos semanas antes del taller, cada asistente registrado recibir\u00e1 una cuenta de capacitaci\u00f3n en l\u00ednea de Metcom para acceder a todos los materiales tratados en el taller. Tambi\u00e9n se proporcionar\u00e1 una gu\u00eda que destaca los materiales espec\u00edficos que deben revisarse antes del taller.<\/p>\n<hr \/>\n<p>Los participantes deber\u00e1n traer su computadora port\u00e1til y una calculadora de mano.<br \/>\nTotal de horas de formaci\u00f3n presencial: 25,0<br \/>\nTotal de horas de preparaci\u00f3n de la formaci\u00f3n online: 5,5<br \/>\nAsistencia m\u00e1xima en clase: 20 participantes<\/p>","protected":false},"excerpt":{"rendered":"<p>Taller de 3 d\u00edas, del 27 al 29 de octubre de 2025, Williams Lake, BC, Canad\u00e1<\/p>","protected":false},"featured_media":3577,"template":"","meta":[],"product_brand":[],"product_cat":[40],"product_tag":[],"class_list":{"0":"post-3356","1":"product","2":"type-product","3":"status-publish","4":"has-post-thumbnail","6":"product_cat-workshops","8":"first","9":"instock","10":"virtual","11":"taxable","12":"purchasable","13":"product-type-simple"},"_links":{"self":[{"href":"https:\/\/metcomtech.com\/es\/wp-json\/wp\/v2\/product\/3356","targetHints":{"allow":["GET"]}}],"collection":[{"href":"https:\/\/metcomtech.com\/es\/wp-json\/wp\/v2\/product"}],"about":[{"href":"https:\/\/metcomtech.com\/es\/wp-json\/wp\/v2\/types\/product"}],"wp:featuredmedia":[{"embeddable":true,"href":"https:\/\/metcomtech.com\/es\/wp-json\/wp\/v2\/media\/3577"}],"wp:attachment":[{"href":"https:\/\/metcomtech.com\/es\/wp-json\/wp\/v2\/media?parent=3356"}],"wp:term":[{"taxonomy":"product_brand","embeddable":true,"href":"https:\/\/metcomtech.com\/es\/wp-json\/wp\/v2\/product_brand?post=3356"},{"taxonomy":"product_cat","embeddable":true,"href":"https:\/\/metcomtech.com\/es\/wp-json\/wp\/v2\/product_cat?post=3356"},{"taxonomy":"product_tag","embeddable":true,"href":"https:\/\/metcomtech.com\/es\/wp-json\/wp\/v2\/product_tag?post=3356"}],"curies":[{"name":"gracias","href":"https:\/\/api.w.org\/{rel}","templated":true}]}}