{"id":3669,"date":"2025-11-11T18:50:33","date_gmt":"2025-11-11T18:50:33","guid":{"rendered":"https:\/\/metcomtech.com\/?post_type=product&#038;p=3669"},"modified":"2025-11-11T20:14:20","modified_gmt":"2025-11-11T20:14:20","slug":"amebley","status":"publish","type":"product","link":"https:\/\/metcomtech.com\/es\/producto\/amebley\/","title":{"rendered":"Programa de capacitaci\u00f3n completo que cubre operaciones de molienda de (S)AG, molino de bolas y molino de barras (pago trimestral)"},"content":{"rendered":"<p><span style=\"color: #339966;\">Detalles del pago de cuotas trimestrales: $4435 \u2013 10% descuento = $3991 \/ 4 = <strong>Pagos mensuales de $997.75<\/strong><\/span><\/p>\n<p>Este programa incluye los 22 m\u00f3dulos de capacitaci\u00f3n y cubre AG\/SAG, fresado de bolas y fresado de barras.<br \/>\nEl tiempo estimado de finalizaci\u00f3n es de aproximadamente 64 horas.<\/p>\n<h2><strong>Incluye:<\/strong><\/h2>\n<ul>\n<li>M\u00f3dulos de capacitaci\u00f3n Metcom 1-22 <em>(ver descripciones a continuaci\u00f3n)<\/em><\/li>\n<li>Registro y acceso online durante 1 a\u00f1o*<\/li>\n<li>Certificado de finalizaci\u00f3n del programa del Instituto de Ingenier\u00eda de Canad\u00e1<\/li>\n<li>6.4 CEU&#039;s (Unidades de Educaci\u00f3n Continua)<\/li>\n<li>Apoyo a la formaci\u00f3n<\/li>\n<li>Apoyo limitado en la aplicaci\u00f3n de los m\u00e9todos aprendidos en la capacitaci\u00f3n a su operaci\u00f3n<\/li>\n<li>Programa de equilibrio de masa de circuitos inform\u00e1ticos (m\u00f3dulo 16)<\/li>\n<li>Actualizaciones de materiales y software de capacitaci\u00f3n.<\/li>\n<\/ul>\n<p>* Tarifa de renovaci\u00f3n $195\/a\u00f1o despu\u00e9s del primer a\u00f1o para mantener el acceso.<\/p>\n<h2><strong>M\u00f3dulos incluidos:<\/strong><\/h2>\n<p><strong>1. Introducci\u00f3n al Sistema Metcom<\/strong><br \/>\nDar a conocer las razones econ\u00f3micas y t\u00e9cnicas para aplicar el Sistema de Metcom a las operaciones de la planta de molienda.<\/p>\n<p><strong>2. Demanda de Potencia en Molinos<\/strong><br \/>\nDeterminar las caracter\u00edsticas y capacidades de la demanda de potencia en la molienda de barras de bolas y molinos AG\/SAG<\/p>\n<p><strong>3. Mediciones de Potencia y Nivel de Carga<\/strong><br \/>\nMedir la demanda de potencia y el nivel de carga de la molienda de barra de bolas y AG\/SAG.<\/p>\n<p><strong>4. Eficiencia en el \u00cdndice de Trabajo<\/strong><br \/>\nPara determinar los c\u00e1lculos de \u00edndice de trabajo para la evaluaci\u00f3n de la eficiencia de la molienda de circuito, como el desarrollado inicialmente por el Sr. Fred Bond.<\/p>\n<p><strong>5. Rendimiento Funcional de Molienda de Bola<\/strong><br \/>\nDeterminar el rendimiento del circuito de molienda de bola en t\u00e9rminos de los elementos de la ecuaci\u00f3n de rendimiento funcional.<\/p>\n<p><strong>6. Molienda y Econom\u00eda de la Planta<\/strong><br \/>\nRelacionar el rendimiento del circuito de molienda al costo de molienda y a la econom\u00eda general de la planta.<\/p>\n<p><strong>7. Rendimiento del Hidrociclon<\/strong><br \/>\nCaracterizar cuantitativamente el rendimiento del cicl\u00f3n.<\/p>\n<p><strong>8. Ajustes del Hidrociclon<\/strong><br \/>\nHacer ajustes a los ciclones para alcanzar el rendimiento deseado.<\/p>\n<p><strong>9. Bombeo de Pulpa<\/strong><br \/>\nCaracterizar el rendimiento de la bomba de pulpa y hacer ajustes para alcanzar el rendimiento deseado.<\/p>\n<p><strong>10. Datos Existentes y Datos Requeridos<\/strong><br \/>\nListar datos requeridos y compilar datos existentes del circuito de molienda.<\/p>\n<p><strong>11. Gu\u00eda de Muestreo en la Planta y Estudio de Circuitos<\/strong><br \/>\nDise\u00f1ar, planear y llevar a cabo estudios de muestreos del circuito de molienda.<\/p>\n<p><strong>12. An\u00e1lisis y Manejo de Muestreo<\/strong><br \/>\nDesarrollar procedimientos para llevar a cabo an\u00e1lisis de los estudios de las muestras del circuito.<\/p>\n<p><strong>13. Introducci\u00f3n a las Pruebas de Molibilidad<\/strong><br \/>\nIdentificar los diferentes objetivos y tipos de pruebas de molibilidad.<\/p>\n<p><strong>14. Pruebas de Molibilidad de Bond<\/strong><br \/>\nLlevar a cabo pruebas de molibilidad de Bond en la molienda de barra y bola.<\/p>\n<p><strong>15. Pruebas de Molibilidad en Lote<\/strong><br \/>\nDesarrollar procedimientos para llevar a cabo pruebas de molibilidad en el sitio.<\/p>\n<p><strong>16. C\u00e1lculos de Balance en Masa<\/strong><br \/>\nEjecutar c\u00e1lculos del balance de masa computarizados.<\/p>\n<p><strong>17. Evaluaci\u00f3n de Molienda de Barra<\/strong><br \/>\nEvaluar variables de dise\u00f1o alternativo y condiciones operativas para la molienda de barra.<\/p>\n<p><strong>18. Evaluaci\u00f3n del Circuito de Clasificaci\u00f3n<\/strong><br \/>\nEvaluar variables de dise\u00f1o alternativo del circuito de molienda y condiciones operativas relacionadas a la eficiencia del sistema de clasificaci\u00f3n.<\/p>\n<p><strong>19. Evaluaci\u00f3n de la Molienda del Molino de Bolas<\/strong><br \/>\nEvaluar variables de dise\u00f1o alternativo del circuito de molienda de bola y condiciones operativas relacionadas a la eficiencia de la molienda de bola.<\/p>\n<p><strong>20. Evaluaci\u00f3n de la Disposici\u00f3n de Circuitos<\/strong><br \/>\nEvaluar la disposici\u00f3n de diferentes circuitos de molienda en t\u00e9rminos de su sistema de clasificaci\u00f3n, molienda y eficiencia general del circuito.<\/p>\n<p><strong>21. Control del Circuito de Molienda<\/strong><br \/>\nDefinir los prop\u00f3sitos de controlar el proceso de molienda, identificar disturbios y acciones de correcci\u00f3n apropiadas, especificar un sistema de control y calcular los beneficios econ\u00f3micos de la mejora del control.<\/p>\n<p><strong>22. Evaluaci\u00f3n de la Molienda Aut\u00f3gena y Semi-Autogena<\/strong><br \/>\nDesarrollado para el personal de la planta metal\u00fargica y la gesti\u00f3n de las operaciones, as\u00ed como aquellos que los apoyan (por ejemplo, los departamentos t\u00e9cnicos y proveedores). Este m\u00f3dulo proporciona los conocimientos esenciales y un conjunto de habilidades para gestionar con eficacia AG \/ SAG<\/p>","protected":false},"excerpt":{"rendered":"<p>Quarterly Installment Payment Details:\u00a0 $4435 &#8211; 10% discount = $3991 \/ 4\u00a0 = Monthly payments of $997.75 This program includes all 22 training modules and covers AG\/SAG, ball milling and rod milling. The estimated completion time is approximately 64 hours. Includes: Metcom Training Modules 1-22 (see descriptions below) Registration and online access for 1 year* [&hellip;]<\/p>\n","protected":false},"featured_media":1044,"template":"","meta":[],"product_brand":[],"product_cat":[25],"product_tag":[],"class_list":{"0":"post-3669","1":"product","2":"type-product","3":"status-publish","4":"has-post-thumbnail","6":"product_cat-training-programs","7":"pa_language-english","8":"pa_language-spanish","9":"pa_language-french","11":"first","12":"instock","13":"taxable","14":"shipping-taxable","15":"purchasable","16":"product-type-simple"},"_links":{"self":[{"href":"https:\/\/metcomtech.com\/es\/wp-json\/wp\/v2\/product\/3669","targetHints":{"allow":["GET"]}}],"collection":[{"href":"https:\/\/metcomtech.com\/es\/wp-json\/wp\/v2\/product"}],"about":[{"href":"https:\/\/metcomtech.com\/es\/wp-json\/wp\/v2\/types\/product"}],"wp:featuredmedia":[{"embeddable":true,"href":"https:\/\/metcomtech.com\/es\/wp-json\/wp\/v2\/media\/1044"}],"wp:attachment":[{"href":"https:\/\/metcomtech.com\/es\/wp-json\/wp\/v2\/media?parent=3669"}],"wp:term":[{"taxonomy":"product_brand","embeddable":true,"href":"https:\/\/metcomtech.com\/es\/wp-json\/wp\/v2\/product_brand?post=3669"},{"taxonomy":"product_cat","embeddable":true,"href":"https:\/\/metcomtech.com\/es\/wp-json\/wp\/v2\/product_cat?post=3669"},{"taxonomy":"product_tag","embeddable":true,"href":"https:\/\/metcomtech.com\/es\/wp-json\/wp\/v2\/product_tag?post=3669"}],"curies":[{"name":"gracias","href":"https:\/\/api.w.org\/{rel}","templated":true}]}}