{"id":952,"date":"2021-12-13T16:36:23","date_gmt":"2021-12-13T16:36:23","guid":{"rendered":"https:\/\/moodle.localhost\/wp\/?post_type=product&#038;p=952"},"modified":"2024-01-08T16:17:23","modified_gmt":"2024-01-08T16:17:23","slug":"classification-system-efficiency-cse-training-program","status":"publish","type":"product","link":"https:\/\/metcomtech.com\/es\/producto\/classification-system-efficiency-cse-training-program\/","title":{"rendered":"Programa de formaci\u00f3n sobre eficiencia del sistema de clasificaci\u00f3n (CSE)"},"content":{"rendered":"<p>Este programa de 5 m\u00f3dulos proporciona todos los pasos para calcular y aumentar la eficiencia del sistema de clasificaci\u00f3n (CSE) de los circuitos de molino de bolas.<br \/>\nEl tiempo estimado de finalizaci\u00f3n es de aproximadamente 16 horas.<\/p>\n<h2><strong>Incluye:<br \/>\n<\/strong><\/h2>\n<ul>\n<li>M\u00f3dulos de capacitaci\u00f3n Metcom 5, 7, 8, 9, 18 (consulte las descripciones a continuaci\u00f3n)<\/li>\n<li>Registro y acceso online durante 1 a\u00f1o*<\/li>\n<li>Certificado de finalizaci\u00f3n del programa del Instituto de Ingenier\u00eda de Canad\u00e1<\/li>\n<li>1.6 CEU&#039;s (Unidades de Educaci\u00f3n Continua)<\/li>\n<li>Apoyo a la formaci\u00f3n<\/li>\n<li>Apoyo limitado en la aplicaci\u00f3n de los m\u00e9todos aprendidos en la capacitaci\u00f3n a su operaci\u00f3n<\/li>\n<li>Actualizaciones de materiales y software de capacitaci\u00f3n* Tarifa de renovaci\u00f3n de $95\/a\u00f1o despu\u00e9s del primer a\u00f1o para mantener el acceso.<\/li>\n<\/ul>\n<h2><strong>M\u00f3dulos incluidos:<\/strong><\/h2>\n<p><strong>5. Rendimiento Funcional de Molienda de Bola<\/strong><br \/>\nDeterminar el rendimiento del circuito de molienda de bola en t\u00e9rminos de los elementos de la ecuaci\u00f3n de rendimiento funcional.<\/p>\n<p><strong>7. Rendimiento del Hidrociclon<\/strong><br \/>\nCaracterizar cuantitativamente el rendimiento del cicl\u00f3n.<\/p>\n<p><strong>8. Ajustes del Hidrociclon<\/strong><br \/>\nHacer ajustes a los ciclones para alcanzar el rendimiento deseado.<\/p>\n<p><strong>9. Bombeo de Pulpa<\/strong><br \/>\nCaracterizar el rendimiento de la bomba de pulpa y hacer ajustes para alcanzar el rendimiento deseado.<\/p>\n<p><strong>18. Evaluaci\u00f3n del Circuito de Clasificaci\u00f3n<\/strong><br \/>\nEvaluar variables de dise\u00f1o alternativo del circuito de molienda y condiciones operativas relacionadas a la eficiencia del sistema de clasificaci\u00f3n.<\/p>","protected":false},"excerpt":{"rendered":"<p>This 5 module program provides all the steps to calculate and increase the Classification System Efficiency (CSE) of ball milling circuits. The estimated completion time is approximately 16 hours. Includes: Metcom Training Modules 5, 7, 8 ,9, 18 (see descriptions below) Registration and online access for 1 year* Certificate of Program Completion from the Engineering [&hellip;]<\/p>\n","protected":false},"featured_media":1060,"template":"","meta":[],"product_brand":[],"product_cat":[25],"product_tag":[],"class_list":{"0":"post-952","1":"product","2":"type-product","3":"status-publish","4":"has-post-thumbnail","6":"product_cat-training-programs","7":"pa_language-english","8":"pa_language-spanish","9":"pa_language-french","11":"first","12":"instock","13":"taxable","14":"shipping-taxable","15":"purchasable","16":"product-type-variable","17":"has-default-attributes"},"_links":{"self":[{"href":"https:\/\/metcomtech.com\/es\/wp-json\/wp\/v2\/product\/952","targetHints":{"allow":["GET"]}}],"collection":[{"href":"https:\/\/metcomtech.com\/es\/wp-json\/wp\/v2\/product"}],"about":[{"href":"https:\/\/metcomtech.com\/es\/wp-json\/wp\/v2\/types\/product"}],"wp:featuredmedia":[{"embeddable":true,"href":"https:\/\/metcomtech.com\/es\/wp-json\/wp\/v2\/media\/1060"}],"wp:attachment":[{"href":"https:\/\/metcomtech.com\/es\/wp-json\/wp\/v2\/media?parent=952"}],"wp:term":[{"taxonomy":"product_brand","embeddable":true,"href":"https:\/\/metcomtech.com\/es\/wp-json\/wp\/v2\/product_brand?post=952"},{"taxonomy":"product_cat","embeddable":true,"href":"https:\/\/metcomtech.com\/es\/wp-json\/wp\/v2\/product_cat?post=952"},{"taxonomy":"product_tag","embeddable":true,"href":"https:\/\/metcomtech.com\/es\/wp-json\/wp\/v2\/product_tag?post=952"}],"curies":[{"name":"gracias","href":"https:\/\/api.w.org\/{rel}","templated":true}]}}