{"id":953,"date":"2021-12-13T16:37:16","date_gmt":"2021-12-13T16:37:16","guid":{"rendered":"https:\/\/moodle.localhost\/wp\/?post_type=product&#038;p=953"},"modified":"2024-01-08T16:16:42","modified_gmt":"2024-01-08T16:16:42","slug":"evaluation-of-autogenous-and-semi-autogenous-grinding","status":"publish","type":"product","link":"https:\/\/metcomtech.com\/es\/producto\/evaluation-of-autogenous-and-semi-autogenous-grinding\/","title":{"rendered":"Evaluaci\u00f3n de molienda aut\u00f3gena y semiaut\u00f3gena (SAG)"},"content":{"rendered":"<p>Este programa de m\u00f3dulo \u00fanico proporciona conocimientos y habilidades esenciales para gestionar eficazmente el rendimiento del procesamiento de circuitos AG\/SAG. Incluye tres prefacios que abordan el consumo de energ\u00eda del molino (S)AG, las mediciones de potencia y nivel de carga de (S)AG y el an\u00e1lisis del \u00edndice de trabajo del molino de bolas (S)AG.<br \/>\nEl tiempo estimado de realizaci\u00f3n es de aproximadamente 4 horas.<\/p>\n<h2><strong>Incluye:<\/strong><\/h2>\n<ul>\n<li>M\u00f3dulo de capacitaci\u00f3n Metcom 22 <em>(ver descripci\u00f3n a continuaci\u00f3n)<\/em><\/li>\n<li>Registro y acceso online durante 1 a\u00f1o*<\/li>\n<li>Certificado de finalizaci\u00f3n del programa del Instituto de Ingenier\u00eda de Canad\u00e1<\/li>\n<li>0,4 CEU (Unidades de Educaci\u00f3n Continua)<\/li>\n<li>Apoyo a la formaci\u00f3n<\/li>\n<li>Apoyo limitado en la aplicaci\u00f3n de los m\u00e9todos aprendidos en la capacitaci\u00f3n a su operaci\u00f3n<\/li>\n<li>Actualizaciones de materiales y software de capacitaci\u00f3n.<\/li>\n<\/ul>\n<p>* Tarifa de renovaci\u00f3n de $95\/a\u00f1o despu\u00e9s del primer a\u00f1o para mantener el acceso.<\/p>\n<h2><strong>M\u00f3dulos incluidos:<\/strong><\/h2>\n<p><strong>22. Evaluaci\u00f3n de molienda aut\u00f3gena y semiaut\u00f3gena<\/strong><br \/>\nDesarrollado para el personal de la planta metal\u00fargica y la gesti\u00f3n de las operaciones, as\u00ed como aquellos que los apoyan (por ejemplo, los departamentos t\u00e9cnicos y proveedores). Este m\u00f3dulo proporciona los conocimientos esenciales y un conjunto de habilidades para gestionar con eficacia AG \/ SAG<\/p>","protected":false},"excerpt":{"rendered":"<p>This single module program provides essential knowledge and skills to effectively manage AG\/SAG circuit processing performance. It includes 3 prefaces which address (S)AG mill power draw, (S)AG power and charge level measurements, and Work Index Analysis of (S)AG-ball milling. The estimated completion time is approximately 4 hours. Includes: Metcom Training Module 22 (see description below) [&hellip;]<\/p>\n","protected":false},"featured_media":1064,"template":"","meta":[],"product_brand":[],"product_cat":[25],"product_tag":[],"class_list":{"0":"post-953","1":"product","2":"type-product","3":"status-publish","4":"has-post-thumbnail","6":"product_cat-training-programs","7":"pa_language-english","8":"pa_language-spanish","9":"pa_language-french","11":"first","12":"instock","13":"taxable","14":"shipping-taxable","15":"purchasable","16":"product-type-variable","17":"has-default-attributes"},"_links":{"self":[{"href":"https:\/\/metcomtech.com\/es\/wp-json\/wp\/v2\/product\/953","targetHints":{"allow":["GET"]}}],"collection":[{"href":"https:\/\/metcomtech.com\/es\/wp-json\/wp\/v2\/product"}],"about":[{"href":"https:\/\/metcomtech.com\/es\/wp-json\/wp\/v2\/types\/product"}],"wp:featuredmedia":[{"embeddable":true,"href":"https:\/\/metcomtech.com\/es\/wp-json\/wp\/v2\/media\/1064"}],"wp:attachment":[{"href":"https:\/\/metcomtech.com\/es\/wp-json\/wp\/v2\/media?parent=953"}],"wp:term":[{"taxonomy":"product_brand","embeddable":true,"href":"https:\/\/metcomtech.com\/es\/wp-json\/wp\/v2\/product_brand?post=953"},{"taxonomy":"product_cat","embeddable":true,"href":"https:\/\/metcomtech.com\/es\/wp-json\/wp\/v2\/product_cat?post=953"},{"taxonomy":"product_tag","embeddable":true,"href":"https:\/\/metcomtech.com\/es\/wp-json\/wp\/v2\/product_tag?post=953"}],"curies":[{"name":"gracias","href":"https:\/\/api.w.org\/{rel}","templated":true}]}}