{"id":954,"date":"2021-12-13T16:38:19","date_gmt":"2021-12-13T16:38:19","guid":{"rendered":"https:\/\/moodle.localhost\/wp\/?post_type=product&#038;p=954"},"modified":"2024-01-08T16:16:02","modified_gmt":"2024-01-08T16:16:02","slug":"slurry-pumping-program","status":"publish","type":"product","link":"https:\/\/metcomtech.com\/es\/producto\/slurry-pumping-program\/","title":{"rendered":"Programa de bombeo de pulpa"},"content":{"rendered":"<p>Este programa de m\u00f3dulo \u00fanico cubre los sistemas de bombeo de lodos, lo que le permite caracterizar el rendimiento de la bomba de lodos y realizar ajustes para lograr el rendimiento deseado.<br \/>\nEl tiempo estimado de realizaci\u00f3n es de aproximadamente 3 horas.<\/p>\n<h2><strong>Incluye:<\/strong><\/h2>\n<ul>\n<li>M\u00f3dulo de capacitaci\u00f3n Metcom 9 <em>(ver descripci\u00f3n a continuaci\u00f3n)<\/em><\/li>\n<li>Registro y acceso online durante 1 a\u00f1o*<\/li>\n<li>Certificado de finalizaci\u00f3n del programa del Instituto de Ingenier\u00eda de Canad\u00e1<\/li>\n<li>0,4 CEU (Unidades de Educaci\u00f3n Continua)<\/li>\n<li>Apoyo a la formaci\u00f3n<\/li>\n<li>Apoyo limitado en la aplicaci\u00f3n de los m\u00e9todos aprendidos en la capacitaci\u00f3n a su operaci\u00f3n<\/li>\n<li>Actualizaciones de materiales y software de capacitaci\u00f3n.<\/li>\n<\/ul>\n<p>* Tarifa de renovaci\u00f3n de $95\/a\u00f1o despu\u00e9s del primer a\u00f1o para mantener el acceso.<\/p>\n<h2><strong>M\u00f3dulos incluidos:<\/strong><\/h2>\n<ul>\n<li><strong>9. Bombeo de Pulpa<\/strong><br \/>\nCaracterizar el rendimiento de la bomba de pulpa y hacer ajustes para alcanzar el rendimiento deseado.<\/li>\n<\/ul>","protected":false},"excerpt":{"rendered":"<p>This single module program covers slurry pumping systems, allowing you to characterize slurry pump performance and make adjustments to achieve desired performance. The estimated completion time is approximately 3 hours. Includes: Metcom Training Module 9 (see description below) Registration and online access for 1 year* Certificate of Program Completion from the Engineering Institute of Canada [&hellip;]<\/p>\n","protected":false},"featured_media":1002,"template":"","meta":[],"product_brand":[],"product_cat":[25],"product_tag":[],"class_list":{"0":"post-954","1":"product","2":"type-product","3":"status-publish","4":"has-post-thumbnail","6":"product_cat-training-programs","7":"pa_language-english","8":"pa_language-spanish","9":"pa_language-french","11":"first","12":"instock","13":"taxable","14":"shipping-taxable","15":"purchasable","16":"product-type-variable","17":"has-default-attributes"},"_links":{"self":[{"href":"https:\/\/metcomtech.com\/es\/wp-json\/wp\/v2\/product\/954","targetHints":{"allow":["GET"]}}],"collection":[{"href":"https:\/\/metcomtech.com\/es\/wp-json\/wp\/v2\/product"}],"about":[{"href":"https:\/\/metcomtech.com\/es\/wp-json\/wp\/v2\/types\/product"}],"wp:featuredmedia":[{"embeddable":true,"href":"https:\/\/metcomtech.com\/es\/wp-json\/wp\/v2\/media\/1002"}],"wp:attachment":[{"href":"https:\/\/metcomtech.com\/es\/wp-json\/wp\/v2\/media?parent=954"}],"wp:term":[{"taxonomy":"product_brand","embeddable":true,"href":"https:\/\/metcomtech.com\/es\/wp-json\/wp\/v2\/product_brand?post=954"},{"taxonomy":"product_cat","embeddable":true,"href":"https:\/\/metcomtech.com\/es\/wp-json\/wp\/v2\/product_cat?post=954"},{"taxonomy":"product_tag","embeddable":true,"href":"https:\/\/metcomtech.com\/es\/wp-json\/wp\/v2\/product_tag?post=954"}],"curies":[{"name":"gracias","href":"https:\/\/api.w.org\/{rel}","templated":true}]}}