{"id":955,"date":"2021-12-13T16:39:15","date_gmt":"2021-12-13T16:39:15","guid":{"rendered":"https:\/\/moodle.localhost\/wp\/?post_type=product&#038;p=955"},"modified":"2024-01-08T16:15:05","modified_gmt":"2024-01-08T16:15:05","slug":"measures-of-industrial-grinding-efficiency","status":"publish","type":"product","link":"https:\/\/metcomtech.com\/es\/producto\/measures-of-industrial-grinding-efficiency\/","title":{"rendered":"Medidas de eficiencia de molienda industrial"},"content":{"rendered":"<p>Este programa de dos m\u00f3dulos aborda los c\u00e1lculos del \u00edndice de trabajo para evaluar la eficiencia del circuito de molienda, as\u00ed como el an\u00e1lisis de rendimiento funcional de los circuitos de molinos de bolas.<br \/>\nEl tiempo estimado de realizaci\u00f3n es de aproximadamente 6 horas.<\/p>\n<h2><strong>Incluye:<\/strong><\/h2>\n<ul>\n<li>M\u00f3dulos de capacitaci\u00f3n 4 y 5 de Metcom <em>(ver descripciones a continuaci\u00f3n)<\/em><\/li>\n<li>Registro y acceso online durante 1 a\u00f1o*<\/li>\n<li>Certificado de finalizaci\u00f3n del programa del Instituto de Ingenier\u00eda de Canad\u00e1<\/li>\n<li>0,6 CEU (Unidades de Educaci\u00f3n Continua)<\/li>\n<li>Apoyo a la formaci\u00f3n<\/li>\n<li>Apoyo limitado en la aplicaci\u00f3n de los m\u00e9todos aprendidos en la capacitaci\u00f3n a su operaci\u00f3n<\/li>\n<li>Actualizaciones de materiales y software de capacitaci\u00f3n.<\/li>\n<\/ul>\n<p>* Tarifa de renovaci\u00f3n de $95\/a\u00f1o despu\u00e9s del primer a\u00f1o para mantener el acceso.<\/p>\n<h2><strong>M\u00f3dulos incluidos:<\/strong><\/h2>\n<p><strong>4. Eficiencia en el \u00cdndice de Trabajo<\/strong><br \/>\nPara determinar los c\u00e1lculos de \u00edndice de trabajo para la evaluaci\u00f3n de la eficiencia de la molienda de circuito, como el desarrollado inicialmente por el Sr. Fred Bond.<\/p>\n<p><strong>5. Rendimiento Funcional de Molienda de Bola<\/strong><br \/>\nDeterminar el rendimiento del circuito de molienda de bola en t\u00e9rminos de los elementos de la ecuaci\u00f3n de rendimiento funcional.<\/p>","protected":false},"excerpt":{"rendered":"<p>This two-module program addresses Work Index calculations for evaluating grinding circuit efficiency as well as Functional Performance Analysis of ball mill circuits. The estimated completion time is approximately 6 hours. Includes: Metcom Training Modules 4 and 5 (see descriptions below) Registration and online access for 1 year* Certificate of Program Completion from the Engineering Institute [&hellip;]<\/p>\n","protected":false},"featured_media":1067,"template":"","meta":[],"product_brand":[],"product_cat":[25],"product_tag":[],"class_list":{"0":"post-955","1":"product","2":"type-product","3":"status-publish","4":"has-post-thumbnail","6":"product_cat-training-programs","7":"pa_language-english","8":"pa_language-spanish","9":"pa_language-french","11":"first","12":"instock","13":"taxable","14":"shipping-taxable","15":"purchasable","16":"product-type-variable","17":"has-default-attributes"},"_links":{"self":[{"href":"https:\/\/metcomtech.com\/es\/wp-json\/wp\/v2\/product\/955","targetHints":{"allow":["GET"]}}],"collection":[{"href":"https:\/\/metcomtech.com\/es\/wp-json\/wp\/v2\/product"}],"about":[{"href":"https:\/\/metcomtech.com\/es\/wp-json\/wp\/v2\/types\/product"}],"wp:featuredmedia":[{"embeddable":true,"href":"https:\/\/metcomtech.com\/es\/wp-json\/wp\/v2\/media\/1067"}],"wp:attachment":[{"href":"https:\/\/metcomtech.com\/es\/wp-json\/wp\/v2\/media?parent=955"}],"wp:term":[{"taxonomy":"product_brand","embeddable":true,"href":"https:\/\/metcomtech.com\/es\/wp-json\/wp\/v2\/product_brand?post=955"},{"taxonomy":"product_cat","embeddable":true,"href":"https:\/\/metcomtech.com\/es\/wp-json\/wp\/v2\/product_cat?post=955"},{"taxonomy":"product_tag","embeddable":true,"href":"https:\/\/metcomtech.com\/es\/wp-json\/wp\/v2\/product_tag?post=955"}],"curies":[{"name":"gracias","href":"https:\/\/api.w.org\/{rel}","templated":true}]}}