{"id":956,"date":"2021-12-13T16:40:08","date_gmt":"2021-12-13T16:40:08","guid":{"rendered":"https:\/\/moodle.localhost\/wp\/?post_type=product&#038;p=956"},"modified":"2024-01-08T16:13:49","modified_gmt":"2024-01-08T16:13:49","slug":"functional-performance-of-ball-milling-circuits","status":"publish","type":"product","link":"https:\/\/metcomtech.com\/es\/producto\/functional-performance-of-ball-milling-circuits\/","title":{"rendered":"Rendimiento funcional de los circuitos de molienda de bolas"},"content":{"rendered":"<p>(M\u00f3dulo 5)<\/p>\n<p>En este programa de un solo m\u00f3dulo, aprender\u00e1 a caracterizar el rendimiento de los circuitos de molino de bolas utilizando la ecuaci\u00f3n de rendimiento funcional.<\/p>","protected":false},"excerpt":{"rendered":"<p>En este programa de un solo m\u00f3dulo, aprender\u00e1 a caracterizar el rendimiento de los circuitos de molino de bolas utilizando la ecuaci\u00f3n de rendimiento funcional.<br \/>\nEl tiempo estimado de finalizaci\u00f3n es de aproximadamente 2,5 horas.<\/p>\n<h2><strong>Incluye:<\/strong><\/h2>\n<ul>\n<li>M\u00f3dulo 5 de capacitaci\u00f3n de Metcom <em>(ver descripci\u00f3n a continuaci\u00f3n)<\/em><\/li>\n<li>Registro y acceso online durante 1 a\u00f1o*<\/li>\n<li>Certificado de finalizaci\u00f3n del programa del Instituto de Ingenier\u00eda de Canad\u00e1<\/li>\n<li>0,25 CEU (Unidades de Educaci\u00f3n Continua)<\/li>\n<li>Apoyo a la formaci\u00f3n<\/li>\n<li>Apoyo limitado en la aplicaci\u00f3n de los m\u00e9todos aprendidos en la capacitaci\u00f3n a su operaci\u00f3n<\/li>\n<li>Actualizaciones de materiales y software de capacitaci\u00f3n.<\/li>\n<\/ul>\n<p>* Tarifa de renovaci\u00f3n de $95\/a\u00f1o despu\u00e9s del primer a\u00f1o para mantener el acceso.<\/p>\n<h2><strong>M\u00f3dulos incluidos:<\/strong><\/h2>\n<p><strong>5. Rendimiento Funcional de Molienda de Bola<\/strong><br \/>\nDeterminar el rendimiento del circuito de molienda de bola en t\u00e9rminos de los elementos de la ecuaci\u00f3n de rendimiento funcional.<\/p>","protected":false},"featured_media":1065,"template":"","meta":[],"product_brand":[],"product_cat":[25],"product_tag":[],"class_list":{"0":"post-956","1":"product","2":"type-product","3":"status-publish","4":"has-post-thumbnail","6":"product_cat-training-programs","7":"pa_language-english","8":"pa_language-spanish","9":"pa_language-french","11":"first","12":"instock","13":"taxable","14":"shipping-taxable","15":"purchasable","16":"product-type-variable","17":"has-default-attributes"},"_links":{"self":[{"href":"https:\/\/metcomtech.com\/es\/wp-json\/wp\/v2\/product\/956","targetHints":{"allow":["GET"]}}],"collection":[{"href":"https:\/\/metcomtech.com\/es\/wp-json\/wp\/v2\/product"}],"about":[{"href":"https:\/\/metcomtech.com\/es\/wp-json\/wp\/v2\/types\/product"}],"wp:featuredmedia":[{"embeddable":true,"href":"https:\/\/metcomtech.com\/es\/wp-json\/wp\/v2\/media\/1065"}],"wp:attachment":[{"href":"https:\/\/metcomtech.com\/es\/wp-json\/wp\/v2\/media?parent=956"}],"wp:term":[{"taxonomy":"product_brand","embeddable":true,"href":"https:\/\/metcomtech.com\/es\/wp-json\/wp\/v2\/product_brand?post=956"},{"taxonomy":"product_cat","embeddable":true,"href":"https:\/\/metcomtech.com\/es\/wp-json\/wp\/v2\/product_cat?post=956"},{"taxonomy":"product_tag","embeddable":true,"href":"https:\/\/metcomtech.com\/es\/wp-json\/wp\/v2\/product_tag?post=956"}],"curies":[{"name":"gracias","href":"https:\/\/api.w.org\/{rel}","templated":true}]}}