{"id":959,"date":"2021-12-13T17:19:42","date_gmt":"2021-12-13T17:19:42","guid":{"rendered":"https:\/\/moodle.localhost\/wp\/product\/module-1-introduction-to-the-metcom-system"},"modified":"2024-12-30T16:48:40","modified_gmt":"2024-12-30T16:48:40","slug":"module-1-introduction-to-the-metcom-system","status":"publish","type":"product","link":"https:\/\/metcomtech.com\/es\/producto\/module-1-introduction-to-the-metcom-system\/","title":{"rendered":"M\u00f3dulo 1 - Introducci\u00f3n al Sistema Metcom"},"content":{"rendered":"<p>Este m\u00f3dulo le presentar\u00e1 el sistema Metcom. Explica las razones t\u00e9cnicas y econ\u00f3micas para aplicar el Sistema Metcom a las operaciones de molienda de plantas.<\/p>\n<p>Horas estimadas de realizaci\u00f3n: 0,75<\/p>\n<p>M\u00f3dulos de requisitos previos: ninguno<\/p>\n<p><strong>NOTA:<\/strong> Los nuevos participantes de la capacitaci\u00f3n de Metcom deben agregar la tarifa de inscripci\u00f3n \u00fanica de $215.00 con su primer pedido de capacitaci\u00f3n. <\/p>","protected":false},"excerpt":{"rendered":"<p>Este m\u00f3dulo le presentar\u00e1 el sistema Metcom. Explica las razones t\u00e9cnicas y econ\u00f3micas para aplicar el sistema Metcom a las operaciones de molienda de plantas. Horas estimadas para completarlo: 0,75 M\u00f3dulos prerrequisitos: ninguno NOTA: Los nuevos participantes de la capacitaci\u00f3n Metcom deben agregar la tarifa de inscripci\u00f3n \u00fanica de $215.00 con su primer pedido de capacitaci\u00f3n.<\/p>","protected":false},"featured_media":1037,"template":"","meta":[],"product_brand":[],"product_cat":[31],"product_tag":[],"class_list":{"0":"post-959","1":"product","2":"type-product","3":"status-publish","4":"has-post-thumbnail","6":"product_cat-modules","7":"pa_language-english","8":"pa_language-spanish","9":"pa_language-french","11":"first","12":"instock","13":"taxable","14":"shipping-taxable","15":"purchasable","16":"product-type-variable","17":"has-default-attributes"},"_links":{"self":[{"href":"https:\/\/metcomtech.com\/es\/wp-json\/wp\/v2\/product\/959","targetHints":{"allow":["GET"]}}],"collection":[{"href":"https:\/\/metcomtech.com\/es\/wp-json\/wp\/v2\/product"}],"about":[{"href":"https:\/\/metcomtech.com\/es\/wp-json\/wp\/v2\/types\/product"}],"wp:featuredmedia":[{"embeddable":true,"href":"https:\/\/metcomtech.com\/es\/wp-json\/wp\/v2\/media\/1037"}],"wp:attachment":[{"href":"https:\/\/metcomtech.com\/es\/wp-json\/wp\/v2\/media?parent=959"}],"wp:term":[{"taxonomy":"product_brand","embeddable":true,"href":"https:\/\/metcomtech.com\/es\/wp-json\/wp\/v2\/product_brand?post=959"},{"taxonomy":"product_cat","embeddable":true,"href":"https:\/\/metcomtech.com\/es\/wp-json\/wp\/v2\/product_cat?post=959"},{"taxonomy":"product_tag","embeddable":true,"href":"https:\/\/metcomtech.com\/es\/wp-json\/wp\/v2\/product_tag?post=959"}],"curies":[{"name":"gracias","href":"https:\/\/api.w.org\/{rel}","templated":true}]}}