{"id":961,"date":"2021-12-13T17:19:43","date_gmt":"2021-12-13T17:19:43","guid":{"rendered":"https:\/\/moodle.localhost\/wp\/product\/module-3-power-charge-level-measurements"},"modified":"2024-12-30T17:09:09","modified_gmt":"2024-12-30T17:09:09","slug":"module-3-power-charge-level-measurements","status":"publish","type":"product","link":"https:\/\/metcomtech.com\/es\/producto\/module-3-power-charge-level-measurements\/","title":{"rendered":"M\u00f3dulo 3- de Potencia y Nivel de Carga:"},"content":{"rendered":"<p>En este m\u00f3dulo, aprender\u00e1 a medir el consumo de energ\u00eda y la carga volum\u00e9trica de sus molinos a partir de lecturas y mediciones de la planta.<\/p>\n<p>Horas estimadas de realizaci\u00f3n: 2,5<\/p>\n<p>M\u00f3dulos Prerrequisitos: 2<\/p>\n<p><strong>NOTA:<\/strong> Los nuevos participantes de la capacitaci\u00f3n de Metcom deben agregar la tarifa de inscripci\u00f3n \u00fanica de $215.00 con su primer pedido de capacitaci\u00f3n. <\/p>","protected":false},"excerpt":{"rendered":"<p>En este m\u00f3dulo, aprender\u00e1 a medir el consumo de energ\u00eda y la carga volum\u00e9trica de sus molinos a partir de lecturas y mediciones de la planta. Horas estimadas para completarlo: 2,5 M\u00f3dulos necesarios: 2 NOTA: Los nuevos participantes de la capacitaci\u00f3n de Metcom deben agregar la tarifa de inscripci\u00f3n \u00fanica de $215.00 con su primer pedido de capacitaci\u00f3n.<\/p>","protected":false},"featured_media":1037,"template":"","meta":[],"product_brand":[],"product_cat":[31],"product_tag":[],"class_list":{"0":"post-961","1":"product","2":"type-product","3":"status-publish","4":"has-post-thumbnail","6":"product_cat-modules","7":"pa_language-english","8":"pa_language-spanish","9":"pa_language-french","11":"first","12":"instock","13":"sold-individually","14":"taxable","15":"shipping-taxable","16":"purchasable","17":"product-type-variable","18":"has-default-attributes"},"_links":{"self":[{"href":"https:\/\/metcomtech.com\/es\/wp-json\/wp\/v2\/product\/961","targetHints":{"allow":["GET"]}}],"collection":[{"href":"https:\/\/metcomtech.com\/es\/wp-json\/wp\/v2\/product"}],"about":[{"href":"https:\/\/metcomtech.com\/es\/wp-json\/wp\/v2\/types\/product"}],"wp:featuredmedia":[{"embeddable":true,"href":"https:\/\/metcomtech.com\/es\/wp-json\/wp\/v2\/media\/1037"}],"wp:attachment":[{"href":"https:\/\/metcomtech.com\/es\/wp-json\/wp\/v2\/media?parent=961"}],"wp:term":[{"taxonomy":"product_brand","embeddable":true,"href":"https:\/\/metcomtech.com\/es\/wp-json\/wp\/v2\/product_brand?post=961"},{"taxonomy":"product_cat","embeddable":true,"href":"https:\/\/metcomtech.com\/es\/wp-json\/wp\/v2\/product_cat?post=961"},{"taxonomy":"product_tag","embeddable":true,"href":"https:\/\/metcomtech.com\/es\/wp-json\/wp\/v2\/product_tag?post=961"}],"curies":[{"name":"gracias","href":"https:\/\/api.w.org\/{rel}","templated":true}]}}