{"id":964,"date":"2021-12-13T17:19:43","date_gmt":"2021-12-13T17:19:43","guid":{"rendered":"https:\/\/moodle.localhost\/wp\/product\/module-6-grinding-plant-economics"},"modified":"2024-12-30T17:11:55","modified_gmt":"2024-12-30T17:11:55","slug":"module-6-grinding-plant-economics","status":"publish","type":"product","link":"https:\/\/metcomtech.com\/es\/producto\/module-6-grinding-plant-economics\/","title":{"rendered":"M\u00f3dulo 6 - Molienda y Econom\u00eda de la Planta:"},"content":{"rendered":"<p>En este m\u00f3dulo, aprender\u00e1 c\u00f3mo relacionar la eficiencia de molienda con los costos de molienda y calcular\u00e1 el valor del producto del circuito de molienda en su planta. Podr\u00e1 evaluar los efectos de los cambios en el tonelaje y la molienda de la planta, y evaluar diferentes formas de aprovechar las mejoras en la eficiencia de la molienda.<\/p>\n<p>Horas estimadas de realizaci\u00f3n: 3,0<\/p>\n<p>M\u00f3dulos Prerrequisitos: 1<\/p>\n<p><strong>NOTA:<\/strong> Los nuevos participantes de la capacitaci\u00f3n de Metcom deben agregar la tarifa de inscripci\u00f3n \u00fanica de $215.00 con su primer pedido de capacitaci\u00f3n. <\/p>","protected":false},"excerpt":{"rendered":"<p>In this module, you will learn how to relate grinding efficiency to grinding costs and estimate the value of the grinding circuit product in your plant. You will be able to evaluate the effects of changes in plant tonnage and grind, and evaluate different ways of exploiting improvements in grinding efficiency. Estimated Hours for completion: [&hellip;]<\/p>\n","protected":false},"featured_media":1037,"template":"","meta":[],"product_brand":[],"product_cat":[31],"product_tag":[],"class_list":{"0":"post-964","1":"product","2":"type-product","3":"status-publish","4":"has-post-thumbnail","6":"product_cat-modules","7":"pa_language-english","8":"pa_language-spanish","9":"pa_language-french","11":"first","12":"instock","13":"taxable","14":"shipping-taxable","15":"purchasable","16":"product-type-variable","17":"has-default-attributes"},"_links":{"self":[{"href":"https:\/\/metcomtech.com\/es\/wp-json\/wp\/v2\/product\/964","targetHints":{"allow":["GET"]}}],"collection":[{"href":"https:\/\/metcomtech.com\/es\/wp-json\/wp\/v2\/product"}],"about":[{"href":"https:\/\/metcomtech.com\/es\/wp-json\/wp\/v2\/types\/product"}],"wp:featuredmedia":[{"embeddable":true,"href":"https:\/\/metcomtech.com\/es\/wp-json\/wp\/v2\/media\/1037"}],"wp:attachment":[{"href":"https:\/\/metcomtech.com\/es\/wp-json\/wp\/v2\/media?parent=964"}],"wp:term":[{"taxonomy":"product_brand","embeddable":true,"href":"https:\/\/metcomtech.com\/es\/wp-json\/wp\/v2\/product_brand?post=964"},{"taxonomy":"product_cat","embeddable":true,"href":"https:\/\/metcomtech.com\/es\/wp-json\/wp\/v2\/product_cat?post=964"},{"taxonomy":"product_tag","embeddable":true,"href":"https:\/\/metcomtech.com\/es\/wp-json\/wp\/v2\/product_tag?post=964"}],"curies":[{"name":"gracias","href":"https:\/\/api.w.org\/{rel}","templated":true}]}}