{"id":967,"date":"2021-12-13T17:19:43","date_gmt":"2021-12-13T17:19:43","guid":{"rendered":"https:\/\/moodle.localhost\/wp\/product\/module-9-slurry-pumping"},"modified":"2024-12-30T17:05:54","modified_gmt":"2024-12-30T17:05:54","slug":"module-9-slurry-pumping","status":"publish","type":"product","link":"https:\/\/metcomtech.com\/es\/producto\/module-9-slurry-pumping\/","title":{"rendered":"M\u00f3dulo 9 - Bombeo de Pulpa"},"content":{"rendered":"<p>En este m\u00f3dulo se familiarizar\u00e1 con los sistemas de bombeo de pulpa, c\u00f3mo caracterizar el rendimiento de la bomba de pulpa y c\u00f3mo realizar ajustes para lograr el rendimiento deseado.<\/p>\n<p>Horas estimadas de realizaci\u00f3n: 4,0<\/p>\n<p>M\u00f3dulos de requisitos previos: ninguno<\/p>\n<p><strong>NOTA:<\/strong> Los nuevos participantes de la capacitaci\u00f3n de Metcom deben agregar la tarifa de inscripci\u00f3n \u00fanica de $215.00 con su primer pedido de capacitaci\u00f3n. <\/p>","protected":false},"excerpt":{"rendered":"<p>En este m\u00f3dulo, se familiarizar\u00e1 con los sistemas de bombeo de lodos, c\u00f3mo caracterizar el rendimiento de la bomba de lodos y c\u00f3mo realizar ajustes para lograr el rendimiento deseado. Horas estimadas para completar: 4 M\u00f3dulos de requisitos previos: ninguno NOTA: Los nuevos participantes de la capacitaci\u00f3n de Metcom deben agregar la tarifa de inscripci\u00f3n \u00fanica de $215.00 con su primer pedido de capacitaci\u00f3n.<\/p>","protected":false},"featured_media":1037,"template":"","meta":[],"product_brand":[],"product_cat":[31],"product_tag":[],"class_list":{"0":"post-967","1":"product","2":"type-product","3":"status-publish","4":"has-post-thumbnail","6":"product_cat-modules","7":"pa_language-english","8":"pa_language-spanish","9":"pa_language-french","11":"first","12":"instock","13":"taxable","14":"shipping-taxable","15":"purchasable","16":"product-type-variable","17":"has-default-attributes"},"_links":{"self":[{"href":"https:\/\/metcomtech.com\/es\/wp-json\/wp\/v2\/product\/967","targetHints":{"allow":["GET"]}}],"collection":[{"href":"https:\/\/metcomtech.com\/es\/wp-json\/wp\/v2\/product"}],"about":[{"href":"https:\/\/metcomtech.com\/es\/wp-json\/wp\/v2\/types\/product"}],"wp:featuredmedia":[{"embeddable":true,"href":"https:\/\/metcomtech.com\/es\/wp-json\/wp\/v2\/media\/1037"}],"wp:attachment":[{"href":"https:\/\/metcomtech.com\/es\/wp-json\/wp\/v2\/media?parent=967"}],"wp:term":[{"taxonomy":"product_brand","embeddable":true,"href":"https:\/\/metcomtech.com\/es\/wp-json\/wp\/v2\/product_brand?post=967"},{"taxonomy":"product_cat","embeddable":true,"href":"https:\/\/metcomtech.com\/es\/wp-json\/wp\/v2\/product_cat?post=967"},{"taxonomy":"product_tag","embeddable":true,"href":"https:\/\/metcomtech.com\/es\/wp-json\/wp\/v2\/product_tag?post=967"}],"curies":[{"name":"gracias","href":"https:\/\/api.w.org\/{rel}","templated":true}]}}