{"id":968,"date":"2021-12-13T17:19:43","date_gmt":"2021-12-13T17:19:43","guid":{"rendered":"https:\/\/moodle.localhost\/wp\/product\/module-10-existing-required-data"},"modified":"2024-12-30T17:04:27","modified_gmt":"2024-12-30T17:04:27","slug":"module-10-existing-required-data","status":"publish","type":"product","link":"https:\/\/metcomtech.com\/es\/producto\/module-10-existing-required-data\/","title":{"rendered":"M\u00f3dulo10 - Datos Existentes y Datos Requeridos"},"content":{"rendered":"<p>En este m\u00f3dulo, encontrar\u00e1 un resumen de la informaci\u00f3n existente y requerida que necesita sobre el circuito de molienda en su planta para lograr mejoras en el rendimiento de molienda. En particular, aprender\u00e1 c\u00f3mo recopilar datos existentes relevantes sobre circuitos de molienda e identificar los datos requeridos de los estudios de circuitos de molienda.<\/p>\n<p>Horas estimadas de realizaci\u00f3n: 1,0<\/p>\n<p>M\u00f3dulos Prerrequisitos: 1<\/p>\n<p><strong>NOTA:<\/strong> Los nuevos participantes de la capacitaci\u00f3n de Metcom deben agregar la tarifa de inscripci\u00f3n \u00fanica de $215.00 con su primer pedido de capacitaci\u00f3n. <\/p>","protected":false},"excerpt":{"rendered":"<p>In this module, you will find a summary of the existing and required information you need on the grinding circuit in your plant to achieve improvements in grinding performance. In particular, you will learn how to compile relevant existing data on grinding circuits and identify the data required from grinding circuit surveys. Estimated hours for [&hellip;]<\/p>\n","protected":false},"featured_media":1037,"template":"","meta":[],"product_brand":[],"product_cat":[31],"product_tag":[],"class_list":{"0":"post-968","1":"product","2":"type-product","3":"status-publish","4":"has-post-thumbnail","6":"product_cat-modules","7":"pa_language-english","8":"pa_language-spanish","9":"pa_language-french","11":"first","12":"instock","13":"taxable","14":"shipping-taxable","15":"purchasable","16":"product-type-variable","17":"has-default-attributes"},"_links":{"self":[{"href":"https:\/\/metcomtech.com\/es\/wp-json\/wp\/v2\/product\/968","targetHints":{"allow":["GET"]}}],"collection":[{"href":"https:\/\/metcomtech.com\/es\/wp-json\/wp\/v2\/product"}],"about":[{"href":"https:\/\/metcomtech.com\/es\/wp-json\/wp\/v2\/types\/product"}],"wp:featuredmedia":[{"embeddable":true,"href":"https:\/\/metcomtech.com\/es\/wp-json\/wp\/v2\/media\/1037"}],"wp:attachment":[{"href":"https:\/\/metcomtech.com\/es\/wp-json\/wp\/v2\/media?parent=968"}],"wp:term":[{"taxonomy":"product_brand","embeddable":true,"href":"https:\/\/metcomtech.com\/es\/wp-json\/wp\/v2\/product_brand?post=968"},{"taxonomy":"product_cat","embeddable":true,"href":"https:\/\/metcomtech.com\/es\/wp-json\/wp\/v2\/product_cat?post=968"},{"taxonomy":"product_tag","embeddable":true,"href":"https:\/\/metcomtech.com\/es\/wp-json\/wp\/v2\/product_tag?post=968"}],"curies":[{"name":"gracias","href":"https:\/\/api.w.org\/{rel}","templated":true}]}}